{"id":5256,"date":"2017-09-05T11:29:31","date_gmt":"2017-09-05T11:29:31","guid":{"rendered":"https:\/\/original-militaria.com\/?post_type=product&#038;p=5256"},"modified":"2022-01-31T19:04:53","modified_gmt":"2022-01-31T18:04:53","slug":"telefono-de-campana-f33-de-1937-rehusado","status":"publish","type":"product","link":"https:\/\/original-militaria.com\/en\/producto\/telefono-de-campana-f33-de-1937-rehusado\/","title":{"rendered":"Wehrmacht\/ F33 Field Telephone &#8212; Tel\u00e9fono de Campa\u00f1a F33 de &#8220;1937&#8221; Rehusado"},"content":{"rendered":"<p style=\"text-align: justify\" align=\"justify\"><span style=\"font-family: verdana, geneva, sans-serif;font-size: 12pt\"><strong>ANTECEDENTES:<\/strong> Las precisas y seguras l\u00edneas de comunicaci\u00f3n fueron elementos cruciales para el ej\u00e9rcito alem\u00e1n en el campo de batalla durante la Segunda Guerra Mundial y en cada divisi\u00f3n hab\u00eda una unidad de se\u00f1ales y comunicaciones. Generalmente consist\u00eda dentro de cada batall\u00f3n de una Compa\u00f1\u00eda de radio y una compa\u00f1\u00eda de telefon\u00eda. Se utiliz\u00f3 una amplia variedad de receptores de radio, tel\u00e9fonos y asociados al equipo de comunicaciones en todos los teatros de operaciones. El Feldfernsprecher 33, (Tel\u00e9fono M\u00f3vil 33), fue el modelo de tel\u00e9fono est\u00e1ndar utilizado por el ej\u00e9rcito alem\u00e1n durante la Segunda Guerra Mundial. El tel\u00e9fono de campo de inducci\u00f3n magneto\u00f3pticos F33 era alimentado por una bater\u00eda de 1,5 voltios y pod\u00eda utilizarse como un cable de comunicaci\u00f3n y establecer una comunicaci\u00f3n a distancia con la Tornister Funkger\u00e4t D2, y la Tornister Funkger\u00e4t b1 y F, (modelos de radios y telefonos port\u00e1tiles D2, B1 y F). <\/span><\/p>\n<p style=\"text-align: justify\"><span style=\"font-family: verdana, geneva, sans-serif;font-size: 12pt\"><strong>DESCRIPCI\u00d3N:<\/strong> Tel\u00e9fono m\u00f3vil de Campa\u00f1a &#8220;F33&#8221; (Feldfernsprecher 33) del a\u00f1o 1937 con su manivela, modelo fabricado en baquelita color marr\u00f3n, en la parte superior derecha de la tapa tiene la placa blanca con el alfabeto fon\u00e9tico curiosamente cambiado al ingl\u00e9s, lo indica que fue reutilizado, (pudiera ser de los tra\u00eddos por la LC durante nuestra guerra). Dentro se encuentran todas las piezas, el auricular tiene su cable original en excelente estado. En la parte interior del tel\u00e9fono de campa\u00f1a se aprecia junto a la base de conexiones en waffenamt con la fecha &#8220;1937&#8221;. Cierra perfectamente.<\/span><\/p>\n","protected":false},"excerpt":{"rendered":"<p align=\"justify\"><span style=\"font-family: Verdana;font-size: medium\"><strong>ANTECEDENTES:<\/strong> Las precisas y seguras l\u00edneas de comunicaci\u00f3n fueron elementos cruciales para el ej\u00e9rcito alem\u00e1n en el campo de batalla durante la Segunda Guerra Mundial y en cada divisi\u00f3n hab\u00eda una unidad de se\u00f1ales y comunicaciones. Generalmente consist\u00eda dentro de cada batall\u00f3n de una Compa\u00f1\u00eda de radio y una compa\u00f1\u00eda de telefon\u00eda. Se utiliz\u00f3 una amplia variedad de receptores de radio, tel\u00e9fonos y asociados al equipo de comunicaciones en todos los teatros de operaciones. El Feldfernsprecher 33, (Tel\u00e9fono M\u00f3vil 33), fue el modelo de tel\u00e9fono est\u00e1ndar utilizado por el ej\u00e9rcito alem\u00e1n durante la Segunda Guerra Mundial. El tel\u00e9fono de campo de inducci\u00f3n magneto\u00f3pticos F33 era alimentado por una bater\u00eda de 1,5 voltios y pod\u00eda utilizarse como un cable de comunicaci\u00f3n y establecer una comunicaci\u00f3n a distancia con la Tornister Funkger\u00e4t D2, y la Tornister Funkger\u00e4t b1 y F, (modelos de radios y telefonos port\u00e1tiles D2, B1 y F). <\/span><\/p>\n<p><strong>DESCRIPCI\u00d3N:<\/strong> Tel\u00e9fono m\u00f3vil de Campa\u00f1a &#8220;F33&#8221; (Feldfernsprecher 33) del a\u00f1o <span style=\"color: #ff0000\">1937<\/span> con su manivela, modelo fabricado en baquelita color marr\u00f3n, en la parte superior derecha de la tapa tiene la placa blanca con el alfabeto fon\u00e9tico curiosamente cambiado al ingl\u00e9s, lo indica que fue reutilizado, <span style=\"color: #ff0000\">(pudiera ser de los traidos por la LC durante nuestra guerra)<\/span>. Dentro se encuentran todas las piezas, el auricular tiene su cable original en excelente estado. En la parte interior del tel\u00e9fono de campa\u00f1a se aprecia junto a la base de conexiones en <span style=\"color: #ff0000\">waffenamt<\/span> con la fecha <span style=\"color: #ff0000\">&#8220;1937&#8221;<\/span>. Cierra perfectamente.<\/p>\n","protected":false},"featured_media":5257,"template":"","meta":[],"product_brand":[],"product_cat":[224],"product_tag":[],"class_list":{"0":"post-5256","1":"product","2":"type-product","3":"status-publish","4":"has-post-thumbnail","6":"product_cat-archivo-vendidos","7":"sales-flash-overlay","8":"woocommerce-text-align-center","9":"woocommerce-image-align-center","10":"do-quantity-buttons","12":"first","13":"outofstock","14":"purchasable","15":"product-type-simple"},"_links":{"self":[{"href":"https:\/\/original-militaria.com\/en\/wp-json\/wp\/v2\/product\/5256","targetHints":{"allow":["GET"]}}],"collection":[{"href":"https:\/\/original-militaria.com\/en\/wp-json\/wp\/v2\/product"}],"about":[{"href":"https:\/\/original-militaria.com\/en\/wp-json\/wp\/v2\/types\/product"}],"wp:featuredmedia":[{"embeddable":true,"href":"https:\/\/original-militaria.com\/en\/wp-json\/wp\/v2\/media\/5257"}],"wp:attachment":[{"href":"https:\/\/original-militaria.com\/en\/wp-json\/wp\/v2\/media?parent=5256"}],"wp:term":[{"taxonomy":"product_brand","embeddable":true,"href":"https:\/\/original-militaria.com\/en\/wp-json\/wp\/v2\/product_brand?post=5256"},{"taxonomy":"product_cat","embeddable":true,"href":"https:\/\/original-militaria.com\/en\/wp-json\/wp\/v2\/product_cat?post=5256"},{"taxonomy":"product_tag","embeddable":true,"href":"https:\/\/original-militaria.com\/en\/wp-json\/wp\/v2\/product_tag?post=5256"}],"curies":[{"name":"wp","href":"https:\/\/api.w.org\/{rel}","templated":true}]}}