{"id":5185,"date":"2017-09-05T11:29:11","date_gmt":"2017-09-05T11:29:11","guid":{"rendered":"https:\/\/original-militaria.com\/?post_type=product&#038;p=5185"},"modified":"2021-09-02T12:05:21","modified_gmt":"2021-09-02T12:05:21","slug":"foto-de-prensa-del-frente-del-este-43","status":"publish","type":"product","link":"https:\/\/original-militaria.com\/en\/producto\/foto-de-prensa-del-frente-del-este-43\/","title":{"rendered":"Wehrmacht \/ Eastern Front Press Photo&#8211;Wehrmacht\/ Foto de Prensa del Frente del Este."},"content":{"rendered":"<p class=\"MsoNormal\" style=\"margin: 0cm 0cm 0pt;text-align: justify\" align=\"justify\"><span style=\"font-family: verdana, geneva, sans-serif;font-size: 12pt\">Foto de Prensa del frente del Este de soldados alemanes custodiando a unos lugare\u00f1os en formaci\u00f3n para alg\u00fan posible reconocimiento.\u00a0Mide\u00a018,5 cm X 13,5 cm,\u00a0lleva diversos sellos estampados.<\/span><\/p>\n<p>&nbsp;<\/p>\n","protected":false},"excerpt":{"rendered":"<p class=\"MsoNormal\" style=\"margin: 0cm 0cm 0pt\" align=\"justify\"><strong><span style=\"font-family: Verdana;font-size: 9pt\">DESCRIPCION:<\/span><\/strong><span style=\"font-family: Verdana;font-size: 9pt\"> Foto de Prensa del frente del Este de soldados alemanes custodiando a unos lugare\u00f1os en formaci\u00f3n para alg\u00fan posible reconocimiento.<\/span><span style=\"font-family: Arial;font-size: 10pt\">\u00a0<\/span><span style=\"font-family: Verdana;font-size: 10pt\">Mide\u00a018,5 cm X 13,5 cm,\u00a0lleva diversos sellos estampados.<\/span><\/p>\n<p>&nbsp;<\/p>\n","protected":false},"featured_media":5186,"template":"","meta":[],"product_brand":[],"product_cat":[203],"product_tag":[],"class_list":{"0":"post-5185","1":"product","2":"type-product","3":"status-publish","4":"has-post-thumbnail","6":"product_cat-albumes-de-fotos-fotos-y-postales","7":"sales-flash-overlay","8":"woocommerce-text-align-center","9":"woocommerce-image-align-center","10":"do-quantity-buttons","12":"first","13":"instock","14":"purchasable","15":"product-type-simple"},"_links":{"self":[{"href":"https:\/\/original-militaria.com\/en\/wp-json\/wp\/v2\/product\/5185","targetHints":{"allow":["GET"]}}],"collection":[{"href":"https:\/\/original-militaria.com\/en\/wp-json\/wp\/v2\/product"}],"about":[{"href":"https:\/\/original-militaria.com\/en\/wp-json\/wp\/v2\/types\/product"}],"wp:featuredmedia":[{"embeddable":true,"href":"https:\/\/original-militaria.com\/en\/wp-json\/wp\/v2\/media\/5186"}],"wp:attachment":[{"href":"https:\/\/original-militaria.com\/en\/wp-json\/wp\/v2\/media?parent=5185"}],"wp:term":[{"taxonomy":"product_brand","embeddable":true,"href":"https:\/\/original-militaria.com\/en\/wp-json\/wp\/v2\/product_brand?post=5185"},{"taxonomy":"product_cat","embeddable":true,"href":"https:\/\/original-militaria.com\/en\/wp-json\/wp\/v2\/product_cat?post=5185"},{"taxonomy":"product_tag","embeddable":true,"href":"https:\/\/original-militaria.com\/en\/wp-json\/wp\/v2\/product_tag?post=5185"}],"curies":[{"name":"wp","href":"https:\/\/api.w.org\/{rel}","templated":true}]}}