{"id":5089,"date":"2017-09-05T11:28:49","date_gmt":"2017-09-05T11:28:49","guid":{"rendered":"https:\/\/original-militaria.com\/?post_type=product&#038;p=5089"},"modified":"2022-01-31T19:04:51","modified_gmt":"2022-01-31T18:04:51","slug":"estuche-de-pistolas-de-duelo-del-arcabucero-del-rey-de-espana-y-de-napoleon-iii-gastinne-renette","status":"publish","type":"product","link":"https:\/\/original-militaria.com\/en\/producto\/estuche-de-pistolas-de-duelo-del-arcabucero-del-rey-de-espana-y-de-napoleon-iii-gastinne-renette\/","title":{"rendered":"Case of Dueling Pistols of the Arquebusier of the King of Spain and Napoleon III &#8220;Gastinne Renette&#8221;&#8212; Estuche de Pistolas de Duelo del Arcabucero del Rey de Espa\u00f1a y de Napole\u00f3n III &#8220;Gastinne Renette&#8221;"},"content":{"rendered":"<p style=\"text-align: justify\" align=\"justify\"><span style=\"font-size: 12pt;font-family: verdana, geneva, sans-serif\"><strong>ANTECEDENTES:<\/strong> &#8220;Gastinne Renette&#8221;, Casa fundada en Par\u00eds en 1839, fue medalla de plata en la exposici\u00f3n industrial en 1839 y 1844. Fueron proveedores del 3\u00ba imperio franc\u00e9s y de la casa real espa\u00f1ola.\u00a0Arcabucero del Rey de Espa\u00f1a y Arcabucero del Emperador Napole\u00f3n III. Famoso por sus estuches de duelo, fabricante de pistolas de prestigio y de lujo, su gran especialidad las de duelo. En\u00a0 1847 registr\u00f3 su patente para proteger su manufactura en las pistolas.<\/span><\/p>\n<p style=\"text-align: justify\" align=\"justify\"><span style=\"font-size: 12pt;font-family: verdana, geneva, sans-serif\"><strong>DESCRIPCION:<\/strong> Impresi\u00f3nate estuche en madera de nogal en excelente estado de conservaci\u00f3n tanto las pistolas como el estuche con su llave y sus accesorios, lleva escudo nobiliario con el nombre del propietario en la tapa superior del estuche, en el interior completo con dos pistolas de duelo de percusi\u00f3n, ambas pistolas marcadas\u00a0\u00a0&#8220;Fni Par Gastinne &#8211; Renette \u00e1 paris&#8221;\u00a0 y &#8220;1&#8221; y &#8220;2&#8221; en el ca\u00f1\u00f3n, con su pav\u00f3n original y todos sus accesorios de \u00e9poca\u00a0(turquesa, caja para los fulminantes, mazo, destornilladores, baquetas para limpieza etc) del famoso armero franc\u00e9s &#8220;Gastinne Renette&#8221; de Par\u00eds, circa 1840, famoso por sus estuches de duelo, fabricante de pistolas de prestigio y de lujo, su gran especialidad las de duelo.\u00a0 Las pistolas est\u00e1 en excepcional estado, funcionando, ambas montadas sobre caja de nogal sat\u00e9n con empu\u00f1adura cuadrillada para su perfecto agarre. En\u00a0 1847 registr\u00f3 su patente para proteger su manufactura en las pistolas. Es necesario libro de coleccionista, lo puede solicitar sin licencia en su Intervenci\u00f3n de armas. <\/span><\/p>\n<p style=\"text-align: justify\" align=\"justify\"><span style=\"font-size: 12pt;font-family: verdana, geneva, sans-serif\">Longitud total\u00a0\u00a0\u00a0\u00a0\u00a0\u00a0\u00a0\u00a0\u00a0 430 mm<\/span><\/p>\n<p style=\"text-align: justify\" align=\"justify\"><span style=\"font-size: 12pt;font-family: verdana, geneva, sans-serif\">Longitud del ca\u00f1\u00f3n\u00a0\u00a0\u00a0260 mm<\/span><\/p>\n<p style=\"text-align: justify\">\n<p class=\"MsoNormal\"><span style=\"font-size: 10pt;font-family: Arial\">\u00a0<\/span><\/p>\n","protected":false},"excerpt":{"rendered":"<p>&nbsp;<\/p>\n<p align=\"justify\"><strong>ANTECEDENTES:<\/strong> &#8220;Gastinne Renette&#8221;, Casa fundada en Par\u00eds en 1839, fue medalla de plata en la exposici\u00f3n industrial en 1839 y 1844. Fueron proveedores del 3\u00ba imperio franc\u00e9s y de la casa real espa\u00f1ola.\u00a0Arcabucero del Rey de Espa\u00f1a y Arcabucero del Emperador Napole\u00f3n III. Famoso por sus estuches de duelo, fabricante de pistolas de prestigio y de lujo, su gran especialidad las de duelo. En\u00a0 1847 registr\u00f3 su patente para proteger su manufactura en las pistolas.<\/p>\n<p>&nbsp;<\/p>\n<p align=\"justify\"><strong><span style=\"font-size: 9pt;font-family: Verdana\">DESCRIPCION:<\/span><\/strong><span style=\"font-size: 9pt;font-family: Verdana\"> Impresi\u00f3nate estuche en madera de nogal en excelente estado de conservaci\u00f3n tanto las pistolas como el estuche con su llave y sus accesorios, lleva escudo nobiliario con el nombre del propietario en la tapa superior del estuche, en el interior completo con dos pistolas de duelo de percusi\u00f3n, ambas pistolas marcadas\u00a0<span style=\"color: #ff0000\">\u00a0&#8220;Fni Par Gastinne &#8211; Renette \u00e1 paris&#8221;\u00a0 y &#8220;1&#8221; y &#8220;2&#8221; <\/span>en el ca\u00f1\u00f3n, con su pav\u00f3n original y todos sus accesorios de \u00e9poca\u00a0(turquesa, caja para los fulminantes, mazo, destornilladores, baquetas para limpieza etc) del famoso armero franc\u00e9s <span style=\"color: #ff0000\">&#8220;Gastinne Renette&#8221; de Par\u00eds, circa 1840<\/span>, famoso por sus estuches de duelo, fabricante de pistolas de prestigio y de lujo, su gran especialidad las de duelo.\u00a0 Las pistolas est\u00e1 en excepcional estado, funcionando, ambas montadas sobre caja de nogal sat\u00e9n con empu\u00f1adura cuadrillada para su perfecto agarre. En\u00a0 1847 registr\u00f3 su patente para proteger su manufactura en las pistolas. <span style=\"color: #ff0000\">Es necesario libro de coleccionista, lo puede solicitar sin licencia en su Intervenci\u00f3n de armas.<\/span> <\/span><\/p>\n<p>&nbsp;<\/p>\n<p align=\"justify\"><span style=\"font-size: 9pt;font-family: Verdana\">Longitud total\u00a0\u00a0\u00a0\u00a0\u00a0\u00a0\u00a0\u00a0\u00a0 430 mm<\/span><\/p>\n<p align=\"justify\"><span style=\"font-size: 9pt;font-family: Verdana\">Longitud del ca\u00f1\u00f3n\u00a0\u00a0\u00a0260 mm<\/span><\/p>\n<p>&nbsp;<\/p>\n<p class=\"MsoNormal\"><span style=\"font-size: 10pt;font-family: Arial\">\u00a0<\/span><\/p>\n","protected":false},"featured_media":5090,"template":"","meta":[],"product_brand":[],"product_cat":[224],"product_tag":[],"class_list":{"0":"post-5089","1":"product","2":"type-product","3":"status-publish","4":"has-post-thumbnail","6":"product_cat-archivo-vendidos","7":"sales-flash-overlay","8":"woocommerce-text-align-center","9":"woocommerce-image-align-center","10":"do-quantity-buttons","12":"first","13":"outofstock","14":"purchasable","15":"product-type-simple"},"_links":{"self":[{"href":"https:\/\/original-militaria.com\/en\/wp-json\/wp\/v2\/product\/5089","targetHints":{"allow":["GET"]}}],"collection":[{"href":"https:\/\/original-militaria.com\/en\/wp-json\/wp\/v2\/product"}],"about":[{"href":"https:\/\/original-militaria.com\/en\/wp-json\/wp\/v2\/types\/product"}],"wp:featuredmedia":[{"embeddable":true,"href":"https:\/\/original-militaria.com\/en\/wp-json\/wp\/v2\/media\/5090"}],"wp:attachment":[{"href":"https:\/\/original-militaria.com\/en\/wp-json\/wp\/v2\/media?parent=5089"}],"wp:term":[{"taxonomy":"product_brand","embeddable":true,"href":"https:\/\/original-militaria.com\/en\/wp-json\/wp\/v2\/product_brand?post=5089"},{"taxonomy":"product_cat","embeddable":true,"href":"https:\/\/original-militaria.com\/en\/wp-json\/wp\/v2\/product_cat?post=5089"},{"taxonomy":"product_tag","embeddable":true,"href":"https:\/\/original-militaria.com\/en\/wp-json\/wp\/v2\/product_tag?post=5089"}],"curies":[{"name":"wp","href":"https:\/\/api.w.org\/{rel}","templated":true}]}}