{"id":5060,"date":"2017-09-05T11:28:40","date_gmt":"2017-09-05T11:28:40","guid":{"rendered":"https:\/\/original-militaria.com\/?post_type=product&#038;p=5060"},"modified":"2024-01-09T11:59:02","modified_gmt":"2024-01-09T10:59:02","slug":"medalla-de-mano-conmemorativa-de-infanteria","status":"publish","type":"product","link":"https:\/\/original-militaria.com\/en\/producto\/medalla-de-mano-conmemorativa-de-infanteria\/","title":{"rendered":"Medalla de Mano Conmemorativa de Infanter\u00eda."},"content":{"rendered":"<p class=\"MsoNormal\" style=\"margin: 0cm 0cm 0pt; text-align: justify;\" align=\"justify\"><span style=\"font-size: 12pt; font-family: verdana, geneva, sans-serif;\">Medalla de Mano en bronce conmemorativa de infanter\u00eda de Cartagena de 7 cm de di\u00e1metro con la imagen de la Inmaculada Patrona de infanter\u00eda del regimiento \u201cEspa\u00f1a 18\u201d, de 1665 a 1996.<\/span><\/p>\n","protected":false},"excerpt":{"rendered":"<p class=\"MsoNormal\" style=\"margin: 0cm 0cm 0pt;\" align=\"justify\"><span style=\"font-size: medium;\"><span style=\"font-family: Verdana; mso-bidi-font-family: Arial;\"><strong>DESCRIPCION:<\/strong> Medalla de Mano en bronce conmemorativa de infanter\u00eda de Cartagena de 7 cm de di\u00e1metro con la imagen de <\/span><\/span><span style=\"font-size: 9pt; font-family: Verdana; mso-bidi-font-family: Arial;\"><br \/>\n<\/span><span style=\"font-size: medium;\"><span style=\"font-family: Verdana; mso-bidi-font-family: Arial;\">la Inmaculada Patrona de infanter\u00eda del regimiento \u201cEspa\u00f1a 18\u201d, de 1665 a 1996.<\/span><\/span><\/p>\n","protected":false},"featured_media":42466,"template":"","meta":[],"product_brand":[],"product_cat":[195,224],"product_tag":[],"class_list":{"0":"post-5060","1":"product","2":"type-product","3":"status-publish","4":"has-post-thumbnail","6":"product_cat-epoca-de-franco","7":"product_cat-archivo-vendidos","8":"sales-flash-overlay","9":"woocommerce-text-align-center","10":"woocommerce-image-align-center","11":"do-quantity-buttons","13":"first","14":"instock","15":"product-type-simple"},"_links":{"self":[{"href":"https:\/\/original-militaria.com\/en\/wp-json\/wp\/v2\/product\/5060","targetHints":{"allow":["GET"]}}],"collection":[{"href":"https:\/\/original-militaria.com\/en\/wp-json\/wp\/v2\/product"}],"about":[{"href":"https:\/\/original-militaria.com\/en\/wp-json\/wp\/v2\/types\/product"}],"wp:featuredmedia":[{"embeddable":true,"href":"https:\/\/original-militaria.com\/en\/wp-json\/wp\/v2\/media\/42466"}],"wp:attachment":[{"href":"https:\/\/original-militaria.com\/en\/wp-json\/wp\/v2\/media?parent=5060"}],"wp:term":[{"taxonomy":"product_brand","embeddable":true,"href":"https:\/\/original-militaria.com\/en\/wp-json\/wp\/v2\/product_brand?post=5060"},{"taxonomy":"product_cat","embeddable":true,"href":"https:\/\/original-militaria.com\/en\/wp-json\/wp\/v2\/product_cat?post=5060"},{"taxonomy":"product_tag","embeddable":true,"href":"https:\/\/original-militaria.com\/en\/wp-json\/wp\/v2\/product_tag?post=5060"}],"curies":[{"name":"wp","href":"https:\/\/api.w.org\/{rel}","templated":true}]}}