{"id":4973,"date":"2017-09-05T11:28:15","date_gmt":"2017-09-05T11:28:15","guid":{"rendered":"https:\/\/original-militaria.com\/?post_type=product&#038;p=4973"},"modified":"2022-01-31T19:04:46","modified_gmt":"2022-01-31T18:04:46","slug":"documento-con-firma-faccimil-de-hitler-y-firma-autografa-de-otto-georg-thierack","status":"publish","type":"product","link":"https:\/\/original-militaria.com\/en\/producto\/documento-con-firma-faccimil-de-hitler-y-firma-autografa-de-otto-georg-thierack\/","title":{"rendered":"Documento con Firma Facc\u00edmil de Hitler y Firma Autografa de &#8220;Otto Georg Thierack&#8221;"},"content":{"rendered":"<p align=\"justify\"><span style=\"font-size: medium\"><span style=\"font-family: Verdana\"><strong>ANTECEDENTES: <\/strong>Otto Georg Thierack (19 de abril de 1889, Wurzen, Sajonia; 22 de noviembre de 1946), Sirvi\u00f3 en la Primera Guerra Mundial siendo ascendido a teniente. Recibi\u00f3 heridas en el rostro y fue condecorado con la Cruz de Hierro. Retom\u00f3 su carrera en leyes y se uni\u00f3 al partido nazi en 1932. Presidi\u00f3 la asociaci\u00f3n de juristas Rechtswahrerbund y pronto fue presidente del recientemente establecido Tribunal del Pueblo en 1936 hasta 1942 siendo sucedido por el tristemente c\u00e9lebre Roland Freisler. El 20 de agosto de 1942,asumi\u00f3 como ministro de justicia del Tercer Reich modificando leyes y estatutos. Persigui\u00f3 a grupos &#8220;antisociales&#8221; &#8211; jud\u00edos, polacos, rusos, gitanos -coincidiendo con Heinrich Himmler que deb\u00edan ser &#8220;aniquilados trabajando&#8221;. Instig\u00f3 las ejecuciones masivas a partir del 7 de septiembre de 1943. Despu\u00e9s del arresto, se envenen\u00f3 antes del Juicio de Nuremberg.<\/span><\/span><\/p>\n<p style=\"text-align: justify\"><span style=\"font-size: medium\"><span style=\"font-family: Verdana\"><strong>DESCRIPCION:<\/strong> Documento\u00a0a doble folio (Urkunden) de gran tama\u00f1o del ascenso\u00a0de un funcionario\u00a0&#8220;Kurt Rohs&#8221; de Estado en el sistema judicial. Fue publicado en jefaturas\u00a0del F\u00fchrer el\u00a010 de febrero de 1943. Lleva firma impresa facs\u00edmil de Adolf Hitler\u00a0 y firma aut\u00f3grafa original\u00a0en tinta del Presidente del Tribunal del Pueblo, Ministro de Justicia del\u00a0Reich &#8220;Otto Georg Thierack&#8221;. Estampaci\u00f3n dorada y sello en seco con \u00e1guila del Reich. Buena condici\u00f3n, salvo peque\u00f1a raja en el lado izquierdo. Mide 25,5 x 35,5cm. <\/span><\/span><\/p>\n<p style=\"text-align: justify\"><span style=\"font-size: medium\"><span style=\"font-family: Verdana\">Muy raro con la firma del Ministro de Justicia del Reich.<\/span><\/span><\/p>\n","protected":false},"excerpt":{"rendered":"<p align=\"justify\"><span style=\"font-size: medium\"><span style=\"font-family: Verdana\"><strong>ANTECEDENTES: <\/strong>Otto Georg Thierack (19 de abril de 1889, Wurzen, Sajonia; 22 de noviembre de 1946),\u00a0Sirvi\u00f3 en la Primera Guerra Mundial siendo ascendido a teniente. Recibi\u00f3 heridas en el rostro y fue condecorado con la Cruz de Hierro. Retom\u00f3 su carrera en leyes y se uni\u00f3 al partido nazi en 1932. Presidi\u00f3 la asociaci\u00f3n de juristas Rechtswahrerbund y pronto fue presidente del recientemente establecido Tribunal del Pueblo en 1936 hasta 1942 siendo sucedido por el tristemente c\u00e9lebre Roland Freisler. El 20 de agosto de 1942,asumi\u00f3 como ministro de justicia del Tercer Reich modificando leyes y estatutos. Persigui\u00f3 a grupos &#8220;antisociales&#8221; &#8211; jud\u00edos, polacos, rusos, gitanos -coincidiendo con Heinrich Himmler que deb\u00edan ser &#8220;aniquilados trabajando&#8221;. Instig\u00f3 las ejecuciones masivas a partir del 7 de septiembre de 1943. Despu\u00e9s del arresto, se envenen\u00f3 antes del Juicio de Nuremberg. <\/span><\/span><\/p>\n<p>&nbsp;<\/p>\n<p style=\"text-align: justify\"><span style=\"font-size: medium\"><span style=\"font-family: Verdana\"><strong>DESCRIPCION:<\/strong> Documento\u00a0a doble folio (Urkunden) de gran tama\u00f1o del ascenso\u00a0de un funcionario\u00a0<span style=\"color: #ff0000\">&#8220;Kurt Rohs&#8221;<\/span> de Estado en el sistema judicial. Fue publicado en jefaturas\u00a0del F\u00fchrer el\u00a010 de febrero de 1943. Lleva firma impresa <span style=\"color: #ff0000\">facs\u00edmil de Adolf Hitler<\/span>\u00a0 y <span style=\"color: #ff0000\">firma aut\u00f3grafa original<\/span>\u00a0en tinta del Presidente del Tribunal del Pueblo, Ministro de Justicia del\u00a0Reich <span style=\"color: #ff0000\">&#8220;Otto Georg Thierack&#8221;<\/span>. Estampaci\u00f3n dorada y sello en seco con \u00e1guila del Reich. Buena condici\u00f3n, salvo peque\u00f1a raja en el lado izquierdo. <span style=\"color: #ff0000\">Mide 25,5 x 35,5cm<\/span>. <\/span><\/span><\/p>\n<p style=\"text-align: justify\"><span style=\"font-size: medium\"><span style=\"font-family: Verdana\">Muy raro con la firma del Ministro de Justicia del Reich.<\/span><\/span><\/p>\n","protected":false},"featured_media":4974,"template":"","meta":[],"product_brand":[],"product_cat":[224],"product_tag":[],"class_list":{"0":"post-4973","1":"product","2":"type-product","3":"status-publish","4":"has-post-thumbnail","6":"product_cat-archivo-vendidos","7":"sales-flash-overlay","8":"woocommerce-text-align-center","9":"woocommerce-image-align-center","10":"do-quantity-buttons","12":"first","13":"outofstock","14":"product-type-simple"},"_links":{"self":[{"href":"https:\/\/original-militaria.com\/en\/wp-json\/wp\/v2\/product\/4973","targetHints":{"allow":["GET"]}}],"collection":[{"href":"https:\/\/original-militaria.com\/en\/wp-json\/wp\/v2\/product"}],"about":[{"href":"https:\/\/original-militaria.com\/en\/wp-json\/wp\/v2\/types\/product"}],"wp:featuredmedia":[{"embeddable":true,"href":"https:\/\/original-militaria.com\/en\/wp-json\/wp\/v2\/media\/4974"}],"wp:attachment":[{"href":"https:\/\/original-militaria.com\/en\/wp-json\/wp\/v2\/media?parent=4973"}],"wp:term":[{"taxonomy":"product_brand","embeddable":true,"href":"https:\/\/original-militaria.com\/en\/wp-json\/wp\/v2\/product_brand?post=4973"},{"taxonomy":"product_cat","embeddable":true,"href":"https:\/\/original-militaria.com\/en\/wp-json\/wp\/v2\/product_cat?post=4973"},{"taxonomy":"product_tag","embeddable":true,"href":"https:\/\/original-militaria.com\/en\/wp-json\/wp\/v2\/product_tag?post=4973"}],"curies":[{"name":"wp","href":"https:\/\/api.w.org\/{rel}","templated":true}]}}