{"id":4932,"date":"2017-09-05T11:28:06","date_gmt":"2017-09-05T11:28:06","guid":{"rendered":"https:\/\/original-militaria.com\/?post_type=product&#038;p=4932"},"modified":"2021-09-02T11:56:05","modified_gmt":"2021-09-02T11:56:05","slug":"foto-de-prensa-del-frente-del-este-27","status":"publish","type":"product","link":"https:\/\/original-militaria.com\/en\/producto\/foto-de-prensa-del-frente-del-este-27\/","title":{"rendered":"Wehrmacht \/ Eastern Front Press Photo&#8212;WH\/ Foto de Prensa del Frente del Este."},"content":{"rendered":"<p class=\"MsoNormal\" style=\"margin: 0cm 0cm 0pt;text-align: justify\" align=\"justify\"><span style=\"font-family: verdana, geneva, sans-serif;font-size: 12pt\">Simp\u00e1tica foto de Prensa del Frente del Este de una posible boda de una &#8220;Panianka&#8221; con llamaban nuestros soldados de la Divisi\u00f3n Azul a las rusitas, vemos tambi\u00e9n un cami\u00f3n\u00a0 alem\u00e1n con una pieza antitanque y su dotaci\u00f3n. Mide 13,5 X 18 cm. Lleva diversos sellos, un de ellos con la fecha 29-06-1941, al comienzo de la invasi\u00f3n.<\/span><\/p>\n","protected":false},"excerpt":{"rendered":"<p class=\"MsoNormal\" style=\"margin: 0cm 0cm 0pt\" align=\"justify\"><span style=\"font-family: Verdana;font-size: 9pt\"><strong>DESCRIPCION:<\/strong>\u00a0 Simp\u00e1tica foto de Prensa del Frente del Este de una posible boda de una &#8220;Panianka&#8221; con llamaban nuestros soldados de<br \/>\nla Divisi\u00f3n Azul a las rusitas, vemos tambi\u00e9n un cami\u00f3n\u00a0 alem\u00e1n con una pieza antitanque y su dotaci\u00f3n. Mide 13,5 X 18 cm.<\/span><span style=\"font-family: Arial;font-size: 10pt\"><span style=\"font-family: Verdana\"> Lleva diversos sellos, un de ellos con la fecha 29-06-1941, al comienzo de la invasi\u00f3n.<\/span><\/span><\/p>\n","protected":false},"featured_media":4933,"template":"","meta":[],"product_brand":[],"product_cat":[203],"product_tag":[],"class_list":{"0":"post-4932","1":"product","2":"type-product","3":"status-publish","4":"has-post-thumbnail","6":"product_cat-albumes-de-fotos-fotos-y-postales","7":"sales-flash-overlay","8":"woocommerce-text-align-center","9":"woocommerce-image-align-center","10":"do-quantity-buttons","12":"first","13":"instock","14":"purchasable","15":"product-type-simple"},"_links":{"self":[{"href":"https:\/\/original-militaria.com\/en\/wp-json\/wp\/v2\/product\/4932","targetHints":{"allow":["GET"]}}],"collection":[{"href":"https:\/\/original-militaria.com\/en\/wp-json\/wp\/v2\/product"}],"about":[{"href":"https:\/\/original-militaria.com\/en\/wp-json\/wp\/v2\/types\/product"}],"wp:featuredmedia":[{"embeddable":true,"href":"https:\/\/original-militaria.com\/en\/wp-json\/wp\/v2\/media\/4933"}],"wp:attachment":[{"href":"https:\/\/original-militaria.com\/en\/wp-json\/wp\/v2\/media?parent=4932"}],"wp:term":[{"taxonomy":"product_brand","embeddable":true,"href":"https:\/\/original-militaria.com\/en\/wp-json\/wp\/v2\/product_brand?post=4932"},{"taxonomy":"product_cat","embeddable":true,"href":"https:\/\/original-militaria.com\/en\/wp-json\/wp\/v2\/product_cat?post=4932"},{"taxonomy":"product_tag","embeddable":true,"href":"https:\/\/original-militaria.com\/en\/wp-json\/wp\/v2\/product_tag?post=4932"}],"curies":[{"name":"wp","href":"https:\/\/api.w.org\/{rel}","templated":true}]}}