{"id":4912,"date":"2017-09-05T11:28:02","date_gmt":"2017-09-05T11:28:02","guid":{"rendered":"https:\/\/original-militaria.com\/?post_type=product&#038;p=4912"},"modified":"2021-09-02T14:35:51","modified_gmt":"2021-09-02T14:35:51","slug":"foto-de-prensa-de-artilleria","status":"publish","type":"product","link":"https:\/\/original-militaria.com\/en\/producto\/foto-de-prensa-de-artilleria\/","title":{"rendered":"Wehrmacht \/Artilley Press Photo&#8212;WH\/ Foto de Prensa de Artiller\u00eda."},"content":{"rendered":"<p><span style=\"font-family: verdana, geneva, sans-serif;font-size: 12pt\"><span style=\"font-family: Verdana\">Pieza<\/span>\u00a0de artiller\u00eda de campa\u00f1a en acci\u00f3n, lleva diversos sellos estampados. Mide 13,5 cm X 18 cm.<\/span><\/p>\n","protected":false},"excerpt":{"rendered":"<p><span style=\"font-family: Verdana\"><strong>DESCRIPCION:<\/strong> P\u00eceza de artiller\u00eda de campa\u00f1a en acci\u00f3n, lleva diversos sellos estampados. Mide 13,5 cm X 18 cm.<\/span><\/p>\n","protected":false},"featured_media":4913,"template":"","meta":[],"product_brand":[],"product_cat":[203],"product_tag":[],"class_list":{"0":"post-4912","1":"product","2":"type-product","3":"status-publish","4":"has-post-thumbnail","6":"product_cat-albumes-de-fotos-fotos-y-postales","7":"sales-flash-overlay","8":"woocommerce-text-align-center","9":"woocommerce-image-align-center","10":"do-quantity-buttons","12":"first","13":"instock","14":"purchasable","15":"product-type-simple"},"_links":{"self":[{"href":"https:\/\/original-militaria.com\/en\/wp-json\/wp\/v2\/product\/4912","targetHints":{"allow":["GET"]}}],"collection":[{"href":"https:\/\/original-militaria.com\/en\/wp-json\/wp\/v2\/product"}],"about":[{"href":"https:\/\/original-militaria.com\/en\/wp-json\/wp\/v2\/types\/product"}],"wp:featuredmedia":[{"embeddable":true,"href":"https:\/\/original-militaria.com\/en\/wp-json\/wp\/v2\/media\/4913"}],"wp:attachment":[{"href":"https:\/\/original-militaria.com\/en\/wp-json\/wp\/v2\/media?parent=4912"}],"wp:term":[{"taxonomy":"product_brand","embeddable":true,"href":"https:\/\/original-militaria.com\/en\/wp-json\/wp\/v2\/product_brand?post=4912"},{"taxonomy":"product_cat","embeddable":true,"href":"https:\/\/original-militaria.com\/en\/wp-json\/wp\/v2\/product_cat?post=4912"},{"taxonomy":"product_tag","embeddable":true,"href":"https:\/\/original-militaria.com\/en\/wp-json\/wp\/v2\/product_tag?post=4912"}],"curies":[{"name":"wp","href":"https:\/\/api.w.org\/{rel}","templated":true}]}}