{"id":4749,"date":"2017-09-05T11:27:27","date_gmt":"2017-09-05T11:27:27","guid":{"rendered":"https:\/\/original-militaria.com\/?post_type=product&#038;p=4749"},"modified":"2022-01-31T19:04:41","modified_gmt":"2022-01-31T18:04:41","slug":"luftwaffe-afrika-korps-m38-de-paracaidista","status":"publish","type":"product","link":"https:\/\/original-militaria.com\/en\/producto\/luftwaffe-afrika-korps-m38-de-paracaidista\/","title":{"rendered":"LW\/DAKm Paratrooper M38 Helmet &#8212; Luftwaffe\/Afrika korps, Casco M38 de Paracaidista"},"content":{"rendered":"<p style=\"text-align: justify;\" align=\"justify\"><span style=\"font-size: 12pt; font-family: verdana, geneva, sans-serif;\"><strong>ANTECEDENTES: <\/strong>A finales de 1935 los alemanes comenzaron la seria consideraci\u00f3n de crear\u00a0unidades de paracaidistas.\u00a0La Luftwaffe y el ej\u00e9rcito establecieron eventuales unidades de paracaidistas, se empezaron a constituir con voluntarios el 29 de enero de 1936 y el 31 de marzo de 1937 respectivamente y una escuela de entrenamiento de paracaidistas fue establecida en Stendal a principios de 1937. Originalmente el desarrollo de la ropa y de los equipos especiales fue realizado\u00a0por ambos\u00a0para proveer a\u00a0los paracaidistas de los art\u00edculos funcionales dise\u00f1ados espec\u00edficamente para saltos\u00a0con paraca\u00eddas\u00a0hasta el 1 de enero de 1939 cuando todas las unidades de los paracaidistas fueron transferidas al control del Luftwaffe. Uno de los art\u00edculos desarrollados para los paracaidistas fue el casco especialmente dise\u00f1ado para ellos, el\u00a0primer modelo\u00a0introducido en 1935\u00a0fue encontrado inadecuado y un segundo modelo fue introducido el 16 de junio de 1938, y sigui\u00f3 funcionando hasta el final de la guerra con variaciones de menor importancia. <\/span><\/p>\n<p style=\"text-align: justify;\"><span style=\"font-size: 12pt; font-family: verdana, geneva, sans-serif;\"><strong>DESCRIPCI\u00d3N:<\/strong>\u00a0Luftwaffe M38,\u00a0casco (Fallschirmj\u00e4ger Stahlhelm M38) es de segundo modelo para unidades paracaidistas del AfrikaKorps, fabricado en acero, el casco conserva cerca de 95% de su pintura original levemente \u00e1spera. En el lado izquierdo del casco tiene el \u00e1guila de la Luftwaffe gris\u00e1cea que se conserva cerca del 95% con un par de rascados ligeros. Los cuatro pernos de retenci\u00f3n del barboquejo est\u00e1n intactos. El casco tiene el interior completo de cuero modelo 38, completamente intacto con una costura cosida central, doce agujeros de ventilaci\u00f3n circulares y acolchado de goma negro alrededor de aluminio\u00a0 y a la corona interior. El cuero sigue siendo muy suave y flexible. El interior est\u00e1 marcado bien en\u00a0 \u201cKopfweite Gr.\u00a060 Stahlhaube Gr. 71\u201d (talla 60,\u00a0tama\u00f1o\u00a071 de Shell) y\u00a0&#8220;Baumuster: Heisler, Hersteller F.W. M\u00fcller&#8221;\u00a0(tipo y fabricante).\u00a0\u00a0En\u00a0la en la falda posterior del casco\u00a0est\u00e1 marcado con el n\u00famero de serie troquelado\u00a0 \u201c5530\u201d y\u00a0marcaje alfanum\u00e9rico &#8220;ckl 71&#8221;, manufactura de &#8220;Eisenh\u00fcttenwerke, AG Thale-Harz&#8221; y tama\u00f1o &#8220;71&#8221; referente a la talla &#8220;64&#8221;.\u00a0El casco viene completo con cuero verde gris\u00e1ceo, se dobla el arn\u00e9s de la barbilla del modelo\u00a0\u201cY\u201d con una edad.\u00a0\u00a0<\/span><\/p>\n","protected":false},"excerpt":{"rendered":"<p align=\"justify\"><strong><span style=\"font-size: 9pt; font-family: Verdana; mso-bidi-font-family: Arial;\">ANTECEDENTES: <\/span><\/strong><span style=\"font-size: 9pt; font-family: Verdana; mso-bidi-font-family: Arial;\">A finales de 1935 los alemanes comenzaron la seria consideraci\u00f3n de crear\u00a0unidades de paracaidistas.\u00a0La Luftwaffe y el ej\u00e9rcito establecieron eventuales unidades de paracaidistas, se empezaron a constituir con voluntarios el 29 de enero de 1936 y el 31 de marzo de 1937 respectivamente y una escuela de entrenamiento de paracaidistas fue establecida en Stendal a principios de 1937. Originalmente el desarrollo de la ropa y de los equipos especiales fue realizado\u00a0por ambos\u00a0para proveer a\u00a0los paracaidistas de los art\u00edculos funcionales dise\u00f1ados espec\u00edficamente para saltos\u00a0con paraca\u00eddas\u00a0hasta el 1 de enero de 1939 cuando todas las unidades de los paracaidistas fueron transferidas al control del Luftwaffe. Uno de los art\u00edculos desarrollados para los paracaidistas fue el casco especialmente dise\u00f1ado para ellos, el\u00a0primer modelo\u00a0introducido en 1935\u00a0fue encontrado inadecuado y un segundo modelo fue introducido el 16 de junio de 1938, y sigui\u00f3 funcionando hasta el final de la guerra con variaciones de menor importancia. <\/span><\/p>\n<p><strong><span style=\"font-family: Verdana; mso-bidi-font-family: Arial; mso-bidi-font-weight: normal;\">DESCRIPCI\u00d3N:<\/span><\/strong>\u00a0Luftwaffe M38,\u00a0casco <span style=\"font-size: 10pt; font-family: Verdana; mso-bidi-font-family: Arial;\">(Fallschirmj\u00e4ger Stahlhelm M38)<\/span><span style=\"font-size: 9pt; font-family: Verdana; mso-bidi-font-family: Arial;\"> es de segundo modelo para unidades paracaidistas del AfrikaKorps,\u00a0fabricado en acero, el casco conserva cerca de 95% de su pintura original levemente \u00e1spera. En el\u00a0lado izquierdo del casco tiene\u00a0el \u00e1guila de la Luftwaffe\u00a0gris\u00e1cea que se conserva cerca del 95% con un par de rascados ligeros. Los cuatro pernos de\u00a0retenci\u00f3n del barbuquejo est\u00e1n\u00a0intactos.\u00a0El\u00a0casco tiene el interior completo de\u00a0cuero modelo 38, completamente intacto con una costura cosida central, doce agujeros de ventilaci\u00f3n circulares y acolchado de goma negro alrededor de aluminio\u00a0 y a la corona interior.\u00a0El cuero sigue siendo muy suave y flexible. El interior est\u00e1 marcado\u00a0bien en\u00a0 <span style=\"color: red;\">\u201cKopfweite Gr.\u00a060 Stahlhaube Gr. 71\u201d <\/span>(talla 60,\u00a0tama\u00f1o\u00a071 de Shell) y\u00a0<span style=\"color: red;\">&#8220;Baumuster: Heisler, Hersteller F.W. M\u00fcller&#8221;\u00a0<\/span>(tipo y fabricante).\u00a0\u00a0En\u00a0la en la falda posterior del casco\u00a0est\u00e1 marcado con el n\u00famero de serie troquelado\u00a0 <span style=\"color: red;\">\u201c5530\u201d<\/span> y\u00a0marcaje alfanum\u00e9rico <span style=\"color: red;\">&#8220;ckl 71&#8221;<\/span>, manufactura de <span style=\"color: red;\">&#8220;Eisenh\u00fcttenwerke, AG Thale-Harz&#8221;<\/span> y tama\u00f1o <span style=\"color: red;\">&#8220;71&#8221;<\/span> referente a la talla <span style=\"color: red;\">&#8220;64&#8221;<\/span>.\u00a0El casco viene completo con cuero verde gris\u00e1ceo, se dobla el arn\u00e9s de la barbilla del modelo\u00a0\u201cY\u201d con una edad.\u00a0\u00a0<\/span><\/p>\n","protected":false},"featured_media":4750,"template":"","meta":[],"product_brand":[],"product_cat":[224],"product_tag":[],"class_list":{"0":"post-4749","1":"product","2":"type-product","3":"status-publish","4":"has-post-thumbnail","6":"product_cat-archivo-vendidos","7":"sales-flash-overlay","8":"woocommerce-text-align-center","9":"woocommerce-image-align-center","10":"do-quantity-buttons","12":"first","13":"outofstock","14":"purchasable","15":"product-type-simple"},"_links":{"self":[{"href":"https:\/\/original-militaria.com\/en\/wp-json\/wp\/v2\/product\/4749","targetHints":{"allow":["GET"]}}],"collection":[{"href":"https:\/\/original-militaria.com\/en\/wp-json\/wp\/v2\/product"}],"about":[{"href":"https:\/\/original-militaria.com\/en\/wp-json\/wp\/v2\/types\/product"}],"wp:featuredmedia":[{"embeddable":true,"href":"https:\/\/original-militaria.com\/en\/wp-json\/wp\/v2\/media\/4750"}],"wp:attachment":[{"href":"https:\/\/original-militaria.com\/en\/wp-json\/wp\/v2\/media?parent=4749"}],"wp:term":[{"taxonomy":"product_brand","embeddable":true,"href":"https:\/\/original-militaria.com\/en\/wp-json\/wp\/v2\/product_brand?post=4749"},{"taxonomy":"product_cat","embeddable":true,"href":"https:\/\/original-militaria.com\/en\/wp-json\/wp\/v2\/product_cat?post=4749"},{"taxonomy":"product_tag","embeddable":true,"href":"https:\/\/original-militaria.com\/en\/wp-json\/wp\/v2\/product_tag?post=4749"}],"curies":[{"name":"wp","href":"https:\/\/api.w.org\/{rel}","templated":true}]}}