{"id":4726,"date":"2017-09-05T11:27:18","date_gmt":"2017-09-05T11:27:18","guid":{"rendered":"https:\/\/original-militaria.com\/?post_type=product&#038;p=4726"},"modified":"2022-01-31T19:04:41","modified_gmt":"2022-01-31T18:04:41","slug":"dak-gorro-de-campana-tropical-de-panzer-grenadier","status":"publish","type":"product","link":"https:\/\/original-militaria.com\/en\/producto\/dak-gorro-de-campana-tropical-de-panzer-grenadier\/","title":{"rendered":"WH\/DAK Panzer Grenadier Tropical Overseas Cap&#8211;WH\/ DAK, Gorro de Campa\u00f1a Tropical de &#8220;Panzer Grenadier&#8221;"},"content":{"rendered":"<p style=\"text-align: justify\"><span style=\"font-size: 12pt;font-family: verdana, geneva, sans-serif\"><strong>ANTECEDENTES:<\/strong> A finales de 1940, con la entrada inminente de Alemania en la campa\u00f1a de \u00c1frica del norte, los uniformes, gorras y equipo tropicales fueron desarrollados y publicados r\u00e1pidamente para DAK, Deutsches \u00c1frica Korps, (cuerpo alem\u00e1n de \u00c1frica), para a llegada del personal militar a Tr\u00edpoli en febrero de 1941. Uno de los nuevos art\u00edculos introducidos era la gorra de campa\u00f1a tropical. En su introducci\u00f3n estas gorras fueron se\u00f1alados originalmente, \u201cM\u00fctze, oliv, f\u00fcr Panzersch\u00fctzen\u201d, y pensados al parecer para el uso del personal armado aunque fueron introducidas a todas los ramas del servicio. Las insignias utilizadas consistieron en una cucarda nacional tricolor est\u00e1ndar sobre una base coloreada y un \u00e1guila nacional en azul claro gris\u00e1ceo. Las diversas ramas del servicio dentro del ej\u00e9rcito fueron identificadas por colores (waffenfarbe).<\/span><\/p>\n<p style=\"text-align: justify\"><span style=\"font-size: 12pt;font-family: verdana, geneva, sans-serif\"><strong>DESCRIPCION<\/strong><\/span><span style=\"font-size: medium\"><span style=\"font-family: Verdana\"><span style=\"font-size: 12pt;font-family: verdana, geneva, sans-serif\">: Gorro de campa\u00f1a transicional (Tropenfeldm\u00fctze) para tropa y suboficiales de <strong>&#8220;Panzer Grenadier&#8221;<\/strong>, \u00e1guila nacional y cocarda tricolor reglamentarias cosidas de origen a maquina, lleva el color indentificativo del arma, en este caso verde claro en\u00a0forma de <strong>&#8220;V&#8221; <\/strong>invertida, acompa\u00f1ando a la cocarda, el sut\u00e1s se ha aplicado de forma correcta, se inserta en dos perforaciones cerca del borde inferior. Tiene una dobl\u00e9 banda alrededor que se baja para proteger las orejas del fr\u00edo con dos remaches en aluminio estampado a cada lado con\u00a0orificio de ventilaci\u00f3n, el interior est\u00e1 forrado en algod\u00f3n ligero color rojo,\u00a0sin marcas. Raro modelo transicional, muy poco vistos. Talla 57.<\/span><br \/>\n<\/span><\/span><\/p>\n<p style=\"text-align: justify\">\n","protected":false},"excerpt":{"rendered":"<p style=\"text-align: justify\"><strong><span style=\"font-size: medium\"><span style=\"font-family: Verdana\">ANTECEDENTES:<\/span><\/span><\/strong><span style=\"font-size: medium\"><span style=\"font-family: Verdana\"> A finales de 1940, con la entrada inminente de Alemania en la campa\u00f1a de \u00c1frica del norte, los uniformes, gorras y equipo tropicales fueron desarrollados y publicados r\u00e1pidamente para DAK, Deutsches \u00c1frica Korps, (cuerpo alem\u00e1n de \u00c1frica), para a llegada del personal militar a Tr\u00edpoli en febrero de 1941. Uno de los nuevos art\u00edculos introducidos era la gorra de campa\u00f1a tropical. En su introducci\u00f3n estas gorras fueron se\u00f1alados originalmente, \u201cM\u00fctze, oliv, f\u00fcr Panzersch\u00fctzen\u201d, y pensados al parecer para el uso del personal armado aunque fueron introducidas a todas los ramas del servicio. Las insignias utilizadas consistieron en una cucarda nacional tricolor est\u00e1ndar sobre una base coloreada y un \u00e1guila nacional en azul claro gris\u00e1ceo. Las diversas ramas del servicio dentro del ej\u00e9rcito fueron identificadas por colores (waffenfarbe).<\/span><\/span><\/p>\n<p style=\"text-align: justify\"><strong><span style=\"font-size: medium\"><span style=\"font-family: Verdana\">DESCRIPCION<\/span><\/span><\/strong><span style=\"font-size: medium\"><span style=\"font-family: Verdana\">: Gorro de campa\u00f1a transicional (Tropenfeldm\u00fctze) para tropa y suboficiales de <span style=\"color: #ff0000\">&#8220;Panzer Grenadier&#8221;<\/span>,\u00a0\u00e1guila nacional y cucarda tricolor reglamentarias cosidas de origen a maquina, lleva el color indentificativo del arma, en este caso\u00a0<span style=\"color: #ff0000\">verde claro <\/span>en\u00a0forma de <span style=\"color: #ff0000\">&#8220;V&#8221;<\/span> invertida, acompa\u00f1ando a la cucarda, el sut\u00e1s se ha aplicado de forma correcta, se inserta en dos perforaciones cerca del borde inferior. Tiene una dobl\u00e9 banda alrededor que se baja para proteger las orejas del fr\u00edo con\u00a0<span style=\"color: #ff0000\">dos <\/span>remaches en aluminio estampado a cada lado con\u00a0orificio de ventilaci\u00f3n, el interior est\u00e1 forrado en algod\u00f3n ligero color rojo,\u00a0sin marcas. Raro modelo transicional, muy poco vistos. <span style=\"color: #ff0000\">Talla 57<\/span>.<br \/>\n<\/span><\/span><\/p>\n<p style=\"text-align: justify\">\n","protected":false},"featured_media":4727,"template":"","meta":[],"product_brand":[],"product_cat":[172,224],"product_tag":[],"class_list":{"0":"post-4726","1":"product","2":"type-product","3":"status-publish","4":"has-post-thumbnail","6":"product_cat-militaria-alemana-ww2","7":"product_cat-archivo-vendidos","8":"sales-flash-overlay","9":"woocommerce-text-align-center","10":"woocommerce-image-align-center","11":"do-quantity-buttons","13":"first","14":"outofstock","15":"purchasable","16":"product-type-simple"},"_links":{"self":[{"href":"https:\/\/original-militaria.com\/en\/wp-json\/wp\/v2\/product\/4726","targetHints":{"allow":["GET"]}}],"collection":[{"href":"https:\/\/original-militaria.com\/en\/wp-json\/wp\/v2\/product"}],"about":[{"href":"https:\/\/original-militaria.com\/en\/wp-json\/wp\/v2\/types\/product"}],"wp:featuredmedia":[{"embeddable":true,"href":"https:\/\/original-militaria.com\/en\/wp-json\/wp\/v2\/media\/4727"}],"wp:attachment":[{"href":"https:\/\/original-militaria.com\/en\/wp-json\/wp\/v2\/media?parent=4726"}],"wp:term":[{"taxonomy":"product_brand","embeddable":true,"href":"https:\/\/original-militaria.com\/en\/wp-json\/wp\/v2\/product_brand?post=4726"},{"taxonomy":"product_cat","embeddable":true,"href":"https:\/\/original-militaria.com\/en\/wp-json\/wp\/v2\/product_cat?post=4726"},{"taxonomy":"product_tag","embeddable":true,"href":"https:\/\/original-militaria.com\/en\/wp-json\/wp\/v2\/product_tag?post=4726"}],"curies":[{"name":"wp","href":"https:\/\/api.w.org\/{rel}","templated":true}]}}