{"id":4599,"date":"2017-09-05T11:26:47","date_gmt":"2017-09-05T11:26:47","guid":{"rendered":"https:\/\/original-militaria.com\/?post_type=product&#038;p=4599"},"modified":"2022-01-31T19:04:33","modified_gmt":"2022-01-31T18:04:33","slug":"uniforme-completo-de-maquinista-de-submarinos","status":"publish","type":"product","link":"https:\/\/original-militaria.com\/en\/producto\/uniforme-completo-de-maquinista-de-submarinos\/","title":{"rendered":"Wehrmacht\/Kriegsmarine engine Personne\u00b4s protective Leather Jacket &amp; Pants&#8211;WH\/KM, Uniforme (Guerrera y pantal\u00f3n) Completo de Maquinista de Submarinos."},"content":{"rendered":"<div style=\"padding: 10px\" align=\"justify\"><span style=\"font-family: Verdana\"><span style=\"font-size: medium\"><strong>ANTECEDENTES:<\/strong> Los uniformes de cuero\u00a0se enumeran como ropa especial y se emitieron para todo el\u00a0personal de maquinas, personal de cubierta y puente y\u00a0personal\u00a0de submarinos cuando se dedicaban a funciones espec\u00edficas. La protecci\u00f3n de cuero entr\u00f3 en una variedad de estilos y colores espec\u00edficos para\u00a0todo el\u00a0personal. Este estilo particular de guerrera de piel fue dise\u00f1ada sobre todo para el uso del personal de maquinas. <\/span><\/span><\/div>\n<div style=\"padding: 10px\" align=\"justify\"><span style=\"font-family: Verdana\"><span style=\"font-size: medium\"><strong>DESCRIPCION:<\/strong> Uniforme Completo tres cuartos (Lederjacke und Lederhose) para Personal de Maquinas de Submarinos (U-Boot), todo en cuero negro liso, fila de cinco botones marcados y con el ancla, forraje grueso color gris oscuro. Los pantalones de cuero negro con forraje de lino gris, botones marcados de pl\u00e1stico, modelo ajustable, marcajes del fabricante. Talla mediana-grande, Excelente estado.\u00a0\u00a0<\/span><\/span><\/div>\n<div style=\"padding: 10px\" align=\"justify\"><span style=\"font-family: Verdana\"><span style=\"font-size: medium\"><strong>NOTA:<\/strong> Esta prenda\u00a0fue ampliamente utilizada en particular por los miembros de la 12 \u00aa Divisi\u00f3n SS Hitler Jugend que lucharon ferozmente durante la campa\u00f1a para la ciudad de\u00a0Caen. \u00a0 <\/span><\/span><\/div>\n","protected":false},"excerpt":{"rendered":"<div style=\"padding: 10px\" align=\"justify\"><span style=\"font-family: Verdana\"><span style=\"font-size: medium\"><strong>ANTECEDENTES:<\/strong> Los uniformes de cuero\u00a0se enumeran como ropa especial y se emitieron para todo el\u00a0personal de maquinas, personal de cubierta y puente y\u00a0personal\u00a0de submarinos cuando se dedicaban a funciones espec\u00edficas. La protecci\u00f3n de cuero entr\u00f3 en una variedad de estilos y colores espec\u00edficos para\u00a0todo el\u00a0personal. Este estilo particular de guerrera de piel fue dise\u00f1ada sobre todo para el uso del personal de maquinas. <\/span><\/span><\/div>\n<div style=\"padding: 10px\" align=\"justify\"><span style=\"font-family: Verdana\"><span style=\"font-size: medium\"><strong>DESCRIPCION:<\/strong> Uniforme Completo tres cuartos (Lederjacke und Lederhose) para Personal de Maquinas de Submarinos (U-Boot), todo en cuero negro liso, fila de cinco botones marcados y con el ancla, forraje grueso color gris oscuro. Los pantalones de cuero negro con forraje de lino gris, botones marcados de pl\u00e1stico, modelo ajustable, marcajes del fabricante. Talla mediana-grande, Excelente estado.\u00a0\u00a0<\/span><\/span><\/div>\n<div style=\"padding: 10px\" align=\"justify\"><span style=\"font-family: Verdana\"><span style=\"font-size: medium\"><strong>NOTA:<\/strong> Esta prenda\u00a0fue ampliamente utilizada en particular por los miembros de la 12 \u00aa Divisi\u00f3n SS Hitler Jugend que lucharon ferozmente durante la campa\u00f1a para la ciudad de\u00a0Caen. \u00a0 <\/span><\/span><\/div>\n","protected":false},"featured_media":4600,"template":"","meta":[],"product_brand":[],"product_cat":[224],"product_tag":[],"class_list":{"0":"post-4599","1":"product","2":"type-product","3":"status-publish","4":"has-post-thumbnail","6":"product_cat-archivo-vendidos","7":"sales-flash-overlay","8":"woocommerce-text-align-center","9":"woocommerce-image-align-center","10":"do-quantity-buttons","12":"first","13":"outofstock","14":"purchasable","15":"product-type-simple"},"_links":{"self":[{"href":"https:\/\/original-militaria.com\/en\/wp-json\/wp\/v2\/product\/4599","targetHints":{"allow":["GET"]}}],"collection":[{"href":"https:\/\/original-militaria.com\/en\/wp-json\/wp\/v2\/product"}],"about":[{"href":"https:\/\/original-militaria.com\/en\/wp-json\/wp\/v2\/types\/product"}],"wp:featuredmedia":[{"embeddable":true,"href":"https:\/\/original-militaria.com\/en\/wp-json\/wp\/v2\/media\/4600"}],"wp:attachment":[{"href":"https:\/\/original-militaria.com\/en\/wp-json\/wp\/v2\/media?parent=4599"}],"wp:term":[{"taxonomy":"product_brand","embeddable":true,"href":"https:\/\/original-militaria.com\/en\/wp-json\/wp\/v2\/product_brand?post=4599"},{"taxonomy":"product_cat","embeddable":true,"href":"https:\/\/original-militaria.com\/en\/wp-json\/wp\/v2\/product_cat?post=4599"},{"taxonomy":"product_tag","embeddable":true,"href":"https:\/\/original-militaria.com\/en\/wp-json\/wp\/v2\/product_tag?post=4599"}],"curies":[{"name":"wp","href":"https:\/\/api.w.org\/{rel}","templated":true}]}}