{"id":4594,"date":"2017-09-05T11:26:47","date_gmt":"2017-09-05T11:26:47","guid":{"rendered":"https:\/\/original-militaria.com\/?post_type=product&#038;p=4594"},"modified":"2021-09-02T14:45:43","modified_gmt":"2021-09-02T14:45:43","slug":"gran-fotografia-de-una-banda-de-musica-de-las-hj","status":"publish","type":"product","link":"https:\/\/original-militaria.com\/en\/producto\/gran-fotografia-de-una-banda-de-musica-de-las-hj\/","title":{"rendered":"Great Photograph of a Hitler Youth Music Band&#8212;Gran Fotograf\u00eda de una Banda de M\u00fasica de las HJ."},"content":{"rendered":"<p style=\"text-align: justify\" align=\"justify\"><span style=\"font-family: verdana, geneva, sans-serif;font-size: 12pt\">Gran Fotograf\u00eda de una Banda de M\u00fasica de las HJ (Juventudes Hitlerianas) en color sepia por las calles de Berl\u00edn. Mide 24 cm de ancho X 17,50 de alto.<\/span><\/p>\n","protected":false},"excerpt":{"rendered":"<p align=\"justify\"><span style=\"font-family: Verdana\"><strong>DESCRIPCION:<\/strong> Gran Fotograf\u00eda de una Banda de M\u00fasica de las HJ (Juventudes Hitlerianas) en color sepia por las calles de Berl\u00edn. Mide 24 cm de ancho X 17,50 de alto.<\/span><\/p>\n","protected":false},"featured_media":4595,"template":"","meta":[],"product_brand":[],"product_cat":[203],"product_tag":[],"class_list":{"0":"post-4594","1":"product","2":"type-product","3":"status-publish","4":"has-post-thumbnail","6":"product_cat-albumes-de-fotos-fotos-y-postales","7":"sales-flash-overlay","8":"woocommerce-text-align-center","9":"woocommerce-image-align-center","10":"do-quantity-buttons","12":"first","13":"instock","14":"purchasable","15":"product-type-simple"},"_links":{"self":[{"href":"https:\/\/original-militaria.com\/en\/wp-json\/wp\/v2\/product\/4594","targetHints":{"allow":["GET"]}}],"collection":[{"href":"https:\/\/original-militaria.com\/en\/wp-json\/wp\/v2\/product"}],"about":[{"href":"https:\/\/original-militaria.com\/en\/wp-json\/wp\/v2\/types\/product"}],"wp:featuredmedia":[{"embeddable":true,"href":"https:\/\/original-militaria.com\/en\/wp-json\/wp\/v2\/media\/4595"}],"wp:attachment":[{"href":"https:\/\/original-militaria.com\/en\/wp-json\/wp\/v2\/media?parent=4594"}],"wp:term":[{"taxonomy":"product_brand","embeddable":true,"href":"https:\/\/original-militaria.com\/en\/wp-json\/wp\/v2\/product_brand?post=4594"},{"taxonomy":"product_cat","embeddable":true,"href":"https:\/\/original-militaria.com\/en\/wp-json\/wp\/v2\/product_cat?post=4594"},{"taxonomy":"product_tag","embeddable":true,"href":"https:\/\/original-militaria.com\/en\/wp-json\/wp\/v2\/product_tag?post=4594"}],"curies":[{"name":"wp","href":"https:\/\/api.w.org\/{rel}","templated":true}]}}