{"id":45181,"date":"2025-09-07T13:08:56","date_gmt":"2025-09-07T11:08:56","guid":{"rendered":"https:\/\/original-militaria.com\/producto\/studio-portrait-photograph-by-martin-balg-berlin-court-photographer-important\/"},"modified":"2025-09-07T17:46:04","modified_gmt":"2025-09-07T15:46:04","slug":"studio-portrait-photograph-by-martin-balg-berlin-court-photographer-important","status":"publish","type":"product","link":"https:\/\/original-militaria.com\/en\/producto\/studio-portrait-photograph-by-martin-balg-berlin-court-photographer-important\/","title":{"rendered":"Studio Portrait- Photography by &#8220;Mart\u00edn Balg, Berlin&#8221; Court Photographer. Important"},"content":{"rendered":"<p style=\"text-align: justify;\"><span style=\"font-size: 12pt; font-family: verdana, geneva, sans-serif;\">Retrato de estudio en blanco y negro, en cart\u00f3n, o carta de presentaci\u00f3n a un soldado, tomado en el estudio de Martin Balg, fot\u00f3grafo de la corte (Hofphotograpf) en Berl\u00edn, en Dirksenstr. 25, frente a la estaci\u00f3n de Alexanderplatz. Su especialidad era la fotograf\u00eda art\u00edstica de retratos. Fue galardonado con la m\u00e1xima distinci\u00f3n, la Medalla de Oro. En su estudio, ofrec\u00eda ampliaciones de cada imagen con una calidad excelente y duradera.<\/span><\/p>\n","protected":false},"excerpt":{"rendered":"<p>Retrato de estudio en blanco y negro, en cart\u00f3n, o carta de presentaci\u00f3n a un soldado, tomado en el estudio de Martin Balg, fot\u00f3grafo de la corte (Hofphotograpf) en Berl\u00edn, en Dirksenstr. 25, frente a la estaci\u00f3n de Alexanderplatz. Su especialidad era la fotograf\u00eda art\u00edstica de retratos. Fue galardonado con la m\u00e1xima distinci\u00f3n, la Medalla &#8230; <a title=\"Studio Portrait- Photography by &#8220;Mart\u00edn Balg, Berlin&#8221; Court Photographer. Important\" class=\"read-more\" href=\"https:\/\/original-militaria.com\/en\/producto\/studio-portrait-photograph-by-martin-balg-berlin-court-photographer-important\/\" aria-label=\"Read more about Studio Portrait- Photography by &#8220;Mart\u00edn Balg, Berlin&#8221; Court Photographer. Important\">Leer m\u00e1s<\/a><\/p>\n","protected":false},"featured_media":45199,"template":"","meta":[],"product_brand":[],"product_cat":[254],"product_tag":[],"class_list":{"0":"post-45181","1":"product","2":"type-product","3":"status-publish","4":"has-post-thumbnail","6":"product_cat-german-militaria-ww1","7":"sales-flash-overlay","8":"woocommerce-text-align-center","9":"woocommerce-image-align-center","10":"do-quantity-buttons","12":"first","13":"instock","14":"shipping-taxable","15":"purchasable","16":"product-type-simple"},"_links":{"self":[{"href":"https:\/\/original-militaria.com\/en\/wp-json\/wp\/v2\/product\/45181","targetHints":{"allow":["GET"]}}],"collection":[{"href":"https:\/\/original-militaria.com\/en\/wp-json\/wp\/v2\/product"}],"about":[{"href":"https:\/\/original-militaria.com\/en\/wp-json\/wp\/v2\/types\/product"}],"wp:featuredmedia":[{"embeddable":true,"href":"https:\/\/original-militaria.com\/en\/wp-json\/wp\/v2\/media\/45199"}],"wp:attachment":[{"href":"https:\/\/original-militaria.com\/en\/wp-json\/wp\/v2\/media?parent=45181"}],"wp:term":[{"taxonomy":"product_brand","embeddable":true,"href":"https:\/\/original-militaria.com\/en\/wp-json\/wp\/v2\/product_brand?post=45181"},{"taxonomy":"product_cat","embeddable":true,"href":"https:\/\/original-militaria.com\/en\/wp-json\/wp\/v2\/product_cat?post=45181"},{"taxonomy":"product_tag","embeddable":true,"href":"https:\/\/original-militaria.com\/en\/wp-json\/wp\/v2\/product_tag?post=45181"}],"curies":[{"name":"wp","href":"https:\/\/api.w.org\/{rel}","templated":true}]}}