{"id":45103,"date":"2025-08-23T18:11:48","date_gmt":"2025-08-23T16:11:48","guid":{"rendered":"https:\/\/original-militaria.com\/?post_type=product&#038;p=45103"},"modified":"2026-01-26T10:08:52","modified_gmt":"2026-01-26T09:08:52","slug":"vanguard-campaign-medal-1936-1939-specific-model-created-for-the-condor-legion-by-egana-with-a-torch-or-pineapple","status":"publish","type":"product","link":"https:\/\/original-militaria.com\/en\/producto\/vanguard-campaign-medal-1936-1939-specific-model-created-for-the-condor-legion-by-egana-with-a-torch-or-pineapple\/","title":{"rendered":"Vanguard Campaign Medal (1936-1939). Specific model created for the Condor Legion by EGA\u00d1A, with a &#8220;Torch&#8221; or &#8220;Pineapple.&#8221;"},"content":{"rendered":"<p style=\"text-align: justify;\"><span style=\"font-size: 12pt; font-family: verdana, geneva, sans-serif;\">1936\/39 Campaign Medal with vanguard ribbon and pin, type <strong>&#8220;1&#8221;<\/strong> model with <strong>EGA\u00d1A<\/strong> in a vertical position, from left to right, following the ray of the sun closest to the sword blade, specific model for the<strong> Condor Legion<\/strong> as it has a <strong>&#8220;Torch&#8221;<\/strong> or <em>&#8220;Pineapple&#8221;<\/em> distinctive of this variant under the ring.<\/span><br \/>\n<span style=\"font-size: 12pt; font-family: verdana, geneva, sans-serif;\">The circular medal, with a diameter of 37 millimeters and a thickness of 3 millimeters, features on the obverse, in matte black, a lion killing a dragon, representing communism, with the radiant sun in the background and the legend <strong>&#8220;17 JVLIO 1936&#8221;<\/strong>. In the background and in gold, the four swords of the Laureate Cross of Saint Ferdinand, whose same laurels form the outline. On the reverse, it has the figure of an eagle in gold, which holds the coat of arms of the Catholic Monarchs in matte black in its claws. Next to the shield, and also in black, a helmet and a bundle of five arrows. As a border, it has a circular crown with two sections, one in matte black, which includes the legend &#8220;ARRIBA ESPA\u00d1A&#8221;, and the other in gold, with the legends &#8220;GENERAL\u00cdSIMO FRANCO V\u00cdCTOR&#8221; (in initials and anagram) and &#8220;UNA GRANDE LIBRE IMPERIAL M. HISP. GLOR&#8221;.<\/span><\/p>\n<p style=\"text-align: justify;\"><span style=\"font-size: 12pt; font-family: verdana, geneva, sans-serif;\"><strong>Note:<\/strong> This is not a standard Civil War Campaign medal; it is a specific Ega\u00f1a model associated with carrying the Torch or Pinecone (a Roman symbol of fortune) to the Condor Legion.<\/span><\/p>\n<p style=\"text-align: justify;\"><span style=\"font-size: 12pt; font-family: verdana, geneva, sans-serif;\"><strong>Note 1:<\/strong> See photos to see the difference!<\/span><\/p>\n","protected":false},"excerpt":{"rendered":"<p>1936\/39 Campaign Medal with vanguard ribbon and pin, type &#8220;1&#8221; model with EGA\u00d1A in a vertical position, from left to right, following the ray of the sun closest to the sword blade, specific model for the Condor Legion as it has a &#8220;Torch&#8221; or &#8220;Pineapple&#8221; distinctive of this variant under the ring. The circular medal, &#8230; <a title=\"Vanguard Campaign Medal (1936-1939). Specific model created for the Condor Legion by EGA\u00d1A, with a &#8220;Torch&#8221; or &#8220;Pineapple.&#8221;\" class=\"read-more\" href=\"https:\/\/original-militaria.com\/en\/producto\/vanguard-campaign-medal-1936-1939-specific-model-created-for-the-condor-legion-by-egana-with-a-torch-or-pineapple\/\" aria-label=\"Read more about Vanguard Campaign Medal (1936-1939). Specific model created for the Condor Legion by EGA\u00d1A, with a &#8220;Torch&#8221; or &#8220;Pineapple.&#8221;\">Leer m\u00e1s<\/a><\/p>\n","protected":false},"featured_media":45109,"template":"","meta":[],"product_brand":[],"product_cat":[244,247],"product_tag":[],"class_list":{"0":"post-45103","1":"product","2":"type-product","3":"status-publish","4":"has-post-thumbnail","6":"product_cat-sold-archive","7":"product_cat-spanish-militaria","8":"sales-flash-overlay","9":"woocommerce-text-align-center","10":"woocommerce-image-align-center","11":"do-quantity-buttons","13":"first","14":"outofstock","15":"shipping-taxable","16":"product-type-simple"},"_links":{"self":[{"href":"https:\/\/original-militaria.com\/en\/wp-json\/wp\/v2\/product\/45103","targetHints":{"allow":["GET"]}}],"collection":[{"href":"https:\/\/original-militaria.com\/en\/wp-json\/wp\/v2\/product"}],"about":[{"href":"https:\/\/original-militaria.com\/en\/wp-json\/wp\/v2\/types\/product"}],"wp:featuredmedia":[{"embeddable":true,"href":"https:\/\/original-militaria.com\/en\/wp-json\/wp\/v2\/media\/45109"}],"wp:attachment":[{"href":"https:\/\/original-militaria.com\/en\/wp-json\/wp\/v2\/media?parent=45103"}],"wp:term":[{"taxonomy":"product_brand","embeddable":true,"href":"https:\/\/original-militaria.com\/en\/wp-json\/wp\/v2\/product_brand?post=45103"},{"taxonomy":"product_cat","embeddable":true,"href":"https:\/\/original-militaria.com\/en\/wp-json\/wp\/v2\/product_cat?post=45103"},{"taxonomy":"product_tag","embeddable":true,"href":"https:\/\/original-militaria.com\/en\/wp-json\/wp\/v2\/product_tag?post=45103"}],"curies":[{"name":"wp","href":"https:\/\/api.w.org\/{rel}","templated":true}]}}