{"id":4483,"date":"2017-09-05T11:26:21","date_gmt":"2017-09-05T11:26:21","guid":{"rendered":"https:\/\/original-militaria.com\/?post_type=product&#038;p=4483"},"modified":"2022-01-31T19:04:30","modified_gmt":"2022-01-31T18:04:30","slug":"estuche-con-pareja-de-pistolas-de-duelo-lepage-1860","status":"publish","type":"product","link":"https:\/\/original-militaria.com\/en\/producto\/estuche-con-pareja-de-pistolas-de-duelo-lepage-1860\/","title":{"rendered":"Case with Pair of Dueling Pistols &#8220;Lepage, 1860&#8221;&#8212;Estuche con Pareja de Pistolas de Duelo &#8220;Lepage, 1860&#8221;"},"content":{"rendered":"<p style=\"text-align: justify\" align=\"justify\"><span style=\"font-size: 12pt;font-family: verdana, geneva, sans-serif\"><strong>ANTECEDENTES:<\/strong> Lepage Freres, Lieja\/Paris, 1857-1868, fabricante de pistolas estuchadas, firmaba en sus estuches en 1860 como &#8220;Fabrique de Lepage Fr\u00e9res \u00e1 Li\u00e9ge. Maison \u00e1 Paris, 12 Rue d\u00c9nghien&#8221; y a partir de\u00a01868 como LEPAGE &amp; CHAUVOT, la familia Lepage en Paris. Datos provenientes del tomo 1\u00ba pagina 703 de la enciclopedia de armas antiguas &#8220;Heer der Neue Stockel&#8221;<\/span><\/p>\n<p style=\"text-align: justify\" align=\"justify\"><span style=\"font-family: verdana, geneva, sans-serif;font-size: 12pt\"><strong>DESCRIPCION: <\/strong>Pareja de pistolas de duelo de percusi\u00f3n estuchadas de 1860 de &#8220;Lepage&#8221;\u00a0en cofre de caoba original con su llave con placa y cantoneras de bronce en su per\u00edmetro. Interior con espacios para los accesorios,\u00a0las dos armas y dos cavidades con tapa pata contener las balas, \u00a0todo el interior esta tapizado en terciopelo verde,\u00a0 bajo la tapa sobre el terciopelo figura bien definido en letras doradas el nombre del fabricante &#8220;Lepage Freres, Lieja. Casa en Paris&#8221;.\u00a0 Las pistolas para Lances de Honor de excelente riqueza y manufactura tienen sus culatas en ra\u00edz de nogal barnizado y tallado de forma caprichosa para recibir todas las partes met\u00e1licas que la conforman con total ajuste y precisi\u00f3n, resultando un fino trabajo de ebanister\u00eda. Los ca\u00f1ones de acero fundido (&#8220;Acier Fondu&#8221;) grabados y embutidos en oro con facetas y biseles anclados a &#8220;Falsa rabera&#8221; y punto de mira de bola en cola de milano. En la parte inferior de ellos, marcaje del Banco de pruebas de Lieja (B\u00e9lgica) &#8220;L&#8221; y de Francia (&#8220;F&#8221; coronada). Tambi\u00e9n la expresi\u00f3n de calibre &#8220;12.2&#8221; estampada. En la trasera del alza, cada una de las armas va numerada &#8220;1&#8221; y &#8220;2&#8221;. La llave percutora de extra\u00f1o dise\u00f1o forma en la culata Angulo de 90\u00ba con muelle trasero, toda ella as\u00ed como el resto de las piezas met\u00e1licas que la completan finamente grabada a cincel con ornato floral, mascaras Gon diferentes en cada arma tanto en la base de la empu\u00f1adura como en el guardamontes nielados en oro y remate en base de la culata. Poseen un mecanismo en los disparadores con ajuste microm\u00e9trico, que les permite graduar la presi\u00f3n, logrando el disparo con la m\u00ednima presi\u00f3n del dedo (disparadores al &#8220;pelo&#8221;) los muelles reales perfectos. El anima de los ca\u00f1ones esat provista de hondo y marcado estriado en inmejorable estado de conservaci\u00f3n sin tara o defecto alguno. Es necesario libro de coleccionista, lo puede solicitar sin licencia en su Intervenci\u00f3n de armas. <strong>Los accesorios que componen el estuche son:<\/strong><\/span><\/p>\n<p class=\"MsoNormal\" style=\"text-align: justify\"><span style=\"font-family: verdana, geneva, sans-serif;font-size: 12pt\">\u00a0&#8211; Dos pistolas de duelo &#8220;1&#8221; y &#8220;2&#8221;\u00a0con\u00a0mascaras &#8220;Gon&#8221;\u00a0distintas<\/span><\/p>\n<p style=\"text-align: justify\" align=\"justify\"><span style=\"font-size: 12pt;font-family: verdana, geneva, sans-serif\">&#8211; Baqueta de carga en \u00e9bano y bronce<\/span><\/p>\n<p style=\"text-align: justify\" align=\"justify\"><span style=\"font-size: 12pt;font-family: verdana, geneva, sans-serif\">&#8211; Mazo de carga en \u00e9bano<\/span><\/p>\n<p style=\"text-align: justify\" align=\"justify\"><span style=\"font-size: 12pt;font-family: verdana, geneva, sans-serif\">&#8211; Baqueta de limpieza con saca trapos en \u00e9bano<\/span><\/p>\n<p style=\"text-align: justify\" align=\"justify\"><span style=\"font-size: 12pt;font-family: verdana, geneva, sans-serif\">&#8211; Cajita esf\u00e9rica en madera de \u00e9bano para pistones<\/span><\/p>\n<p style=\"text-align: justify\" align=\"justify\"><span style=\"font-size: 12pt;font-family: verdana, geneva, sans-serif\">&#8211; Turquesa de dos cavidades de calibre<\/span><\/p>\n<p style=\"text-align: justify\" align=\"justify\"><span style=\"font-size: 12pt;font-family: verdana, geneva, sans-serif\">&#8211; Destornillador de \u00e9bano reversible para el desmonte total o sus chimeneas<\/span><\/p>\n<p style=\"text-align: justify\" align=\"justify\"><span style=\"font-size: 12pt;font-family: verdana, geneva, sans-serif\">&#8211; Polvorera de cobre inglesa de la marca &#8220;Dixon &amp; Sons&#8221; <\/span><\/p>\n<p style=\"text-align: justify\" align=\"justify\"><span style=\"font-size: 12pt;font-family: verdana, geneva, sans-serif\">&#8211; Bote cil\u00edndrico ingl\u00e9s para grasa de la marca &#8220;Dixon &amp; Sons&#8221;<\/span><\/p>\n<p style=\"text-align: justify\" align=\"justify\"><span style=\"font-size: 12pt;font-family: verdana, geneva, sans-serif\">&#8211; Accesorio c\u00f3nico espiral saca balas<\/span><\/p>\n<p style=\"text-align: justify\" align=\"justify\"><span style=\"font-size: 12pt;font-family: verdana, geneva, sans-serif\">Estas armas fueron probadas despu\u00e9s de estar sin disparar m\u00e1s de 130 a\u00f1os en el a\u00f1o 2000 por un famoso campe\u00f3n internacional de tiro con pistolas de avancarga, tienen centrado perfecto, si bien dando diferentes alturas, ya que las alzas son de diferente altura. <\/span><\/p>\n<p style=\"text-align: justify\" align=\"justify\"><span style=\"font-size: 12pt;font-family: verdana, geneva, sans-serif\">En resumen como han sido definidas por varios expertos, pueden ser consideradas con la mayor objetividad pr\u00e1cticamente \u00fanicas en su genero por calidad de manufactura, especial dise\u00f1o, ornato y renombre de la saga de fabricantes &#8220;Lepage&#8221;<\/span><\/p>\n","protected":false},"excerpt":{"rendered":"<p align=\"justify\"><span style=\"font-size: medium\"><span style=\"font-family: Verdana\"><span style=\"font-family: Verdana\"><strong>ANTECEDENTES:<\/strong> Lepage Freres, Lieja\/Paris, 1857-1868, fabricante de pistolas estuchadas, firmaba en sus estuches en 1860 como &#8220;Fabrique de Lepage Fr\u00e9res \u00e1 Li\u00e9ge. Maison \u00e1 Paris, 12 Rue d\u00c9nghien&#8221; y a partir de\u00a01868 como LEPAGE &amp; CHAUVOT, la familia Lepage en Paris. Datos provenientes del tomo 1\u00ba pagina 703 de la enciclopedia de armas antiguas &#8220;Heer der Neue Stockel&#8221;<\/span><\/span><\/span><\/p>\n<p align=\"justify\"><span style=\"font-size: medium\"><span style=\"font-family: Verdana\"><strong><span style=\"font-family: Verdana\">DESCRIPCION: <\/span><\/strong><span style=\"font-family: Verdana\">Pareja de pistolas de duelo de percusi\u00f3n estuchadas de 1860 de <span style=\"color: #ff0000\">&#8220;Lepage&#8221;<\/span>\u00a0en cofre de caoba original con su llave con placa y cantoneras de bronce en su per\u00edmetro. Interior con espacios para los accesorios,\u00a0las dos armas y dos cavidades con tapa pata contener las balas, \u00a0todo el interior esta tapizado en terciopelo verde,\u00a0 bajo la tapa sobre el terciopelo figura bien definido en letras doradas el nombre del fabricante<span style=\"color: #ff0000\"> &#8220;Lepage Freres, Lieja. Casa en Paris&#8221;.<\/span>\u00a0 Las pistolas para Lances de Honor de excelente riqueza y manufactura tienen sus culatas en ra\u00edz de nogal barnizado y tallado de forma caprichosa para recibir todas las partes met\u00e1licas que la conforman con total ajuste y precisi\u00f3n, resultando un fino trabajo de ebanister\u00eda. Los ca\u00f1ones de acero fundido (&#8220;Acier Fondu&#8221;) grabados y embutidos en oro con facetas y biseles anclados a &#8220;Falsa rabera&#8221; y punto de mira de bola en cola de milano. En la parte inferior de ellos, marcaje del Banco de pruebas de Lieja (B\u00e9lgica) &#8220;L&#8221; y de Francia (&#8220;F&#8221; coronada). Tambi\u00e9n la expresi\u00f3n de calibre &#8220;12.2&#8221; estampada. En la trasera del alza, cada una de las armas va numerada &#8220;1&#8221; y &#8220;2&#8221;. La llave percutora de extra\u00f1o dise\u00f1o forma en la culata Angulo de 90\u00ba con muelle trasero, toda ella as\u00ed como el resto de las piezas met\u00e1licas que la completan finamente grabada a cincel con ornato floral, mascaras Gon diferentes en cada arma tanto en la base de la empu\u00f1adura como en el guardamontes nielados en oro y remate en base de la culata. Poseen un mecanismo en los disparadores con ajuste microm\u00e9trico, que les permite graduar la presi\u00f3n, logrando el disparo con la m\u00ednima presi\u00f3n del dedo (disparadores al &#8220;pelo&#8221;) los muelles reales perfectos. El anima de los ca\u00f1ones esat provista de hondo y marcado estriado en inmejorable estado de conservaci\u00f3n sin tara o defecto alguno. <span style=\"color: #ff0000\">Es necesario libro de coleccionista, lo puede solicitar sin licencia en su Intervenci\u00f3n de armas.<\/span><\/span><\/span><\/span><span style=\"font-size: medium\"> <span style=\"font-family: Verdana\"><strong><span style=\"font-family: Verdana\">Los accesorios que componen el estuche son:<\/span><\/strong><\/span><\/span><\/p>\n<p class=\"MsoNormal\"><span style=\"font-size: medium\"><span style=\"font-family: Arial\">\u00a0<\/span><\/span><span style=\"font-size: medium\"><span style=\"font-family: Verdana\">&#8211; Dos pistolas de duelo &#8220;1&#8221; y &#8220;2&#8221;\u00a0con\u00a0mascaras &#8220;Gon&#8221;\u00a0distintas<\/span><\/span><\/p>\n<p align=\"justify\"><span style=\"font-size: medium\"><span style=\"font-family: Verdana\">&#8211; Baqueta de carga en \u00e9bano y bronce<\/span><\/span><\/p>\n<p align=\"justify\"><span style=\"font-size: medium\"><span style=\"font-family: Verdana\">&#8211; Mazo de carga en \u00e9bano<\/span><\/span><\/p>\n<p align=\"justify\"><span style=\"font-size: medium\"><span style=\"font-family: Verdana\">&#8211; Baqueta de limpieza con saca trapos en \u00e9bano<\/span><\/span><\/p>\n<p align=\"justify\"><span style=\"font-size: medium\"><span style=\"font-family: Verdana\">&#8211; Cajita esf\u00e9rica en madera de \u00e9bano para pistones<\/span><\/span><\/p>\n<p align=\"justify\"><span style=\"font-size: medium\"><span style=\"font-family: Verdana\">&#8211; Turquesa de dos cavidades de calibre<\/span><\/span><\/p>\n<p align=\"justify\"><span style=\"font-size: medium\"><span style=\"font-family: Verdana\">&#8211; Destornillador de \u00e9bano reversible para el desmonte total o sus chimeneas<\/span><\/span><\/p>\n<p align=\"justify\"><span style=\"font-size: medium\"><span style=\"font-family: Verdana\">&#8211; Polvorera de cobre inglesa de la marca &#8220;Dixon &amp; Sons&#8221; <\/span><\/span><\/p>\n<p align=\"justify\"><span style=\"font-size: medium\"><span style=\"font-family: Verdana\">&#8211; Bote cil\u00edndrico ingl\u00e9s para grasa de la marca &#8220;Dixon &amp; Sons&#8221;<\/span><\/span><\/p>\n<p align=\"justify\"><span style=\"font-size: medium\"><span style=\"font-family: Verdana\">&#8211; Accesorio c\u00f3nico espiral saca balas<\/span><\/span><\/p>\n<p align=\"justify\"><span style=\"font-size: medium\"><span style=\"font-family: Verdana\">Estas armas fueron probadas despu\u00e9s de estar sin disparar m\u00e1s de 130 a\u00f1os en el a\u00f1o 2000 por un famoso campe\u00f3n internacional de tiro con pistolas de avancarga, tienen centrado perfecto, si bien dando diferentes alturas, ya que las alzas son de diferente altura. <\/span><\/span><\/p>\n<p align=\"justify\"><span style=\"font-size: medium\"><span style=\"font-family: Verdana\">En resumen como han sido definidas por varios expertos, pueden ser consideradas con la mayor objetividad pr\u00e1cticamente \u00fanicas en su genero por calidad de manufactura, especial dise\u00f1o, ornato y renombre de la saga de fabricantes &#8220;Lepage&#8221;<\/span><\/span><\/p>\n","protected":false},"featured_media":4484,"template":"","meta":[],"product_brand":[],"product_cat":[224],"product_tag":[],"class_list":{"0":"post-4483","1":"product","2":"type-product","3":"status-publish","4":"has-post-thumbnail","6":"product_cat-archivo-vendidos","7":"sales-flash-overlay","8":"woocommerce-text-align-center","9":"woocommerce-image-align-center","10":"do-quantity-buttons","12":"first","13":"outofstock","14":"purchasable","15":"product-type-simple"},"_links":{"self":[{"href":"https:\/\/original-militaria.com\/en\/wp-json\/wp\/v2\/product\/4483","targetHints":{"allow":["GET"]}}],"collection":[{"href":"https:\/\/original-militaria.com\/en\/wp-json\/wp\/v2\/product"}],"about":[{"href":"https:\/\/original-militaria.com\/en\/wp-json\/wp\/v2\/types\/product"}],"wp:featuredmedia":[{"embeddable":true,"href":"https:\/\/original-militaria.com\/en\/wp-json\/wp\/v2\/media\/4484"}],"wp:attachment":[{"href":"https:\/\/original-militaria.com\/en\/wp-json\/wp\/v2\/media?parent=4483"}],"wp:term":[{"taxonomy":"product_brand","embeddable":true,"href":"https:\/\/original-militaria.com\/en\/wp-json\/wp\/v2\/product_brand?post=4483"},{"taxonomy":"product_cat","embeddable":true,"href":"https:\/\/original-militaria.com\/en\/wp-json\/wp\/v2\/product_cat?post=4483"},{"taxonomy":"product_tag","embeddable":true,"href":"https:\/\/original-militaria.com\/en\/wp-json\/wp\/v2\/product_tag?post=4483"}],"curies":[{"name":"wp","href":"https:\/\/api.w.org\/{rel}","templated":true}]}}