{"id":44749,"date":"2025-05-31T12:23:30","date_gmt":"2025-05-31T10:23:30","guid":{"rendered":"https:\/\/original-militaria.com\/producto\/spain-vanguard-campaign-medal-1936-1939-egana-marked-model\/"},"modified":"2025-09-29T18:20:41","modified_gmt":"2025-09-29T16:20:41","slug":"spain-vanguard-campaign-medal-1936-1939-egana-marked-model","status":"publish","type":"product","link":"https:\/\/original-militaria.com\/en\/producto\/spain-vanguard-campaign-medal-1936-1939-egana-marked-model\/","title":{"rendered":"Spain\/ Vanguard Campaign Medal (1936-1939). Ega\u00f1a Marked Model. Without &#8220;Pineapple&#8221; or &#8220;Torch&#8221;"},"content":{"rendered":"<p style=\"text-align: justify;\"><span style=\"font-size: 12pt; font-family: verdana, geneva, sans-serif;\">With a ribbon vanguard and clasp, the medal features on the obverse, in matte black, a lion slaying a dragon, representing communism, with the radiant sun in the background and the legend &#8220;17 JVLIO 1936&#8221;. In the background and in gold, the four swords of the Laureate Cross of Saint Ferdinand, whose laurels form the outline. On the reverse, there is the figure of an eagle in gold, which holds the coat of arms of the Catholic Monarchs in matte black in its talons. Next to the coat of arms, and also in black, are a helmet and a bundle of five arrows below the <strong>&#8220;EGA\u00d1A&#8221;<\/strong> arrows. As a border, it has a circular crown with two sections, one in matte black, which features the legend &#8220;ARRIBA ESPA\u00d1A&#8221;, and the other in gold, with the legends &#8220;GENERAL\u00cdSIMO FRANCO V\u00cdCTOR&#8221; (in initials and anagram) and &#8220;UNA GRANDE LIBRE IMPERIAL M. HISP. GLOR.&#8221;<\/span><\/p>\n<p><span style=\"font-size: 12pt; font-family: verdana, geneva, sans-serif;\"><strong>Note:<\/strong> This is a standard model Civil War Campaign medal, but as it does not have a Torch or Pinecone (Roman symbol of fortune), it is not the specific model for the Condor Legion.<\/span><\/p>\n","protected":false},"excerpt":{"rendered":"<p>With a ribbon vanguard and clasp, the medal features on the obverse, in matte black, a lion slaying a dragon, representing communism, with the radiant sun in the background and the legend &#8220;17 JVLIO 1936&#8221;. In the background and in gold, the four swords of the Laureate Cross of Saint Ferdinand, whose laurels form the &#8230; <a title=\"Spain\/ Vanguard Campaign Medal (1936-1939). Ega\u00f1a Marked Model. Without &#8220;Pineapple&#8221; or &#8220;Torch&#8221;\" class=\"read-more\" href=\"https:\/\/original-militaria.com\/en\/producto\/spain-vanguard-campaign-medal-1936-1939-egana-marked-model\/\" aria-label=\"Read more about Spain\/ Vanguard Campaign Medal (1936-1939). Ega\u00f1a Marked Model. Without &#8220;Pineapple&#8221; or &#8220;Torch&#8221;\">Leer m\u00e1s<\/a><\/p>\n","protected":false},"featured_media":44740,"template":"","meta":[],"product_brand":[],"product_cat":[248,247,250,283],"product_tag":[],"class_list":{"0":"post-44749","1":"product","2":"type-product","3":"status-publish","4":"has-post-thumbnail","6":"product_cat-franco-era","7":"product_cat-spanish-militaria","8":"product_cat-spanish-civil-war","9":"product_cat-spanish-falange-jons","10":"sales-flash-overlay","11":"woocommerce-text-align-center","12":"woocommerce-image-align-center","13":"do-quantity-buttons","15":"first","16":"instock","17":"shipping-taxable","18":"purchasable","19":"product-type-simple"},"_links":{"self":[{"href":"https:\/\/original-militaria.com\/en\/wp-json\/wp\/v2\/product\/44749","targetHints":{"allow":["GET"]}}],"collection":[{"href":"https:\/\/original-militaria.com\/en\/wp-json\/wp\/v2\/product"}],"about":[{"href":"https:\/\/original-militaria.com\/en\/wp-json\/wp\/v2\/types\/product"}],"wp:featuredmedia":[{"embeddable":true,"href":"https:\/\/original-militaria.com\/en\/wp-json\/wp\/v2\/media\/44740"}],"wp:attachment":[{"href":"https:\/\/original-militaria.com\/en\/wp-json\/wp\/v2\/media?parent=44749"}],"wp:term":[{"taxonomy":"product_brand","embeddable":true,"href":"https:\/\/original-militaria.com\/en\/wp-json\/wp\/v2\/product_brand?post=44749"},{"taxonomy":"product_cat","embeddable":true,"href":"https:\/\/original-militaria.com\/en\/wp-json\/wp\/v2\/product_cat?post=44749"},{"taxonomy":"product_tag","embeddable":true,"href":"https:\/\/original-militaria.com\/en\/wp-json\/wp\/v2\/product_tag?post=44749"}],"curies":[{"name":"wp","href":"https:\/\/api.w.org\/{rel}","templated":true}]}}