{"id":44476,"date":"2025-05-30T23:05:26","date_gmt":"2025-05-30T21:05:26","guid":{"rendered":"https:\/\/original-militaria.com\/?post_type=product&#038;p=44476"},"modified":"2026-04-21T09:54:41","modified_gmt":"2026-04-21T07:54:41","slug":"kriegsmarine-blue-jumper-shirt-with-collar-dickie","status":"publish","type":"product","link":"https:\/\/original-militaria.com\/en\/producto\/kriegsmarine-blue-jumper-shirt-with-collar-dickie\/","title":{"rendered":"Kriegsmarine Blue Jumper Shirt with Collar Dickie, Named"},"content":{"rendered":"<p style=\"text-align: justify;\"><span style=\"font-size: 12pt; font-family: verdana, geneva, sans-serif;\">Kriegsmarine Blue Jumper Shirt (Matrosenhemd f\u00fcr Mannschaften) with Collar Dickie (Exerzierkragen) as intended for wear by enlisted personnel. The pull-over shirt is made of dark navy blue cotton and is showig a name tag of the sailor. Has a fold-back collar. It comes together with its original collar dickie as found together, the collar dickie is nicely maker marked and dated 1939. A hand-embroidered breast-eagle is hand-sewn to the shirt. Special career insignia are sewn to the wearer&#8217;s left sleeve being a combined Boatswain &amp; Gefreiter rank patch above a patch for a Gun Chief for Light Anti-Aircraft Artillery (Abzeichen f\u00fcr Gesch\u00fctzf\u00fchrer-f\u00fcr Leichten Flak-Artillerie). Nice original set in mint used<\/span><span style=\"font-size: 12pt; font-family: verdana, geneva, sans-serif;\"> condition!<\/span><\/p>\n<p style=\"text-align: justify;\"><span style=\"font-size: 12pt; font-family: verdana, geneva, sans-serif;\"><strong>Note.<\/strong> The donald duck cap is not included in the price, but it belongs to this same sailor and we also have it for sale with his name.<\/span><\/p>\n","protected":false},"excerpt":{"rendered":"<p>Kriegsmarine Blue Jumper Shirt (Matrosenhemd f\u00fcr Mannschaften) with Collar Dickie (Exerzierkragen) as intended for wear by enlisted personnel. The pull-over shirt is made of dark navy blue cotton and is showig a name tag of the sailor. Has a fold-back collar. It comes together with its original collar dickie as found together, the collar dickie &#8230; <a title=\"Kriegsmarine Blue Jumper Shirt with Collar Dickie, Named\" class=\"read-more\" href=\"https:\/\/original-militaria.com\/en\/producto\/kriegsmarine-blue-jumper-shirt-with-collar-dickie\/\" aria-label=\"Read more about Kriegsmarine Blue Jumper Shirt with Collar Dickie, Named\">Leer m\u00e1s<\/a><\/p>\n","protected":false},"featured_media":44823,"template":"","meta":[],"product_brand":[],"product_cat":[244,245,273],"product_tag":[],"class_list":{"0":"post-44476","1":"product","2":"type-product","3":"status-publish","4":"has-post-thumbnail","6":"product_cat-sold-archive","7":"product_cat-german-militaria-ww2","8":"product_cat-german-uniforms-coats","9":"sales-flash-overlay","10":"woocommerce-text-align-center","11":"woocommerce-image-align-center","12":"do-quantity-buttons","14":"first","15":"outofstock","16":"shipping-taxable","17":"purchasable","18":"product-type-simple"},"_links":{"self":[{"href":"https:\/\/original-militaria.com\/en\/wp-json\/wp\/v2\/product\/44476","targetHints":{"allow":["GET"]}}],"collection":[{"href":"https:\/\/original-militaria.com\/en\/wp-json\/wp\/v2\/product"}],"about":[{"href":"https:\/\/original-militaria.com\/en\/wp-json\/wp\/v2\/types\/product"}],"wp:featuredmedia":[{"embeddable":true,"href":"https:\/\/original-militaria.com\/en\/wp-json\/wp\/v2\/media\/44823"}],"wp:attachment":[{"href":"https:\/\/original-militaria.com\/en\/wp-json\/wp\/v2\/media?parent=44476"}],"wp:term":[{"taxonomy":"product_brand","embeddable":true,"href":"https:\/\/original-militaria.com\/en\/wp-json\/wp\/v2\/product_brand?post=44476"},{"taxonomy":"product_cat","embeddable":true,"href":"https:\/\/original-militaria.com\/en\/wp-json\/wp\/v2\/product_cat?post=44476"},{"taxonomy":"product_tag","embeddable":true,"href":"https:\/\/original-militaria.com\/en\/wp-json\/wp\/v2\/product_tag?post=44476"}],"curies":[{"name":"wp","href":"https:\/\/api.w.org\/{rel}","templated":true}]}}