{"id":4325,"date":"2017-09-05T11:25:44","date_gmt":"2017-09-05T11:25:44","guid":{"rendered":"https:\/\/original-militaria.com\/?post_type=product&#038;p=4325"},"modified":"2022-01-31T19:03:34","modified_gmt":"2022-01-31T18:03:34","slug":"nskk-guerrera-de-servicio-de-un-oberfuhrer","status":"publish","type":"product","link":"https:\/\/original-militaria.com\/en\/producto\/nskk-guerrera-de-servicio-de-un-oberfuhrer\/","title":{"rendered":"NSKK, Oberf\u00fchrer Service Tunic&#8211;NSKK\/ Guerrera de Servicio de un Oberf\u00fchrer"},"content":{"rendered":"<div id=\"result_box\" dir=\"ltr\" align=\"justify\">\n<p align=\"justify\"><span style=\"font-family: Verdana\"><strong>ANTECEDENTES:<\/strong> El desarrollo del NSKK, Nationalzocialistichen kraftfahrkorps, (Cuerpos Motorizados Nacional Socialistas)\u00a0se puede remontar a 1923 cuando la SA introdujo un Kraftfahr Abteilung, (Secci\u00f3n Motorizada), para poder transportar al personal cuando fuera necesario. En 1928 la secci\u00f3n motorizada de la SA fue ampliada a Kraftfahrstaffeln, (Escuadrillas Motorizadas). En un intento por crear un cuerpo nacional motorizado, el NSAK, Sozialistisches nacional Automobil Korps, (Cuerpo Nacional Socialista\u00a0del Autom\u00f3vil), fue formado en abril de 1930 como un subordinado auxiliar de la organizaci\u00f3n de NSDAP al SA. Organizacion responsable en tiempos de paz en promover la ense\u00f1anza y los temas mecanicos, motores y vehiculos, auxiliar a la policia en materia de trafico. En guerra, instruian y entrenaban y daban instruccion premilitar a los jovenes que luego servirian en unidades acorazadas o motorizadas. Tambien organizo unidades de transporte durante la guerraCuando todavia estaba subordinada a la SA\u00a0en 1933, y fue introducida el NSKK, estos tambi\u00e9n adoptaron la daga poco despu\u00e9s su introducci\u00f3n. Poco despu\u00e9s con la purga de la SA en la \u201cNoche de los Cuchillos Largos\u201d en junio de 1934, el NSKK fue promovido a una organizaci\u00f3n de funcionarios &#8220;NSDAP&#8221;. En mayo de 1936 el Korpsf\u00fchrer Adolf H\u00fchnlein decret\u00f3 que las vainas de las dagas del NSKK deb\u00edan ser de color negro, en vez de color marr\u00f3n para distinguirlas de las dagas de la SA.\u00a0 En los \u00faltimos meses de 1934 los art\u00edculos fabricados para el NSKK incluyendo las dagas estuvo bajo el control de calidad del RZM, Reichzeugmeisterei, (intendencia nacional para los equipos) y consecuentemente fueron marcados con la insignia de RZM.<\/span><\/p>\n<\/div>\n<div dir=\"ltr\" align=\"justify\"><span style=\"font-family: Verdana\"><strong>DESCRIPCION:<\/strong> Guerrera de servicio de un <strong>Oberf\u00fchrer<\/strong> del NSKK, confeccionado en tela de gabardina color marr\u00f3n con forro de seda artificial marr\u00f3n (la etiqueta del\u00a0RZM eliminada del bolsillo interior), cuello color marr\u00f3n oscuro con sut\u00e1s color plata de Lider con parches de cuello (Litzen) negros con hojas de roble con sut\u00e1s. Lleva\u00a0brazalete cosido de origen del Partido Nacional Socialista, distintivo de veterano de combate y hombrera en plata y negro. Talla aproximada 52 espa\u00f1ola.<\/span><\/div>\n<div dir=\"ltr\" align=\"justify\"><\/div>\n<div dir=\"ltr\" align=\"justify\"><span style=\"font-family: Verdana\"><strong>Nota:<\/strong> Oberf\u00fcrer <\/span><span style=\"font-family: Verdana\">era un grado paramilitar de los primeros tiempos de partido nazi que data de 1921. Un Oberf\u00fchrer era t\u00edpicamente un miembro del partido nazi a cargo de un grupo de unidades paramilitares en una regi\u00f3n geogr\u00e1fica particular. A partir de 1921 a 1925, el grado de Oberf\u00fchrer fue utilizado como t\u00edtulo honor\u00edfico en las Sturmabteilung, pero se convirti\u00f3 en un rango real de las SA despu\u00e9s de 1926. Hacia 1932, el Oberf\u00fchrer ya ten\u00eda una rango establecido dentro de las SS y de las SA y era considerado el primer grado como general, aproximadamente el equivalente a un general de brigada. Los Oberf\u00fchrers llevaban dos hojas de roble en la insignia del collar de su uniforme, junto con las hombreras y las solapas propias de los generales alemanes en aquella \u00e9poca. <\/span><\/div>\n","protected":false},"excerpt":{"rendered":"<div id=\"result_box\" dir=\"ltr\" align=\"justify\">\n<p align=\"justify\"><span style=\"font-family: Verdana\"><strong>ANTECEDENTES:<\/strong> El desarrollo del NSKK, Nationalzocialistichen kraftfahrkorps, (Cuerpos Motorizados Nacional Socialistas)\u00a0se puede remontar a 1923 cuando la SA introdujo un Kraftfahr Abteilung, (Secci\u00f3n Motorizada), para poder transportar al personal cuando fuera necesario. En 1928 la secci\u00f3n motorizada de la SA fue ampliada a Kraftfahrstaffeln, (Escuadrillas Motorizadas). En un intento por crear un cuerpo nacional motorizado, el NSAK, Sozialistisches nacional Automobil Korps, (Cuerpo Nacional Socialista\u00a0del Autom\u00f3vil), fue formado en abril de 1930 como un subordinado auxiliar de la organizaci\u00f3n de NSDAP al SA. Organizacion responsable en tiempos de paz en promover la ense\u00f1anza y los temas mecanicos, motores y vehiculos, auxiliar a la policia en materia de trafico. En guerra, instruian y entrenaban y daban instruccion premilitar a los jovenes que luego servirian en unidades acorazadas o motorizadas. Tambien organizo unidades de transporte durante la guerraCuando todavia estaba subordinada a la SA\u00a0en 1933, y fue introducida el NSKK, estos tambi\u00e9n adoptaron la daga poco despu\u00e9s su introducci\u00f3n. Poco despu\u00e9s con la purga de la SA en la \u201cNoche de los Cuchillos Largos\u201d en junio de 1934, el NSKK fue promovido a una organizaci\u00f3n de funcionarios &#8220;NSDAP&#8221;. En mayo de 1936 el Korpsf\u00fchrer Adolf H\u00fchnlein decret\u00f3 que las vainas de las dagas del NSKK deb\u00edan ser de color negro, en vez de color marr\u00f3n para distinguirlas de las dagas de la SA.\u00a0 En los \u00faltimos meses de 1934 los art\u00edculos fabricados para el NSKK incluyendo las dagas estuvo bajo el control de calidad del RZM, Reichzeugmeisterei, (intendencia nacional para los equipos) y consecuentemente fueron marcados con la insignia de RZM.<\/span><\/p>\n<\/div>\n<div dir=\"ltr\" align=\"justify\"><span style=\"font-family: Verdana\"><strong>DESCRIPCION:<\/strong> Guerrera de servicio de un <strong>Oberf\u00fchrer<\/strong> del NSKK, confeccionado en tela de gabardina color marr\u00f3n con forro de seda artificial marr\u00f3n (la etiqueta del\u00a0RZM eliminada del bolsillo interior), cuello color marr\u00f3n oscuro con sut\u00e1s color plata de Lider con parches de cuello (Litzen) negros con hojas de roble con sut\u00e1s. Lleva\u00a0brazalete cosido de origen del Partido Nacional Socialista, distintivo de veterano de combate y hombrera en plata y negro. <span style=\"color: #ff0000\">Talla aproximada 52 espa\u00f1ola.<\/span><\/span><\/div>\n<div dir=\"ltr\" align=\"justify\"><\/div>\n<div dir=\"ltr\" align=\"justify\"><\/div>\n<div dir=\"ltr\" align=\"justify\"><\/div>\n<div dir=\"ltr\" align=\"justify\"><\/div>\n<div dir=\"ltr\" align=\"justify\"><span style=\"font-family: Verdana\"><strong>Nota:<\/strong> Oberf\u00fcrer <\/span><span style=\"font-family: Verdana\">era un grado paramilitar de los primeros tiempos de partido nazi que data de 1921. Un Oberf\u00fchrer era t\u00edpicamente un miembro del partido nazi a cargo de un grupo de unidades paramilitares en una regi\u00f3n geogr\u00e1fica particular. A partir de 1921 a 1925, el grado de Oberf\u00fchrer fue utilizado como t\u00edtulo honor\u00edfico en las Sturmabteilung, pero se convirti\u00f3 en un rango real de las SA despu\u00e9s de 1926. Hacia 1932, el Oberf\u00fchrer ya ten\u00eda una rango establecido dentro de las SS y de las SA y era considerado el primer grado como general, aproximadamente el equivalente a un general de brigada. Los Oberf\u00fchrers llevaban dos hojas de roble en la insignia del collar de su uniforme, junto con las hombreras y las solapas propias de los generales alemanes en aquella \u00e9poca. <\/span><\/div>\n","protected":false},"featured_media":4326,"template":"","meta":[],"product_brand":[],"product_cat":[224],"product_tag":[],"class_list":{"0":"post-4325","1":"product","2":"type-product","3":"status-publish","4":"has-post-thumbnail","6":"product_cat-archivo-vendidos","7":"sales-flash-overlay","8":"woocommerce-text-align-center","9":"woocommerce-image-align-center","10":"do-quantity-buttons","12":"first","13":"outofstock","14":"purchasable","15":"product-type-simple"},"_links":{"self":[{"href":"https:\/\/original-militaria.com\/en\/wp-json\/wp\/v2\/product\/4325","targetHints":{"allow":["GET"]}}],"collection":[{"href":"https:\/\/original-militaria.com\/en\/wp-json\/wp\/v2\/product"}],"about":[{"href":"https:\/\/original-militaria.com\/en\/wp-json\/wp\/v2\/types\/product"}],"wp:featuredmedia":[{"embeddable":true,"href":"https:\/\/original-militaria.com\/en\/wp-json\/wp\/v2\/media\/4326"}],"wp:attachment":[{"href":"https:\/\/original-militaria.com\/en\/wp-json\/wp\/v2\/media?parent=4325"}],"wp:term":[{"taxonomy":"product_brand","embeddable":true,"href":"https:\/\/original-militaria.com\/en\/wp-json\/wp\/v2\/product_brand?post=4325"},{"taxonomy":"product_cat","embeddable":true,"href":"https:\/\/original-militaria.com\/en\/wp-json\/wp\/v2\/product_cat?post=4325"},{"taxonomy":"product_tag","embeddable":true,"href":"https:\/\/original-militaria.com\/en\/wp-json\/wp\/v2\/product_tag?post=4325"}],"curies":[{"name":"wp","href":"https:\/\/api.w.org\/{rel}","templated":true}]}}