{"id":4142,"date":"2017-09-05T11:24:57","date_gmt":"2017-09-05T11:24:57","guid":{"rendered":"https:\/\/original-militaria.com\/?post_type=product&#038;p=4142"},"modified":"2022-01-31T19:03:29","modified_gmt":"2022-01-31T18:03:29","slug":"wehrmacht-mascara-antigas-m30","status":"publish","type":"product","link":"https:\/\/original-militaria.com\/en\/producto\/wehrmacht-mascara-antigas-m30\/","title":{"rendered":"Wehrmacht\/ M30\/38 Gasmask and Canister &#8212; Wehrmacht, M\u00e1scara antig\u00e1s M30\/38"},"content":{"rendered":"<p style=\"text-align: justify\"><span style=\"font-family: verdana, geneva, sans-serif;font-size: 12pt\"><strong>ANTECEDENTES:<\/strong> Con el desarrollo de los gases t\u00f3xicos utilizados como armas ofensivas en la Primera Guerra Mundial un m\u00e9todo apropiado de defensa tuvo que ser\u00a0desarrollado, la mascara antig\u00e1s. Los modelos alemanes\u00a0de WWI M1915 y M1917, fueron convertidos en el M24,\u00a0y en definitiva al final en los\u00a0M30 y M38\u00a0utilizados en la Segunda Guerra Mundial. Se entregaron mascaras antig\u00e1s a todos los soldados\u00a0del ej\u00e9rcito alem\u00e1n,\u00a0llevando el bote y accesorios f\u00e1cilmente accesibles en todo momento. Aunque el uso de agentes de guerra qu\u00edmica fue examinado por el OKW alem\u00e1n de la Wehrmacht (Alto\u00a0Estado Mayor de las Fuerzas Armadas), el miedo a represalias de los aliados oblig\u00f3 a reconsiderar la idea. El temor de la posible utilizaci\u00f3n de agentes de guerra qu\u00edmica hizo que la mascara antig\u00e1s\u00a0fuera una constante compa\u00f1era del soldado alem\u00e1n en toda la guerra.\u00a0A pesar del temor de la posible utilizaci\u00f3n de agentes de guerra qu\u00edmica alemana algunos soldados optaron por utilizar los botes contenedores de la mascara\u00a0como un contenedor de comida o para contrabando, a pesar de los reglamentos.\u00a0\u00a0La M1930 fue la primera &#8220;S-Maske&#8221; que se estandariz\u00f3 como equipo individual para la Wehrmacht.<\/span><\/p>\n<p style=\"text-align: justify\"><span style=\"font-family: verdana, geneva, sans-serif;font-size: 12pt\"><strong>DESCRIPCION:<\/strong> M\u00e1scara antig\u00e1s M30\/38 (Gasmasken M30\/38) en su bote contenedor, fabricada en lona gomificada en su interior, con el marco en cuero ovino cosido y recauchutado el resto. Lleva el codigo del fabricante moldeado en el interior de la careta &#8220;Byd&#8221;,\u00a0 manufactura correspondiente a &#8220;Dr\u00e4egerwerk, Hein &amp; Bernhy Dr\u00e4ger, L\u00fcbeck&#8221;. En el metal del conjunto de v\u00e1lvulas tambi\u00e9n lleva el c\u00f3digo del fabricante &#8220;hnc&#8221;. Tiene refuerzos exteriores e interiores dispuestos en cuadro. Los lentes de celuloide est\u00e1n intactos. Las correas del entramado para su fijaci\u00f3n a la cabeza son del tipo muelle entelado, realizadas en algod\u00f3n, mantiene la cinta para colgar del cuello para su inmediato servicio. Es de talla &#8220;2&#8221; (media), est\u00e1 en condiciones muy buenas. En el interior lleva estampado la talla &#8220;2&#8221; y su Waffenamt &#8220;WaA533&#8221;. El filtro de la mascara antig\u00e1s tiene su etiqueta puesta con el &#8220;Gepruft&#8221; (Aceptaci\u00f3n del ej\u00e9rcito) del a\u00f1o &#8220;1939&#8221;. El bote est\u00e1 en condiciones muy buenas con cerca de 98% de su pintura verde original y su cierre de tirador de muelle, en el interior, dentro de la tapa que lleva waffenamt de los &#8220;Klarscheiben&#8221; tiene unos lentes anti vaho de repuesto en su bolsa de papel encerado con la leyenda &#8220;Discos transparentes. Protecci\u00f3n contra la condensaci\u00f3n. No limpiar. Coger por los bordes&#8221;.\u00a0<\/span><\/p>\n<p>&nbsp;<\/p>\n","protected":false},"excerpt":{"rendered":"<p>&nbsp;<\/p>\n<p class=\"MsoNormal\" style=\"margin: 0cm 0cm 0pt\" align=\"justify\"><span style=\"font-size: 9pt;font-family: Verdana\"><strong>ANTECEDENTES:<\/strong> Con el desarrollo de los gases t\u00f3xicos utilizados como armas ofensivas en la Primera Guerra Mundial un m\u00e9todo apropiado de defensa tuvo que ser\u00a0desarrollado, la mascara antig\u00e1s. Los modelos alemanes\u00a0de WWI M1915 y M1917, fueron convertidos en el M24,\u00a0y en definitiva al final en los\u00a0M30 y M38\u00a0utilizados en la Segunda Guerra Mundial. Se entregaron mascaras antig\u00e1s a todos los soldados\u00a0del ej\u00e9rcito alem\u00e1n,\u00a0llevando el bote y accesorios f\u00e1cilmente accesibles en todo momento. Aunque el uso de agentes de guerra qu\u00edmica fue examinado por el OKW alem\u00e1n de la Wehrmacht (Alto\u00a0Estado Mayor de las Fuerzas Armadas), el miedo a represalias de los aliados oblig\u00f3 a reconsiderar la idea. El temor de la posible utilizaci\u00f3n de agentes de guerra qu\u00edmica hizo que la mascara antig\u00e1s\u00a0fuera una constante compa\u00f1era del soldado alem\u00e1n en toda la guerra.\u00a0A pesar del temor de la posible utilizaci\u00f3n de agentes de guerra qu\u00edmica alemana algunos soldados optaron por utilizar los botes contenedores de la mascara\u00a0como un contenedor de comida o para contrabando, a pesar de los reglamentos.<span style=\"font-size: 9pt;font-family: Arial\">\u00a0\u00a0<\/span><span style=\"font-size: 9pt;font-family: Verdana\">La M1930 fue la primera &#8220;S-Maske&#8221; que se estandariz\u00f3 como equipo individual para la Wehrmacht.<\/span><\/span><\/p>\n<p class=\"MsoNormal\" align=\"justify\"><span style=\"font-family: Verdana\"><strong>DESCRIPCION:<\/strong> M\u00e1scara antig\u00e1s\u00a0M30 (Gasmasken M30) en su bote contenedor, fabricada en lona gomificada en su interior, con el marco en cuero ovino cosido y recauchutado el resto. Lleva el codigo del fabricante moldeado en el interior de la careta <span style=\"color: #ff0000\">&#8220;Byd&#8221;<\/span>,\u00a0 manufactura correspondiente a <span style=\"color: #ff0000\">&#8220;Dr\u00e4egerwerk, Hein &amp; Bernhy Dr\u00e4ger, L\u00fcbeck&#8221;<\/span>. En el metal del conjunto de valvulas tambi\u00e9n lleva el c\u00f3digo del fabricante <span style=\"color: #ff0000\">&#8220;hnc&#8221;<\/span>. Tiene refuerzos exteriores e interiores dispuestos en cuadro. Los lentes de celuloide est\u00e1n intactos. Las correas del entramado para su fijaci\u00f3n a la cabeza son del tipo muelle entelado, realizadas en algod\u00f3n, mantiene la cinta para colgar del cuello para su inmediato servicio.\u00a0Es de talla <span style=\"color: red\">&#8220;2&#8221;<\/span> (media), est\u00e1 en condiciones muy buenas.\u00a0En el interior lleva estampado la talla <span style=\"color: #ff0000\">&#8220;2&#8221;<\/span> y su <span style=\"color: red\"><span style=\"color: #ffffff\">Waffenamt<\/span> <\/span><span style=\"color: #ff0000\">&#8220;WaA533&#8221;. <\/span>El filtro de la\u00a0mascara antig\u00e1s tiene su etiqueta puesta\u00a0con el\u00a0<span style=\"color: #ff0000\">&#8220;Gepruft&#8221;<\/span> (Aceptaci\u00f3n del ej\u00e9rcito)\u00a0del a\u00f1o <span style=\"color: #ff0000\">&#8220;1939&#8221;<\/span>.\u00a0El bote\u00a0est\u00e1 en condiciones muy buenas con\u00a0cerca de 98% de su pintura verde original y su cierre de tirador de muelle, en el interior, dentro de la tapa que lleva waffenamt\u00a0de\u00a0los <span style=\"color: red\">&#8220;Klarscheiben&#8221;<\/span> tiene unos lentes antivaho de repuesto en su bolsa de papel encerado con la leyenda <span style=\"color: red\">&#8220;Discos transparentes. Protecci\u00f3n contra la condensaci\u00f3n. No limpiar. Coger por los bordes&#8221;<\/span>.\u00a0<\/span><\/p>\n<p>&nbsp;<\/p>\n","protected":false},"featured_media":4143,"template":"","meta":[],"product_brand":[],"product_cat":[224],"product_tag":[],"class_list":{"0":"post-4142","1":"product","2":"type-product","3":"status-publish","4":"has-post-thumbnail","6":"product_cat-archivo-vendidos","7":"sales-flash-overlay","8":"woocommerce-text-align-center","9":"woocommerce-image-align-center","10":"do-quantity-buttons","12":"first","13":"outofstock","14":"purchasable","15":"product-type-simple"},"_links":{"self":[{"href":"https:\/\/original-militaria.com\/en\/wp-json\/wp\/v2\/product\/4142","targetHints":{"allow":["GET"]}}],"collection":[{"href":"https:\/\/original-militaria.com\/en\/wp-json\/wp\/v2\/product"}],"about":[{"href":"https:\/\/original-militaria.com\/en\/wp-json\/wp\/v2\/types\/product"}],"wp:featuredmedia":[{"embeddable":true,"href":"https:\/\/original-militaria.com\/en\/wp-json\/wp\/v2\/media\/4143"}],"wp:attachment":[{"href":"https:\/\/original-militaria.com\/en\/wp-json\/wp\/v2\/media?parent=4142"}],"wp:term":[{"taxonomy":"product_brand","embeddable":true,"href":"https:\/\/original-militaria.com\/en\/wp-json\/wp\/v2\/product_brand?post=4142"},{"taxonomy":"product_cat","embeddable":true,"href":"https:\/\/original-militaria.com\/en\/wp-json\/wp\/v2\/product_cat?post=4142"},{"taxonomy":"product_tag","embeddable":true,"href":"https:\/\/original-militaria.com\/en\/wp-json\/wp\/v2\/product_tag?post=4142"}],"curies":[{"name":"wp","href":"https:\/\/api.w.org\/{rel}","templated":true}]}}