{"id":4097,"date":"2017-09-05T11:24:47","date_gmt":"2017-09-05T11:24:47","guid":{"rendered":"https:\/\/original-militaria.com\/?post_type=product&#038;p=4097"},"modified":"2022-01-31T19:03:28","modified_gmt":"2022-01-31T18:03:28","slug":"uniforme-gran-gala-de-la-gc-de-la-ii-republica","status":"publish","type":"product","link":"https:\/\/original-militaria.com\/en\/producto\/uniforme-gran-gala-de-la-gc-de-la-ii-republica\/","title":{"rendered":"Spain\/ Uniform of the Civil Guard of the \u00abSecond Republic\u00bb&#8211; Guerera-uniforme Gran Gala de la GC de la II Rep\u00fablica"},"content":{"rendered":"<p align=\"justify\"><span style=\"font-family: Verdana;font-size: medium\"><strong>ANTECEDENTES:<\/strong> Al comenzar la guerra civil, la Guardia Civil se integr\u00f3 en la Guardia Nacional Republicana, en el bando gubernamental. Por lo que respecta al bando Nacional, mantuvo su uniformidad, pero restituyendo la escarapela rojigualda en el tricornio. <\/span><\/p>\n<p><span style=\"font-family: verdana, geneva, sans-serif;font-size: 12pt\"><strong>DESCRIPCI\u00d3N:<\/strong> Uniforme de Gran Gala\u00a0para un Guardia Civil de la &#8220;Segunda Rep\u00fablica&#8221; (1931-1939) en excelente estado, con casaca,\u00a0la\u00a0capa impermeable\u00a0color azul autorizada en 1935 (rara), y lo m\u00e1s raro, su\u00a0pantal\u00f3n blanco reglamentario.<\/span><\/p>\n<p align=\"justify\"><span style=\"font-family: verdana, geneva, sans-serif;font-size: 12pt\">La\u00a0casaca de excelente calidad (dos\u00a0peque\u00f1os agujeros de polilla en una manga), lleva hombreras blancas de alod\u00f3n reglamentarias y los emblemas en el cuello seg\u00fan el modelo aprobado 1935-1939, sucesor del modelo 1931-1935 al llevar la &#8220;G&#8221; y la &#8220;C&#8221; entrelazadas la corona mural de la Rep\u00fablica.\u00a0Conserva todos sus botones marcados y su peto color rojo, las hombreras de hilo de algod\u00f3n reglamentarias. En el interior se encuentra un sello de la &#8220;Comandancia de la Guardia Civil de Murcia&#8221;, y\u00a0las iniciales bordadas del propietario &#8220;DHC&#8221;. Los faldones con castillos y leones sustitutos de\u00a0la G y la C, seg\u00fan reglamento de 1846 con peque\u00f1os agujeros de polilla en la parte interior.<\/span><\/p>\n<p align=\"justify\"><span style=\"font-family: verdana, geneva, sans-serif;font-size: 12pt\">El pantal\u00f3n\u00a0reglamentario de punto blanco de algod\u00f3n como de estreno,\u00a0todos sus botones intactos, tambien con las iniciales bordadas &#8220;DHC&#8221; del propietario. Un excelente ejemplo de uniforme y en buena talla. <\/span><\/p>\n","protected":false},"excerpt":{"rendered":"<p align=\"justify\"><span style=\"font-family: Verdana;font-size: medium\"><strong>ANTECEDENTES:<\/strong> Al comenzar la guerra civil, la Guardia Civil se integr\u00f3 en la Guardia Nacional Republicana, en el bando gubernamental. Por lo que respecta al bando Nacional, mantuvo su uniformidad, pero restituyendo la escarapela rojigualda en el tricornio. <\/span><\/p>\n<p><strong>DESCRIPCI\u00d3N:<\/strong> Uniforme de Gran Gala\u00a0para un Guardia Civil de la <span style=\"color: #ff0000\">&#8220;Segunda Rep\u00fablica&#8221;<\/span> (1931-1939) en excelente estado, con casaca,\u00a0la\u00a0capa impermeable\u00a0color azul autorizada en 1935 (rara), y lo m\u00e1s raro, su\u00a0pantal\u00f3n blanco reglamentario.<\/p>\n<p align=\"justify\"><span style=\"font-family: Verdana;font-size: medium\">La\u00a0casaca de excelente calidad (dos\u00a0peque\u00f1os agujeros de polilla en una manga), lleva hombreras blancas de alod\u00f3n reglamentarias y los emblemas en el cuello seg\u00fan el modelo aprobado 1935-1939, sucesor del modelo 1931-1935 al llevar la &#8220;G&#8221; y la &#8220;C&#8221; entrelazadas la corona mural de la Rep\u00fablica.\u00a0Conserva todos sus botones marcados y su peto color rojo, las hombreras de hilo de algod\u00f3n reglamentarias. En el interior se encuentra un sello de la <span style=\"color: #ff0000\">&#8220;Comandancia de la Guardia Civil de Murcia&#8221;<\/span>, y\u00a0las <span style=\"color: #000000\"><span style=\"color: #ffffff\">iniciales bordadas del propietario<\/span> <\/span><span style=\"color: #ff0000\">&#8220;DHC&#8221;<\/span>. Los faldones con castillos y leones sustitutos de\u00a0la G y la C, seg\u00fan reglamento de 1846 con peque\u00f1os agujeros de polilla en la parte interior.<\/span><\/p>\n<p align=\"justify\"><span style=\"font-family: Verdana;font-size: medium\">El pantal\u00f3n\u00a0reglamentario de punto blanco de algod\u00f3n como de estreno,\u00a0todos sus botones intactos, tambien con las iniciales bordadas <span style=\"color: #ff0000\">&#8220;DHC&#8221;<\/span> del propietario. Un excelente ejemplo de uniforme y en buena talla. <\/span><\/p>\n","protected":false},"featured_media":4098,"template":"","meta":[],"product_brand":[],"product_cat":[224],"product_tag":[],"class_list":{"0":"post-4097","1":"product","2":"type-product","3":"status-publish","4":"has-post-thumbnail","6":"product_cat-archivo-vendidos","7":"sales-flash-overlay","8":"woocommerce-text-align-center","9":"woocommerce-image-align-center","10":"do-quantity-buttons","12":"first","13":"outofstock","14":"purchasable","15":"product-type-simple"},"_links":{"self":[{"href":"https:\/\/original-militaria.com\/en\/wp-json\/wp\/v2\/product\/4097","targetHints":{"allow":["GET"]}}],"collection":[{"href":"https:\/\/original-militaria.com\/en\/wp-json\/wp\/v2\/product"}],"about":[{"href":"https:\/\/original-militaria.com\/en\/wp-json\/wp\/v2\/types\/product"}],"wp:featuredmedia":[{"embeddable":true,"href":"https:\/\/original-militaria.com\/en\/wp-json\/wp\/v2\/media\/4098"}],"wp:attachment":[{"href":"https:\/\/original-militaria.com\/en\/wp-json\/wp\/v2\/media?parent=4097"}],"wp:term":[{"taxonomy":"product_brand","embeddable":true,"href":"https:\/\/original-militaria.com\/en\/wp-json\/wp\/v2\/product_brand?post=4097"},{"taxonomy":"product_cat","embeddable":true,"href":"https:\/\/original-militaria.com\/en\/wp-json\/wp\/v2\/product_cat?post=4097"},{"taxonomy":"product_tag","embeddable":true,"href":"https:\/\/original-militaria.com\/en\/wp-json\/wp\/v2\/product_tag?post=4097"}],"curies":[{"name":"wp","href":"https:\/\/api.w.org\/{rel}","templated":true}]}}