{"id":40739,"date":"2023-07-22T19:07:20","date_gmt":"2023-07-22T17:07:20","guid":{"rendered":"https:\/\/original-militaria.com\/producto\/pilot-badge-for-members-of-the-condor-legion-spanish-civil-war-1936-39\/"},"modified":"2023-09-10T12:17:07","modified_gmt":"2023-09-10T10:17:07","slug":"pilot-badge-for-members-of-the-condor-legion-spanish-civil-war-1936-39","status":"publish","type":"product","link":"https:\/\/original-militaria.com\/en\/producto\/pilot-badge-for-members-of-the-condor-legion-spanish-civil-war-1936-39\/","title":{"rendered":"Pilot Badge (Rokiski) of the &#8220;Messerschmitt Bf 109\/b&#8221; of the Condor Legion. Spanish Civil War 1936\/39. German model!."},"content":{"rendered":"<p style=\"text-align: justify;\"><span style=\"font-size: 12pt; font-family: verdana, geneva, sans-serif;\">Interesting and rare variant\/Condor Legion Pilot Badge, (Spanischer B\u00fcrgerkrieg 1936-1939 Flugzeugf\u00fchrerabzeichen f\u00fcr Angeh\u00f6rige der Legion Condor). German made. This variant with 2 blades only in the red enameled center, corresponded to the version for pilots of the <strong>Messerschmitt Bf 109\/b<\/strong> that was used by the Condor Legion. This model was manufactured by <strong>&#8220;Meybauer, Berlin&#8221;<\/strong>. On the back it has its wide pin, with no manufacturer&#8217;s designation. Slightly worn. Hard to find!. Condition 1\/2+.<\/span><\/p>\n","protected":false},"excerpt":{"rendered":"<p>Interesting and rare variant\/Condor Legion Pilot Badge, (Spanischer B\u00fcrgerkrieg 1936-1939 Flugzeugf\u00fchrerabzeichen f\u00fcr Angeh\u00f6rige der Legion Condor). German made. This variant with 2 blades only in the red enameled center, corresponded to the version for pilots of the Messerschmitt Bf 109\/b that was used by the Condor Legion. This model was manufactured by &#8220;Meybauer, Berlin&#8221;. On &#8230; <a title=\"Pilot Badge (Rokiski) of the &#8220;Messerschmitt Bf 109\/b&#8221; of the Condor Legion. Spanish Civil War 1936\/39. German model!.\" class=\"read-more\" href=\"https:\/\/original-militaria.com\/en\/producto\/pilot-badge-for-members-of-the-condor-legion-spanish-civil-war-1936-39\/\" aria-label=\"Read more about Pilot Badge (Rokiski) of the &#8220;Messerschmitt Bf 109\/b&#8221; of the Condor Legion. Spanish Civil War 1936\/39. German model!.\">Leer m\u00e1s<\/a><\/p>\n","protected":false},"featured_media":40715,"template":"","meta":[],"product_brand":[],"product_cat":[244,245],"product_tag":[],"class_list":{"0":"post-40739","1":"product","2":"type-product","3":"status-publish","4":"has-post-thumbnail","6":"product_cat-sold-archive","7":"product_cat-german-militaria-ww2","8":"sales-flash-overlay","9":"woocommerce-text-align-center","10":"woocommerce-image-align-center","11":"do-quantity-buttons","13":"first","14":"outofstock","15":"shipping-taxable","16":"product-type-simple"},"_links":{"self":[{"href":"https:\/\/original-militaria.com\/en\/wp-json\/wp\/v2\/product\/40739","targetHints":{"allow":["GET"]}}],"collection":[{"href":"https:\/\/original-militaria.com\/en\/wp-json\/wp\/v2\/product"}],"about":[{"href":"https:\/\/original-militaria.com\/en\/wp-json\/wp\/v2\/types\/product"}],"wp:featuredmedia":[{"embeddable":true,"href":"https:\/\/original-militaria.com\/en\/wp-json\/wp\/v2\/media\/40715"}],"wp:attachment":[{"href":"https:\/\/original-militaria.com\/en\/wp-json\/wp\/v2\/media?parent=40739"}],"wp:term":[{"taxonomy":"product_brand","embeddable":true,"href":"https:\/\/original-militaria.com\/en\/wp-json\/wp\/v2\/product_brand?post=40739"},{"taxonomy":"product_cat","embeddable":true,"href":"https:\/\/original-militaria.com\/en\/wp-json\/wp\/v2\/product_cat?post=40739"},{"taxonomy":"product_tag","embeddable":true,"href":"https:\/\/original-militaria.com\/en\/wp-json\/wp\/v2\/product_tag?post=40739"}],"curies":[{"name":"wp","href":"https:\/\/api.w.org\/{rel}","templated":true}]}}