{"id":4052,"date":"2017-09-05T11:24:34","date_gmt":"2017-09-05T11:24:34","guid":{"rendered":"https:\/\/original-militaria.com\/?post_type=product&#038;p=4052"},"modified":"2022-01-31T19:03:27","modified_gmt":"2022-01-31T18:03:27","slug":"parches-de-cuello-de-panzer","status":"publish","type":"product","link":"https:\/\/original-militaria.com\/en\/producto\/parches-de-cuello-de-panzer\/","title":{"rendered":"Wehrmacht\/ Panzer EM\/NCO\u2019S Collar Tabs&#8212;WH\/ Parches de Cuello  de Panzer."},"content":{"rendered":"<p style=\"text-align: justify\"><span style=\"font-size: 12pt;font-family: verdana, geneva, sans-serif\"><strong>ANTECEDENTES:<\/strong> El uso del parche de cuello como ornamentaci\u00f3n en los uniformes militares fue utilizado en gran variedad por numerosas naciones con la funci\u00f3n principal de indicar su y rama de servicio. En noviembre de 1934 los alemanes presentan el nuevo uniforme negro para el reci\u00e9n formado cuerpo de unidades de blindados (Panzer) y su uso fue por todo lo largo de la guerra con modificaciones menores en 1936 y 1942. Junto con el nuevo uniforme, tambi\u00e9n se presenta en nuevo parche de cuello (Litzen) que utilizan la antigua calavera estilo Prusia &#8220;Danziger&#8221; con tibias cruzadas, estas fueron usadas durante la guerra con peque\u00f1as variaciones de fabricaci\u00f3n. El waffenfarbe general para todas las unidades de blindados fue el color rosa, aunque otras utilizaron el color rojo incluyendo blindados para unidades de artiller\u00eda, el color amarillo dorado para blindados y unidades de reconocimiento por la 24 \u00aa Divisi\u00f3n Panzer, el amarillo lim\u00f3n para blindados y unidades de se\u00f1ales, por un corto tiempo, alternando en blanco y negro para las unidades blindadas de ingenieros.\u00a0\u00a0<\/span><\/p>\n<p style=\"text-align: justify\"><span style=\"font-size: 12pt;font-family: verdana, geneva, sans-serif\"><strong>DESCIPCION:<\/strong> Parches de cuello\u00a0 de Tropas Panzer, Waffenfarbe color rosado del arma de blindados,\u00a0son alargadas de forma\u00a0rectangular, con calaveras no magn\u00e9ticas con tibias cruzadas estilo Prusianas\u00a0&#8220;Danziger&#8221;\u00a0fijadas con sus\u00a0tres pernos, conservan alrededor del 98% de\u00a0patina original. Est\u00e1n en estado excelente.\u00a0<\/span><\/p>\n","protected":false},"excerpt":{"rendered":"<p>&nbsp;<\/p>\n<p align=\"justify\"><strong>ANTECEDENTES:<\/strong> El uso del parche de cuello como\u00a0ornamentaci\u00f3n en los uniformes militares fue utilizado en gran variedad por numerosas naciones con la funci\u00f3n principal de indicar su y rama de servicio. En noviembre de 1934 los alemanes presentan el nuevo uniforme negro para el reci\u00e9n formado cuerpo de unidades de blindados (Panzer) y su uso fue por todo lo largo\u00a0de la guerra con modificaciones menores en 1936 y 1942.\u00a0Junto con el nuevo uniforme, tambi\u00e9n se presenta en nuevo parche de cuello (Litzen)\u00a0que utilizan la antigua calavera estilo Prusia &#8220;Danziger&#8221;\u00a0con tibias cruzadas, estas fueron usadas durante la guerra con peque\u00f1as variaciones\u00a0de fabricaci\u00f3n. El waffenfarbe general para todas las unidades de blindados fue\u00a0el color rosa, aunque otras utilizaron el color\u00a0rojo incluyendo blindados para unidades de artiller\u00eda,\u00a0el color amarillo dorado\u00a0para blindados y unidades de reconocimiento por la 24 \u00aa Divisi\u00f3n Panzer, el amarillo lim\u00f3n para blindados y unidades de se\u00f1ales, por un corto tiempo, alternando en blanco y negro para las unidades blindadas de ingenieros.\u00a0<span style=\"font-family: Arial;font-size: 9pt\">\u00a0<\/span><\/p>\n<p class=\"MsoNormal\" align=\"justify\"><strong>DESCIPCION:<\/strong> Parches de cuello\u00a0 de Tropas Panzer, Waffenfarbe color rosado del arma de blindados,\u00a0son alargadas de forma\u00a0rectangular, con calaveras no magn\u00e9ticas con tibias cruzadas estilo Prusianas\u00a0&#8220;Danziger&#8221;\u00a0fijadas con sus\u00a0tres pernos, conservan alrededor del 98% de\u00a0patina original. Est\u00e1n en estado excelente.<\/p>\n<p>&nbsp;<\/p>\n","protected":false},"featured_media":4053,"template":"","meta":[],"product_brand":[],"product_cat":[224],"product_tag":[],"class_list":{"0":"post-4052","1":"product","2":"type-product","3":"status-publish","4":"has-post-thumbnail","6":"product_cat-archivo-vendidos","7":"sales-flash-overlay","8":"woocommerce-text-align-center","9":"woocommerce-image-align-center","10":"do-quantity-buttons","12":"first","13":"outofstock","14":"purchasable","15":"product-type-simple"},"_links":{"self":[{"href":"https:\/\/original-militaria.com\/en\/wp-json\/wp\/v2\/product\/4052","targetHints":{"allow":["GET"]}}],"collection":[{"href":"https:\/\/original-militaria.com\/en\/wp-json\/wp\/v2\/product"}],"about":[{"href":"https:\/\/original-militaria.com\/en\/wp-json\/wp\/v2\/types\/product"}],"wp:featuredmedia":[{"embeddable":true,"href":"https:\/\/original-militaria.com\/en\/wp-json\/wp\/v2\/media\/4053"}],"wp:attachment":[{"href":"https:\/\/original-militaria.com\/en\/wp-json\/wp\/v2\/media?parent=4052"}],"wp:term":[{"taxonomy":"product_brand","embeddable":true,"href":"https:\/\/original-militaria.com\/en\/wp-json\/wp\/v2\/product_brand?post=4052"},{"taxonomy":"product_cat","embeddable":true,"href":"https:\/\/original-militaria.com\/en\/wp-json\/wp\/v2\/product_cat?post=4052"},{"taxonomy":"product_tag","embeddable":true,"href":"https:\/\/original-militaria.com\/en\/wp-json\/wp\/v2\/product_tag?post=4052"}],"curies":[{"name":"wp","href":"https:\/\/api.w.org\/{rel}","templated":true}]}}