{"id":4023,"date":"2017-09-05T11:24:27","date_gmt":"2017-09-05T11:24:27","guid":{"rendered":"https:\/\/original-militaria.com\/?post_type=product&#038;p=4023"},"modified":"2026-01-01T19:13:36","modified_gmt":"2026-01-01T18:13:36","slug":"fotografia-de-estudio","status":"publish","type":"product","link":"https:\/\/original-militaria.com\/en\/producto\/fotografia-de-estudio\/","title":{"rendered":"WH\/ Studio Photo&#8212;WH\/ Fotograf\u00eda de Estudio."},"content":{"rendered":"<p><span style=\"font-family: verdana, geneva, sans-serif; font-size: 12pt;\">Fotograf\u00eda de estudio de un soldado con uniforme completo con una gorra de campa\u00f1a M42. Lleva en la parte inferior derecha en relieve la marca de la fotograf\u00eda &#8220;Foto S\u00edenz, Hempten (Allg)&#8221;.\u00a0Mide 23,5 cm de alto por 17,5 de ancho.<\/span><\/p>\n","protected":false},"excerpt":{"rendered":"<p style=\"text-align: justify;\"><span style=\"font-size: medium;\"><strong><span style=\"font-family: Verdana;\">DESCRIPCION:<\/span><\/strong><span style=\"font-family: Verdana;\"> Fotograf\u00eda de estudio <\/span><\/span><span style=\"font-size: medium;\"><span style=\"font-family: Verdana;\">de un soldado con uniforme completo con una gorra de campa\u00f1a M42.\u00a0Lleva en la parte inferior derecha en relieve lamarca de la fotografia <span style=\"color: #ff0000;\">&#8220;Foto S\u00edenz, Hempten (Allg)&#8221;<\/span>.<\/span><span style=\"font-family: Arial;\"><span style=\"font-family: Verdana;\">\u00a0Mide 23,5 cm de alto por 17,5 de ancho.<\/span><\/span><\/span><\/p>\n","protected":false},"featured_media":4024,"template":"","meta":[],"product_brand":[],"product_cat":[203],"product_tag":[],"class_list":{"0":"post-4023","1":"product","2":"type-product","3":"status-publish","4":"has-post-thumbnail","6":"product_cat-albumes-de-fotos-fotos-y-postales","7":"sales-flash-overlay","8":"woocommerce-text-align-center","9":"woocommerce-image-align-center","10":"do-quantity-buttons","12":"first","13":"instock","14":"purchasable","15":"product-type-simple"},"_links":{"self":[{"href":"https:\/\/original-militaria.com\/en\/wp-json\/wp\/v2\/product\/4023","targetHints":{"allow":["GET"]}}],"collection":[{"href":"https:\/\/original-militaria.com\/en\/wp-json\/wp\/v2\/product"}],"about":[{"href":"https:\/\/original-militaria.com\/en\/wp-json\/wp\/v2\/types\/product"}],"wp:featuredmedia":[{"embeddable":true,"href":"https:\/\/original-militaria.com\/en\/wp-json\/wp\/v2\/media\/4024"}],"wp:attachment":[{"href":"https:\/\/original-militaria.com\/en\/wp-json\/wp\/v2\/media?parent=4023"}],"wp:term":[{"taxonomy":"product_brand","embeddable":true,"href":"https:\/\/original-militaria.com\/en\/wp-json\/wp\/v2\/product_brand?post=4023"},{"taxonomy":"product_cat","embeddable":true,"href":"https:\/\/original-militaria.com\/en\/wp-json\/wp\/v2\/product_cat?post=4023"},{"taxonomy":"product_tag","embeddable":true,"href":"https:\/\/original-militaria.com\/en\/wp-json\/wp\/v2\/product_tag?post=4023"}],"curies":[{"name":"wp","href":"https:\/\/api.w.org\/{rel}","templated":true}]}}