{"id":4012,"date":"2017-09-05T11:24:24","date_gmt":"2017-09-05T11:24:24","guid":{"rendered":"https:\/\/original-militaria.com\/?post_type=product&#038;p=4012"},"modified":"2022-01-31T19:03:26","modified_gmt":"2022-01-31T18:03:26","slug":"casco-ingles-defensa-civil-mk-i-1935","status":"publish","type":"product","link":"https:\/\/original-militaria.com\/en\/producto\/casco-ingles-defensa-civil-mk-i-1935\/","title":{"rendered":"English Civil Defense Helmet  &#8220;MK-I, 1935&#8221; &#8212; Casco Ingl\u00e9s Defensa Civil &#8220;MK-I, 1935&#8221;"},"content":{"rendered":"<p style=\"text-align: justify;\" align=\"justify\"><span style=\"font-family: verdana, geneva, sans-serif; font-size: 12pt;\"><strong>ANTECEDENTES:<\/strong> El casco MK-I adoptado durante la Gran Guerra, permanec\u00eda en servicio, sin variaciones, durante los a\u00f1os 30.\u00a0En la creencia en una paz duradera, la renovaci\u00f3n de los equipos militares no se hallaba entre las prioridades del gobierno. No se produce ninguna variaci\u00f3n hasta que en abril de 1.935 se ordena modificar los estocks existentes. Se pretende sustituir la guarnici\u00f3n por una nueva que pueda ser retirada y facilite su almacenamiento y transporte.\u00a0La llegada de los nazis al poder en Alemania, supone un toque de atenci\u00f3n e, inmediatamente, se procede a una revisi\u00f3n de la pol\u00edtica de armamentos, procediendo a poner en marcha varios programas de rearme.\u00a0El casco MK-I adoptado durante la Gran Guerra, permanec\u00eda en servicio, sin variaciones, durante los a\u00f1os 30.\u00a0<\/span><\/p>\n<p style=\"text-align: justify;\" align=\"justify\"><span style=\"font-family: verdana, geneva, sans-serif; font-size: 12pt;\"><strong>DESCRIPCION:<\/strong> Casco de acero ingl\u00e9s modelo &#8220;MK-I, 1935&#8221; para la defensa civil, tiene pintada en el frontal la &#8220;W&#8221; de Warden, Home Ward (Guardia interior). La guarnici\u00f3n la forma un zuncho de fibra vulcanizada forrado por la parte inferior por una banda de caucho recubierta de una tira de tela encerada que presenta cinco leng\u00fcetas, ribeteadas en su extremo para aceptar un lazo. En una de ellas tiene la manufactura y el a\u00f1o &#8220;1940&#8221;. Completo con su barboquejo de algod\u00f3n.<\/span><\/p>\n","protected":false},"excerpt":{"rendered":"<p align=\"justify\"><span style=\"font-family: Verdana;\"><strong>ANTECEDENTES:<\/strong> El casco MK-I adoptado durante la Gran Guerra, permanec\u00eda en servicio, sin variaciones, durante los a\u00f1os 30.\u00a0En la creencia en una paz duradera, la renovaci\u00f3n de los equipos militares no se hallaba entre las prioridades del gobierno. No se produce ninguna variaci\u00f3n hasta que en abril de 1.935 se ordena modificar los estocks existentes. Se pretende sustituir la guarnici\u00f3n por una nueva que pueda ser retirada y facilite su almacenamiento y transporte.\u00a0La llegada de los nazis al poder en Alemania, supone un toque de atenci\u00f3n e, inmediatamente, se procede a una revisi\u00f3n de la pol\u00edtica de armamentos, procediendo a poner en marcha varios programas de rearme.\u00a0El casco MK-I adoptado durante la Gran Guerra, permanec\u00eda en servicio, sin variaciones, durante los a\u00f1os 30.\u00a0<\/span><\/p>\n<p align=\"justify\"><span style=\"font-family: Verdana;\"><strong>DESCRIPCION:<\/strong> Casco de acero ingl\u00e9s modelo <span style=\"color: #ff0000;\">&#8220;MK-I, 1935&#8221;<\/span> para la defensa civil, tiene pintada en el frontal la <span style=\"color: #ff0000;\">&#8220;W&#8221;<\/span> de Warden, Home Ward (Guardia interior).<span style=\"color: #ffffff;\">\u00a0La guarnici\u00f3n la forma un zuncho de fibra vulcanizada forrado por la parte inferior por una banda de caucho recubierta de una tira de tela encerada que presenta cinco leng\u00fcetas, ribeteadas en su extremo para aceptar un lazo. En una de ellas tiene la manufactura y el a\u00f1o &#8220;1940&#8221;. Compleo con su barboquejo dealgod\u00f3n.<\/span><\/span><\/p>\n","protected":false},"featured_media":4013,"template":"","meta":[],"product_brand":[],"product_cat":[224],"product_tag":[],"class_list":{"0":"post-4012","1":"product","2":"type-product","3":"status-publish","4":"has-post-thumbnail","6":"product_cat-archivo-vendidos","7":"sales-flash-overlay","8":"woocommerce-text-align-center","9":"woocommerce-image-align-center","10":"do-quantity-buttons","12":"first","13":"outofstock","14":"purchasable","15":"product-type-simple"},"_links":{"self":[{"href":"https:\/\/original-militaria.com\/en\/wp-json\/wp\/v2\/product\/4012","targetHints":{"allow":["GET"]}}],"collection":[{"href":"https:\/\/original-militaria.com\/en\/wp-json\/wp\/v2\/product"}],"about":[{"href":"https:\/\/original-militaria.com\/en\/wp-json\/wp\/v2\/types\/product"}],"wp:featuredmedia":[{"embeddable":true,"href":"https:\/\/original-militaria.com\/en\/wp-json\/wp\/v2\/media\/4013"}],"wp:attachment":[{"href":"https:\/\/original-militaria.com\/en\/wp-json\/wp\/v2\/media?parent=4012"}],"wp:term":[{"taxonomy":"product_brand","embeddable":true,"href":"https:\/\/original-militaria.com\/en\/wp-json\/wp\/v2\/product_brand?post=4012"},{"taxonomy":"product_cat","embeddable":true,"href":"https:\/\/original-militaria.com\/en\/wp-json\/wp\/v2\/product_cat?post=4012"},{"taxonomy":"product_tag","embeddable":true,"href":"https:\/\/original-militaria.com\/en\/wp-json\/wp\/v2\/product_tag?post=4012"}],"curies":[{"name":"wp","href":"https:\/\/api.w.org\/{rel}","templated":true}]}}