{"id":3989,"date":"2017-09-05T11:24:18","date_gmt":"2017-09-05T11:24:18","guid":{"rendered":"https:\/\/original-militaria.com\/?post_type=product&#038;p=3989"},"modified":"2025-11-01T00:45:57","modified_gmt":"2025-10-31T23:45:57","slug":"casco-de-combate-de-la-marina-de-guerra-italiana","status":"publish","type":"product","link":"https:\/\/original-militaria.com\/en\/producto\/casco-de-combate-de-la-marina-de-guerra-italiana\/","title":{"rendered":"Italy\/ 1933 Helmet with Italian Social Republic (RSI) Navy Badge (1943\/45)&#8212;Casco M33 de la Marina de Guerra de la Rep\u00fablica Social Italiana (RSI), 1943\/45"},"content":{"rendered":"<p align=\"justify\"><span style=\"font-size: medium;\"><span style=\"font-family: Verdana;\"><span style=\"font-size: 12pt; font-family: verdana, geneva, sans-serif;\">Excelente ejemplo de casco M33 de la Marina de Guerra de la Rep\u00fablica Social Italiana o &#8220;RSI&#8221; (1943\/45) de WW2. Tiene la pintura de color verde y calca original en un buen estado. En el interior de la olla, en la falda tiene un <strong>sello de tinta<\/strong> ilegible, podr\u00eda ser el n\u00famero de lote. La\u00a0guarnici\u00f3n confeccionada en piel de oveja de color oscuro se sustenta mediante el novedoso armaz\u00f3n met\u00e1lico de la \u00e9poca unido a la olla mediante 3 remaches perforados ventilados. La\u00a0guarnici\u00f3n\u00a0mantiene su lazo de\u00a0cuero\u00a0para el ajuste\u00a0mediante\u00a0leng\u00fcetas con orificios, esta guarnici\u00f3n ya viene reforzada con ojeteros met\u00e1licos, las leng\u00fcetas\u00a0terminan con un cosido de dos con costuras paralelas que se unen a otra diagonal formando el t\u00edpico\u00a0remate en forma de\u00a0<strong>&#8220;Z&#8221;<\/strong>, la talla viene\u00a0\u00a0marcada con un\u00a0<strong>sello de agujas en seco<\/strong>,\u00a0una\u00a0<strong>&#8220;58&#8221;<\/strong>. El barboquejo de cuero color verde con\u00a0<strong>sello\u00a0en seco<\/strong> es de dos piezas con hebilla.\u00a0En la olla, en la parte exterior izquierda\u00a0tiene estampado el n\u00famero\u00a0<strong>&#8220;93&#8221;<\/strong>.\u00a0<\/span><\/span><\/span><\/p>\n<p style=\"text-align: justify;\" align=\"justify\"><span style=\"font-family: verdana, geneva, sans-serif; font-size: 12pt;\"><strong>Nota.-<\/strong> <strong>NO<\/strong> confundir este modelo con el modelo de los a\u00f1os 50, <strong>OBSERVESE<\/strong> la diferencia no solo de la guarnici\u00f3n, sino tambi\u00e9n del <strong>emblema (ver fotos)<\/strong>, que aunque parecidos, son diferentes.<\/span><\/p>\n","protected":false},"excerpt":{"rendered":"<p align=\"justify\"><span style=\"font-size: medium;\"><span style=\"font-family: Verdana;\"><strong>DESCRIPCION:<\/strong> Casco de acero\u00a0M33 de la Marina de Guerra Italiana\u00a0del a\u00f1o 1944.\u00a0Pintura de color verde oliva y calca original en un estado poco frecuente, forro de cuero marr\u00f3n y verde oliva completo con\u00a0 su barbuquejo con sello. Talla aproximada 58. Excelente ejemplo de casco italiano.<\/span><\/span><\/p>\n","protected":false},"featured_media":3990,"template":"","meta":[],"product_brand":[],"product_cat":[176],"product_tag":[],"class_list":{"0":"post-3989","1":"product","2":"type-product","3":"status-publish","4":"has-post-thumbnail","6":"product_cat-militaria-otras-naciones","7":"sales-flash-overlay","8":"woocommerce-text-align-center","9":"woocommerce-image-align-center","10":"do-quantity-buttons","12":"first","13":"instock","14":"purchasable","15":"product-type-simple"},"_links":{"self":[{"href":"https:\/\/original-militaria.com\/en\/wp-json\/wp\/v2\/product\/3989","targetHints":{"allow":["GET"]}}],"collection":[{"href":"https:\/\/original-militaria.com\/en\/wp-json\/wp\/v2\/product"}],"about":[{"href":"https:\/\/original-militaria.com\/en\/wp-json\/wp\/v2\/types\/product"}],"wp:featuredmedia":[{"embeddable":true,"href":"https:\/\/original-militaria.com\/en\/wp-json\/wp\/v2\/media\/3990"}],"wp:attachment":[{"href":"https:\/\/original-militaria.com\/en\/wp-json\/wp\/v2\/media?parent=3989"}],"wp:term":[{"taxonomy":"product_brand","embeddable":true,"href":"https:\/\/original-militaria.com\/en\/wp-json\/wp\/v2\/product_brand?post=3989"},{"taxonomy":"product_cat","embeddable":true,"href":"https:\/\/original-militaria.com\/en\/wp-json\/wp\/v2\/product_cat?post=3989"},{"taxonomy":"product_tag","embeddable":true,"href":"https:\/\/original-militaria.com\/en\/wp-json\/wp\/v2\/product_tag?post=3989"}],"curies":[{"name":"wp","href":"https:\/\/api.w.org\/{rel}","templated":true}]}}