{"id":3987,"date":"2017-09-05T11:24:18","date_gmt":"2017-09-05T11:24:18","guid":{"rendered":"https:\/\/original-militaria.com\/?post_type=product&#038;p=3987"},"modified":"2022-01-31T19:03:26","modified_gmt":"2022-01-31T18:03:26","slug":"cantimplora-m31-de-tropas-de-montana","status":"publish","type":"product","link":"https:\/\/original-militaria.com\/en\/producto\/cantimplora-m31-de-tropas-de-montana\/","title":{"rendered":"Wehrmacht\/ M31 Canteen &amp; Cup, 1942&#8211; Cantimplora M31, 1942"},"content":{"rendered":"<p align=\"justify\"><span style=\"font-size: medium\"><strong><span style=\"font-family: Arial\">ANTECEDENTES:<\/span><\/strong> <span style=\"font-family: Verdana\">Introducida en 1931, la cantimplora M31 bas\u00f3 en <\/span><\/span><span style=\"font-size: 10pt;font-family: Verdana\"><span style=\"font-size: medium\">la M<\/span><span style=\"font-size: medium\">1893 y M1907 de Primera Guerra Mundial con ligeras modificaciones. Originalmente <\/span><span style=\"font-size: medium\">la M<\/span><\/span><span style=\"font-size: medium\"><span style=\"font-family: Verdana\">31 fue fabricada en aluminio, pero m\u00e1s tarde como el aluminio se requiere para otros productos de primera necesidad m\u00e1s importantes comenzaron a ser fabricadas en acero. A\u00a0los m\u00e9dicos y al personal de monta\u00f1a se les dio una m\u00e1s grande de uno y medio a dos litros de capacidad.\u00a0Estas cantimploras\u00a0fueron id\u00e9nticas a las de dise\u00f1o est\u00e1ndar M31 pero vinieron equipadas con un arn\u00e9s. Originalmente\u00a0estas fueron fabricadas en\u00a0aluminio, pero m\u00e1s tarde como el aluminio se requiere para otros menesteres comenzaron a ser fabricados en acero. <\/span><\/span><\/p>\n<p align=\"justify\"><span style=\"font-size: medium\"><strong><span style=\"font-family: Verdana\">DESCRIPCION:<\/span><\/strong><span style=\"font-family: Verdana\"> Cantimplora de dotaci\u00f3n de Whermacht M31 (Feldflasche 31 und Trinkbecher) con su correa completa, todos los corchetes est\u00e1n presentes, el vaso de baquelita negro marcado est\u00e1 presente, est\u00e1 recubierta por fieltro color marr\u00f3n con cuatro corchetes, en la cantimplora lleva marcaje del fabricante y el a\u00f1o 1942.<\/span><\/span><\/p>\n","protected":false},"excerpt":{"rendered":"<p align=\"justify\"><span style=\"font-size: medium\"><strong><span style=\"font-family: Arial\">ANTECEDENTES:<\/span><\/strong> <span style=\"font-family: Verdana\">Introducida en 1931, la cantimplora M31 bas\u00f3 en <\/span><\/span><span style=\"font-size: 10pt;font-family: Verdana\"><span style=\"font-size: medium\">la M<\/span><span style=\"font-size: medium\">1893 y M1907 de Primera Guerra Mundial con ligeras modificaciones. Originalmente <\/span><span style=\"font-size: medium\">la M<\/span><\/span><span style=\"font-size: medium\"><span style=\"font-family: Verdana\">31 fue fabricada en aluminio, pero m\u00e1s tarde como el aluminio se requiere para otros productos de primera necesidad m\u00e1s importantes comenzaron a ser fabricadas en acero. A\u00a0los m\u00e9dicos y al personal de monta\u00f1a se les dio una m\u00e1s grande de uno y medio a dos litros de capacidad.\u00a0Estas cantimploras\u00a0fueron id\u00e9nticas a las de dise\u00f1o est\u00e1ndar M31 pero vinieron equipadas con un arn\u00e9s. Originalmente\u00a0estas fueron fabricadas en\u00a0aluminio, pero m\u00e1s tarde como el aluminio se requiere para otros menesteres comenzaron a ser fabricados en acero. <\/span><\/span><\/p>\n<p align=\"justify\"><span style=\"font-size: medium\"><strong><span style=\"font-family: Verdana\">DESCRIPCION:<\/span><\/strong><span style=\"font-family: Verdana\"> Cantimplora de dotaci\u00f3n de Whermacht\u00a0M31 para tropas de monta\u00f1a (Feld\/Labeflasche und Trinkbecher) con su correa completa y su arn\u00e9s marcado, todos los corchetes est\u00e1n presentes, el vaso de baquelita negro marcado est\u00e1 presente, est\u00e1 recubierta por fieltro color marr\u00f3n con cuatro corchetes, en la cantimplora lleva marcaje del fabricante y el a\u00f1o 1942.<\/span><\/span><\/p>\n","protected":false},"featured_media":3988,"template":"","meta":[],"product_brand":[],"product_cat":[224],"product_tag":[],"class_list":{"0":"post-3987","1":"product","2":"type-product","3":"status-publish","4":"has-post-thumbnail","6":"product_cat-archivo-vendidos","7":"sales-flash-overlay","8":"woocommerce-text-align-center","9":"woocommerce-image-align-center","10":"do-quantity-buttons","12":"first","13":"outofstock","14":"purchasable","15":"product-type-simple"},"_links":{"self":[{"href":"https:\/\/original-militaria.com\/en\/wp-json\/wp\/v2\/product\/3987","targetHints":{"allow":["GET"]}}],"collection":[{"href":"https:\/\/original-militaria.com\/en\/wp-json\/wp\/v2\/product"}],"about":[{"href":"https:\/\/original-militaria.com\/en\/wp-json\/wp\/v2\/types\/product"}],"wp:featuredmedia":[{"embeddable":true,"href":"https:\/\/original-militaria.com\/en\/wp-json\/wp\/v2\/media\/3988"}],"wp:attachment":[{"href":"https:\/\/original-militaria.com\/en\/wp-json\/wp\/v2\/media?parent=3987"}],"wp:term":[{"taxonomy":"product_brand","embeddable":true,"href":"https:\/\/original-militaria.com\/en\/wp-json\/wp\/v2\/product_brand?post=3987"},{"taxonomy":"product_cat","embeddable":true,"href":"https:\/\/original-militaria.com\/en\/wp-json\/wp\/v2\/product_cat?post=3987"},{"taxonomy":"product_tag","embeddable":true,"href":"https:\/\/original-militaria.com\/en\/wp-json\/wp\/v2\/product_tag?post=3987"}],"curies":[{"name":"wp","href":"https:\/\/api.w.org\/{rel}","templated":true}]}}