{"id":3981,"date":"2017-09-05T11:24:17","date_gmt":"2017-09-05T11:24:17","guid":{"rendered":"https:\/\/original-militaria.com\/?post_type=product&#038;p=3981"},"modified":"2022-01-31T19:03:26","modified_gmt":"2022-01-31T18:03:26","slug":"wehrmacht-casco-m35-de-combate","status":"publish","type":"product","link":"https:\/\/original-militaria.com\/en\/producto\/wehrmacht-casco-m35-de-combate\/","title":{"rendered":"Wehrmacht\/ M35 Simple Decal Combat Helmet&#8212;WH\/ Casco M35 de Combate"},"content":{"rendered":"<p style=\"text-align: justify\"><span style=\"font-size: medium\"><span style=\"font-family: Verdana\">Casco de combate M35 (Stahlhelm). En el lado izquierdo del casco tiene calca con el \u00e1guila de Wehrmacht que se conserva sobre el 80% con alg\u00fan rascado peque\u00f1o. Tiene en el interior de la olla, bajo la falda posterior el n\u00famero de serie del casco ilegible, y marcaje alfanum\u00e9rico &#8220;Q..&#8221;, manufactura de &#8220;F.W. Quist, G.m.b.H, Esslingen&#8221; tiene que ser 64, pues la talla que marca la guarnici\u00f3n es la &#8220;57&#8221;, interior completo.<\/span><\/span><\/p>\n","protected":false},"excerpt":{"rendered":"<p style=\"text-align: justify\"><strong><span style=\"font-size: medium\"><span style=\"font-family: Verdana\">ANTECEDENTES:<\/span><\/span><\/strong><span style=\"font-size: medium\"><span style=\"font-family: Verdana\"> Los primeros cascos de acero \u201cmodernos\u201d fueron introducidos por el ej\u00e9rcito franc\u00e9s a principios de 1915 y seguidos despu\u00e9s por el ej\u00e9rcito brit\u00e1nico. Con planes en el tablero de dibujo, los cascos experimentales en el campo, (casco de \u201cGaede\u201d), y con algunos cascos franceses y brit\u00e1nicos capturados, el ej\u00e9rcito alem\u00e1n comenz\u00f3 las pruebas para su propio casco de acero en el Kummersdorf que los probaba en el campo en diciembre de 1915. Un modelo aceptable fue desarrollado y aprobado y la producci\u00f3n comenz\u00f3 en Eisen-und H\u00fcttenwerke, AG Thale\/Harz, en 1916. Estos primeros cascos modernos &#8220;M16 &#8221; fueron los que acabar\u00edan siendo los cascos M18 al final de WWI. Los cascos M16 y M18 permanecer\u00edan en uso durante Weimar Reichswehr y al principio de los a\u00f1os del tercer Reich, hasta el desarrollo del casco m\u00e1s peque\u00f1o, m\u00e1s ligero, el llamado M35 en junio de 1935.<\/span><\/span><\/p>\n<p style=\"text-align: justify\"><strong><span style=\"font-size: medium\"><span style=\"font-family: Verdana\">DESCRIPCI\u00d3N:<\/span><\/span><\/strong><span style=\"font-size: medium\"><span style=\"font-family: Verdana\"> Casco de combate M35 (Stahlhelm). En el lado izquierdo del casco tiene calca con el \u00e1guila de Wehrmacht que se conserva sobre el 80% con alg\u00fan rascado peque\u00f1o. Tiene en el interior de la olla, bajo la falda posterior el n\u00famero de serie del casco ilegible, y marcaje alfanum\u00e9rico<span style=\"color: #ff0000\"> &#8220;Q..&#8221;<\/span>, manufactura de<span style=\"color: #ff0000\"> &#8220;F.W. Quist, G.m.b.H, Esslingen&#8221;<\/span> tiene que ser 64, pues la talla que marca la guarnici\u00f3n es la <span style=\"color: #ff0000\">&#8220;57&#8221;<\/span>, interior completo.<\/span><\/span><\/p>\n","protected":false},"featured_media":3982,"template":"","meta":[],"product_brand":[],"product_cat":[224],"product_tag":[],"class_list":{"0":"post-3981","1":"product","2":"type-product","3":"status-publish","4":"has-post-thumbnail","6":"product_cat-archivo-vendidos","7":"sales-flash-overlay","8":"woocommerce-text-align-center","9":"woocommerce-image-align-center","10":"do-quantity-buttons","12":"first","13":"outofstock","14":"purchasable","15":"product-type-simple"},"_links":{"self":[{"href":"https:\/\/original-militaria.com\/en\/wp-json\/wp\/v2\/product\/3981","targetHints":{"allow":["GET"]}}],"collection":[{"href":"https:\/\/original-militaria.com\/en\/wp-json\/wp\/v2\/product"}],"about":[{"href":"https:\/\/original-militaria.com\/en\/wp-json\/wp\/v2\/types\/product"}],"wp:featuredmedia":[{"embeddable":true,"href":"https:\/\/original-militaria.com\/en\/wp-json\/wp\/v2\/media\/3982"}],"wp:attachment":[{"href":"https:\/\/original-militaria.com\/en\/wp-json\/wp\/v2\/media?parent=3981"}],"wp:term":[{"taxonomy":"product_brand","embeddable":true,"href":"https:\/\/original-militaria.com\/en\/wp-json\/wp\/v2\/product_brand?post=3981"},{"taxonomy":"product_cat","embeddable":true,"href":"https:\/\/original-militaria.com\/en\/wp-json\/wp\/v2\/product_cat?post=3981"},{"taxonomy":"product_tag","embeddable":true,"href":"https:\/\/original-militaria.com\/en\/wp-json\/wp\/v2\/product_tag?post=3981"}],"curies":[{"name":"wp","href":"https:\/\/api.w.org\/{rel}","templated":true}]}}