{"id":3977,"date":"2017-09-05T11:24:16","date_gmt":"2017-09-05T11:24:16","guid":{"rendered":"https:\/\/original-militaria.com\/?post_type=product&#038;p=3977"},"modified":"2022-01-31T19:03:25","modified_gmt":"2022-01-31T18:03:25","slug":"medalla-del-frente-del-este-1941-42","status":"publish","type":"product","link":"https:\/\/original-militaria.com\/en\/producto\/medalla-del-frente-del-este-1941-42\/","title":{"rendered":"Wehrmacht\/Heer Russian Front Medal 1941\/42&#8211;  Medalla del Frente del Este 1941\/42"},"content":{"rendered":"<p align=\"justify\"><strong style=\"font-family: Verdana\">ANTECEDENTES:<\/strong><span style=\"font-family: Verdana\"> Medalla del Frente Ruso 1941-42 la instituy\u00f3 Adolfo Hitler el 26 de mayo 1942 para conmemorar la primera campa\u00f1a invernal en Rusia. El premio estaba disponible para todo el personal de Wehrmacht, civiles y voluntarios extranjeros que se encontraron prestando servicios y reun\u00edan las condiciones reglamentarias para recibirla, la principal de ellas era que por lo menos participara 14 d\u00edas en combate en el frente ruso entre el 15 de noviembre 1941 y el 15 de abril 1942. El premio lo dise\u00f1\u00f3 el SS-Scharf\u00fchrer Ernst Krause y se design\u00f3 oficialmente como &#8220;Medaille Winterschlacht Im Osten 1941\/42&#8221;, (Medalla de la Batalla Invernal en el Frente Oriental 1941\/42), pero normalmente es llamada Medalla del Frente Ruso. El OKW, der de Oberkommando Wehrmacht, (Alto Mando de las Fuerzas Armadas), en sus regulaciones del 4 de septiembre de 1944 discontinuaron esta medalla entreg\u00e1ndose la \u00faltima el 15 de octubre de 1944. La medalla se otorg\u00f3 desde el 15\/11\/1941 al 26\/4\/1942 a todos aquellos que reunieron los siguientes requisitos: 14 d\u00edas en combate (Heer o SS), 30 salidas de combate para la Luftwaffe o 60 d\u00edas de servicio en la zona de combate. Haber recibido heridas o congelaciones como para una insignia de herido. En caso de muerte era recibida p\u00f3stumamente y tambi\u00e9n fue recibida por las tropas espa\u00f1olas de la 250 Div. de la Wehrmacht o Divisi\u00f3n Azul que participaron en la invasi\u00f3n a Rusia. <\/span><\/p>\n<p style=\"text-align: justify\"><span style=\"font-family: verdana, geneva, sans-serif\"><strong>DESCRIPCION:<\/strong> Medalla del primer invierno en Rusia (Winterschlacht im Osten 1941-42). Conocida como la medalla de &#8220;La carne congelada&#8221;. La medalla es redonda con una forma c\u00f3ncava fabricada en zinc y en el llamado &#8220;buntmetall&#8221; o metal de guerra, \u00e1guila de la Wehrmacht con las alas barridas hacia abajo sujetando una esv\u00e1stica superpuesta a una hoja de roble, anilla sobre casco modelo 35 con granada de palo en el interior. El anverso es convexo con la leyenda &#8220;Winterschlacht im Osten 1941\/42&#8221; (Batalla en invierno del Este) adem\u00e1s de una espada cruzada con una hoja de roble. La banda tiene los colores rojos con una franja negra y blanca, siendo la negra el doble que la blanca, se cree que el rojo responde a la sangre vertida en la lucha, el blanco la nieve y el negro honra a la memoria de los ca\u00eddos en la batalla.<\/span><\/p>\n","protected":false},"excerpt":{"rendered":"<p align=\"justify\"><span style=\"font-family: Verdana\"><strong>ANTECEDENTES:<\/strong> Medalla del Frente Ruso 1941-42 la instituy\u00f3 Adolfo Hitler el 26 de mayo 1942 para conmemorar la primera campa\u00f1a invernal en Rusia. El premio estaba disponible para todo el personal de Wehrmacht, civiles y voluntarios extranjeros que se encontraron prestando servicios y reun\u00edan las condiciones reglamentarias para recibirla, la principal de ellas era que por lo menos participara 14 d\u00edas en combate en el frente ruso entre el 15 de noviembre 1941 y el 15 de abril 1942. El premio lo dise\u00f1\u00f3 el SS-Scharf\u00fchrer Ernst Krause y se design\u00f3 oficialmente como &#8220;Medaille Winterschlacht Im Osten 1941\/42&#8221;, (Medalla de la Batalla Invernal en el Frente Oriental 1941\/42), pero normalmente es llamada Medalla del Frente Ruso. El OKW, der de Oberkommando Wehrmacht, (Alto Mando de las Fuerzas Armadas), en sus regulaciones del 4 de septiembre de 1944 discontinuaron esta medalla entreg\u00e1ndose la \u00faltima el 15 de octubre de 1944. La medalla se otorg\u00f3 desde el 15\/11\/1941 al 26\/4\/1942 a todos aquellos que reunieron los siguientes requisitos: 14 d\u00edas en combate (Heer o SS), 30 salidas de combate para la Luftwaffe o 60 d\u00edas de servicio en la zona de combate. Haber recibido heridas o congelaciones como para una insignia de herido. En caso de muerte era recibida p\u00f3stumamente y tambi\u00e9n fue recibida por las tropas espa\u00f1olas de la 250 Div. de la Wehrmacht o Divisi\u00f3n Azul que participar\u00f3n en la invasi\u00f3n a Rusia. <\/span><\/p>\n<p><strong>DESCRIPCION:<\/strong> Medalla del primer invierno en Rusia (Winterschlacht im Osten 1941-42). Conocida como la medalla de <span style=\"color: #ff0000\">&#8220;La carne congelada&#8221;<\/span>. La medalla es redonda con una forma c\u00f3ncava fabricada en zinc y en el llamado &#8220;buntmetall&#8221; o metal de guerra, \u00e1guila de la Wehrmacht con las alas barridas hacia abajo sujetando una esv\u00e1stica superpuesta a una hoja de roble, anilla sobre casco modelo 35 con granada de palo en el interior. El anverso es convexo con la leyenda <span style=\"color: #ff0000\">&#8220;Winterschlacht im Osten 1941\/42&#8221;<\/span> (Batalla en invierno del Este) adem\u00e1s de una espada cruzada con una hoja de roble. La banda tiene los colores rojos con una franja negra y blanca, siendo la negra el doble que la blanca, se cree que el rojo responde a la sangre vertida en la lucha, el blanco la nieve y el negro honra a la memoria de los ca\u00eddos en la batalla.<\/p>\n","protected":false},"featured_media":3978,"template":"","meta":[],"product_brand":[],"product_cat":[224],"product_tag":[],"class_list":{"0":"post-3977","1":"product","2":"type-product","3":"status-publish","4":"has-post-thumbnail","6":"product_cat-archivo-vendidos","7":"sales-flash-overlay","8":"woocommerce-text-align-center","9":"woocommerce-image-align-center","10":"do-quantity-buttons","12":"first","13":"outofstock","14":"purchasable","15":"product-type-simple"},"_links":{"self":[{"href":"https:\/\/original-militaria.com\/en\/wp-json\/wp\/v2\/product\/3977","targetHints":{"allow":["GET"]}}],"collection":[{"href":"https:\/\/original-militaria.com\/en\/wp-json\/wp\/v2\/product"}],"about":[{"href":"https:\/\/original-militaria.com\/en\/wp-json\/wp\/v2\/types\/product"}],"wp:featuredmedia":[{"embeddable":true,"href":"https:\/\/original-militaria.com\/en\/wp-json\/wp\/v2\/media\/3978"}],"wp:attachment":[{"href":"https:\/\/original-militaria.com\/en\/wp-json\/wp\/v2\/media?parent=3977"}],"wp:term":[{"taxonomy":"product_brand","embeddable":true,"href":"https:\/\/original-militaria.com\/en\/wp-json\/wp\/v2\/product_brand?post=3977"},{"taxonomy":"product_cat","embeddable":true,"href":"https:\/\/original-militaria.com\/en\/wp-json\/wp\/v2\/product_cat?post=3977"},{"taxonomy":"product_tag","embeddable":true,"href":"https:\/\/original-militaria.com\/en\/wp-json\/wp\/v2\/product_tag?post=3977"}],"curies":[{"name":"wp","href":"https:\/\/api.w.org\/{rel}","templated":true}]}}