{"id":3953,"date":"2017-09-05T11:24:10","date_gmt":"2017-09-05T11:24:10","guid":{"rendered":"https:\/\/original-militaria.com\/?post_type=product&#038;p=3953"},"modified":"2022-01-31T19:03:25","modified_gmt":"2022-01-31T18:03:25","slug":"sable-de-oficial-del-heer-modelo-n-3-de-puma","status":"publish","type":"product","link":"https:\/\/original-militaria.com\/en\/producto\/sable-de-oficial-del-heer-modelo-n-3-de-puma\/","title":{"rendered":"Wehrmacht\/ Army Officer&#8217; Saber &#8220;Puma N3&#8221;&#8211; WH\/ Sable de Oficial del Heer modelo n\u00ba 3 de Puma"},"content":{"rendered":"<p align=\"justify\"><span style=\"font-size: 9pt;font-family: Verdana\"><span style=\"font-size: medium\"><strong>ANTECEDENTES:<\/strong> El sable es una tradici\u00f3n militar hist\u00f3rica, esta fue transformada de un arma funcional en un art\u00edculo de la ornamentaci\u00f3n para el uniforme al comienzo de WWI. Esta fuerte tradici\u00f3n contin\u00faa en muchos ej\u00e9rcitos en estos d\u00edas como s\u00edmbolo de fuerza y energ\u00eda. Despu\u00e9s de la subida de Hitler a la poder en enero de 1933 y de la reintroducci\u00f3n del reclutamiento en marzo de 1935 una amplia variedad de nuevos dise\u00f1os de espadas y del sables fue introducida para equipar a la Wehrmacht r\u00e1pidamente creciente. Este renacimiento en la producci\u00f3n de los sables dio lugar a numerosos fabricantes de hojas, todos ellos establecidos principalmente en Solingen, para desarrollar una amplia variedad de dise\u00f1os adornados de diferentes formas, en un intento por competir por los lucrativos contratos para la fabricaci\u00f3n, lo cual dio origen a cientos de modelos durante el tercer Reich. Como resultado de la guerra, la producci\u00f3n de de sables deb\u00eda ser continua seg\u00fan las normativas del 27 de mayo de 1943. Las normativas del 23 de diciembre de 1944 indicaron que todos los distintos cuerpos de oficiales ten\u00edan que usar pistola en lugar del sable. <\/span><\/span><\/p>\n<p align=\"justify\"><span style=\"font-size: 9pt;font-family: Verdana\"><span style=\"font-size: medium\"><strong>D<span style=\"font-family: Verdana\">ESCRIPCION:<\/span><\/strong>\u00a0Este ejemplo es\u00a0de pomo modelo<strong> \u201cpaloma n\u00ba 3\u201d<\/strong> del fabricante <strong>&#8220;Puma&#8221;<\/strong> de Solingen ,\u00a0largo total de 103 cm. y\u00a0curvado levemente. Guarnici\u00f3n\u00a0decorada con el \u00e1guila y la esv\u00e1stica entre sus garras. La hoja est\u00e1 en condiciones muy buenas y todav\u00eda est\u00e1 absolutamente limpia y brillante,\u00a0est\u00e1 bien marcado con la marca, el nombre y la localizaci\u00f3n profundamente estampados del fabricante, lleva marcado el n\u00ba 3. La marca consiste en una cabeza de puma.\u00a0Tiene una empu\u00f1adura negra (peque\u00f1a fisura, ver la foto) contorneada\u00a0de\u00a0baquelita con los surcos horizontales\u00a0rellenos de\u00a0fino alambre de cobre amarillo. Las guarniciones siguen siendo absolutamente limpias y brillantes. Viene con su vaina original lacada en negro y conserva\u00a0cerca de 80% de su pintura original negra con\u00a0rascados peque\u00f1os.\u00a0\u00a0<\/span><\/span><\/p>\n","protected":false},"excerpt":{"rendered":"<p align=\"justify\"><span style=\"font-size: 9pt;font-family: Verdana\"><span style=\"font-size: medium\"><strong>ANTECEDENTES:<\/strong> El sable es una tradici\u00f3n militar hist\u00f3rica, esta fue transformada de un arma funcional en un art\u00edculo de la ornamentaci\u00f3n para el uniforme al comienzo de WWI. Esta fuerte tradici\u00f3n contin\u00faa en muchos ej\u00e9rcitos en estos d\u00edas como s\u00edmbolo de fuerza y energ\u00eda. Despu\u00e9s de la subida de Hitler a la poder en enero de 1933 y de la reintroducci\u00f3n del reclutamiento en marzo de 1935 una amplia variedad de nuevos dise\u00f1os de espadas y del sables fue introducida para equipar a la Wehrmacht r\u00e1pidamente creciente. Este renacimiento en la producci\u00f3n de los sables dio lugar a numerosos fabricantes de hojas, todos ellos establecidos principalmente en Solingen, para desarrollar una amplia variedad de dise\u00f1os adornados de diferentes formas, en un intento por competir por los lucrativos contratos para la fabricaci\u00f3n, lo cual dio origen a cientos de modelos durante el tercer Reich. Como resultado de la guerra, la producci\u00f3n de de sables deb\u00eda ser continua seg\u00fan las normativas del 27 de mayo de 1943. Las normativas del 23 de diciembre de 1944 indicaron que todos los distintos cuerpos de oficiales ten\u00edan que usar pistola en lugar del sable. <\/span><\/span><\/p>\n<p align=\"justify\"><span style=\"font-size: 9pt;font-family: Verdana\"><span style=\"font-size: medium\"><strong>D<span style=\"font-family: Verdana\">ESCRIPCION:<\/span><\/strong>\u00a0Este ejemplo es\u00a0de pomo modelo <span style=\"color: #ff0000\">\u201cpaloma n\u00ba 3\u201d <\/span>del fabricante <span style=\"color: #ff0000\">&#8220;Puma&#8221; <\/span>de Solingen ,\u00a0largo total de 103 cm. y\u00a0curvado levemente. Guarnici\u00f3n\u00a0decorada con el \u00e1guila y la esv\u00e1stica entre sus garras. La hoja est\u00e1 en condiciones muy buenas y todav\u00eda est\u00e1 absolutamente limpia y brillante,\u00a0est\u00e1 bien marcado con la marca, el nombre y la localizaci\u00f3n profundamente estampados del fabricante, lleva marcado el <span style=\"color: #ff0000\">n\u00ba 3<\/span>. La marca consiste en una cabeza de puma.\u00a0Tiene una empu\u00f1adura negra (peque\u00f1a fisura, ver la foto) contorneada\u00a0de\u00a0baquelita con los surcos horizontales\u00a0rellenos de\u00a0fino alambre de cobre amarillo. Las guarniciones siguen siendo absolutamente limpias y brillantes. Viene con su vaina original lacada en negro y conserva\u00a0cerca de 80% de su pintura original negra con\u00a0rascados peque\u00f1os.\u00a0\u00a0<\/span><\/span><\/p>\n","protected":false},"featured_media":3954,"template":"","meta":[],"product_brand":[],"product_cat":[224],"product_tag":[],"class_list":{"0":"post-3953","1":"product","2":"type-product","3":"status-publish","4":"has-post-thumbnail","6":"product_cat-archivo-vendidos","7":"sales-flash-overlay","8":"woocommerce-text-align-center","9":"woocommerce-image-align-center","10":"do-quantity-buttons","12":"first","13":"outofstock","14":"product-type-simple"},"_links":{"self":[{"href":"https:\/\/original-militaria.com\/en\/wp-json\/wp\/v2\/product\/3953","targetHints":{"allow":["GET"]}}],"collection":[{"href":"https:\/\/original-militaria.com\/en\/wp-json\/wp\/v2\/product"}],"about":[{"href":"https:\/\/original-militaria.com\/en\/wp-json\/wp\/v2\/types\/product"}],"wp:featuredmedia":[{"embeddable":true,"href":"https:\/\/original-militaria.com\/en\/wp-json\/wp\/v2\/media\/3954"}],"wp:attachment":[{"href":"https:\/\/original-militaria.com\/en\/wp-json\/wp\/v2\/media?parent=3953"}],"wp:term":[{"taxonomy":"product_brand","embeddable":true,"href":"https:\/\/original-militaria.com\/en\/wp-json\/wp\/v2\/product_brand?post=3953"},{"taxonomy":"product_cat","embeddable":true,"href":"https:\/\/original-militaria.com\/en\/wp-json\/wp\/v2\/product_cat?post=3953"},{"taxonomy":"product_tag","embeddable":true,"href":"https:\/\/original-militaria.com\/en\/wp-json\/wp\/v2\/product_tag?post=3953"}],"curies":[{"name":"wp","href":"https:\/\/api.w.org\/{rel}","templated":true}]}}