{"id":3939,"date":"2017-09-05T11:24:07","date_gmt":"2017-09-05T11:24:07","guid":{"rendered":"https:\/\/original-militaria.com\/?post_type=product&#038;p=3939"},"modified":"2022-01-31T19:03:24","modified_gmt":"2022-01-31T18:03:24","slug":"gorra-de-plato-de-oficial-de-panzergranadier","status":"publish","type":"product","link":"https:\/\/original-militaria.com\/en\/producto\/gorra-de-plato-de-oficial-de-panzergranadier\/","title":{"rendered":"WH\/Heer, Panzergrenadier Officer\u00b4s Visor Cap&#8212;WH\/ Heer, Gorra de plato  de Oficial de Granaderos Panzer"},"content":{"rendered":"<p style=\"text-align: justify\" align=\"justify\"><span style=\"font-family: verdana, geneva, sans-serif;font-size: 12pt\">Gorra de plato (Schirmm\u00fctze) de combate de Oficial de Granaderos Panzer (panzergrenadier). Waffenfarbe color verde claro para este arma, \u00e1guila nacional en hilo de aluminio as\u00ed como la cucarda, se le nota la edad y el uso en el combate, pero est\u00e1 entera y sin agujeros de polilla. El interior est\u00e1 completo, aunque el forro est\u00e1 rasgado, en la badana intacta tiene labrado en la piel &#8220;EXTRA&#8221;. Talla 57<\/span><\/p>\n","protected":false},"excerpt":{"rendered":"<p align=\"justify\"><strong><span style=\"font-family: Verdana;font-size: 9pt\">ANTECEDENTES:<\/span><\/strong><span style=\"font-family: Verdana;font-size: 9pt\"> Las gorras de plato\u00a0eran un art\u00edculo est\u00e1ndar para todos los militares en\u00a0Tercer Reich y las regulaciones dictaron como\u00a0deb\u00edan\u00a0ser usadas. Los oficiales y suboficiales\u00a0eran responsables de comprar sus propias gorras y consecuentemente ten\u00edan un sistema de compra (Kleiderkasse del ej\u00e9rcito). Los oficiales pod\u00edan elegir comprarlas, bien en los\u00a0dep\u00f3sitos o comprarlas de confecci\u00f3n privada, estas\u00a0eran de m\u00e1s alta calidad.\u00a0Las insignias usadas en las gorras de plato\u00a0consistieron\u00a0originalmente en la guirnalda con hojas de roble del modelo\u00a0de Weimar Reichswehr y\u00a0la cucarda y el barboquejo.\u00a0En febrero de 1927 las nuevas l\u00edneas para\u00a0oficial fueron introducidas con barboquejos en hilo de plata para oficiales. El 14 de marzo de 1933 el negro del Reichswehr, el rojo y la cucarda\u00a0oval, fueron sustituidas\u00a0por una cucarda redonda con colores negro,\u00a0blanco, y\u00a0rojo (colores nacionales), y el 17 de febrero de 1934 el \u00e1guila nacional del tercer Reich para el ej\u00e9rcito fue introducida oficialmente para las gorras de plato. En marzo de 1935,\u00a0una guirnalda m\u00e1s detallada, cucarda y una segunda \u00e1guila nacional m\u00e1s grande.\u00a0A las diversas ramas de servicio dentro del ej\u00e9rcito le fueron asignados un sut\u00e1s de color (waffenfarbe) que identificaba a cada cuerpo. <\/span><\/p>\n<p align=\"justify\"><strong><span style=\"font-family: Verdana;font-size: 9pt\">DESCRIPCION: <\/span><\/strong><span style=\"font-family: Verdana;font-size: 9pt\">Gorra de plato (Schirmm\u00fctze) de combate de\u00a0Oficial de panzergranadier, waffenfarbe color verde claro para este arma,\u00a0\u00e1guila nacional en hilo de aluminio as\u00ed como la cucarda, se le nota la edad y el uso en el combate, pero est\u00e1 entera y sin agujeros de polilla.\u00a0El interior est\u00e1 completo, aunque el forro est\u00e1 rasgado, en la badana intacta tiene labrado en la piel\u00a0&#8220;EXTRA&#8221;. Talla 57<\/span><\/p>\n","protected":false},"featured_media":3940,"template":"","meta":[],"product_brand":[],"product_cat":[224],"product_tag":[],"class_list":{"0":"post-3939","1":"product","2":"type-product","3":"status-publish","4":"has-post-thumbnail","6":"product_cat-archivo-vendidos","7":"sales-flash-overlay","8":"woocommerce-text-align-center","9":"woocommerce-image-align-center","10":"do-quantity-buttons","12":"first","13":"outofstock","14":"purchasable","15":"product-type-simple"},"_links":{"self":[{"href":"https:\/\/original-militaria.com\/en\/wp-json\/wp\/v2\/product\/3939","targetHints":{"allow":["GET"]}}],"collection":[{"href":"https:\/\/original-militaria.com\/en\/wp-json\/wp\/v2\/product"}],"about":[{"href":"https:\/\/original-militaria.com\/en\/wp-json\/wp\/v2\/types\/product"}],"wp:featuredmedia":[{"embeddable":true,"href":"https:\/\/original-militaria.com\/en\/wp-json\/wp\/v2\/media\/3940"}],"wp:attachment":[{"href":"https:\/\/original-militaria.com\/en\/wp-json\/wp\/v2\/media?parent=3939"}],"wp:term":[{"taxonomy":"product_brand","embeddable":true,"href":"https:\/\/original-militaria.com\/en\/wp-json\/wp\/v2\/product_brand?post=3939"},{"taxonomy":"product_cat","embeddable":true,"href":"https:\/\/original-militaria.com\/en\/wp-json\/wp\/v2\/product_cat?post=3939"},{"taxonomy":"product_tag","embeddable":true,"href":"https:\/\/original-militaria.com\/en\/wp-json\/wp\/v2\/product_tag?post=3939"}],"curies":[{"name":"wp","href":"https:\/\/api.w.org\/{rel}","templated":true}]}}