{"id":3932,"date":"2017-09-05T11:24:05","date_gmt":"2017-09-05T11:24:05","guid":{"rendered":"https:\/\/original-militaria.com\/?post_type=product&#038;p=3932"},"modified":"2022-06-26T19:10:19","modified_gmt":"2022-06-26T17:10:19","slug":"distintivo-de-herido-legion-condor","status":"publish","type":"product","link":"https:\/\/original-militaria.com\/en\/producto\/distintivo-de-herido-legion-condor\/","title":{"rendered":"Condor Legion\/ 1St Pattern Black Wound Badge 1936-1939&#8211;Legi\u00f3n C\u00f3ndor\/ Distintivo de Herido en Negro 1936-1939"},"content":{"rendered":"<p align=\"justify\"><span style=\"font-size: medium;\"><strong><span style=\"font-family: Verdana;\">ANTECEDENTES:<\/span><\/strong><span style=\"font-family: Verdana;\"> El distintivo de herido\u00a0fue establecido originalmente el 3 de marzo de 1918 por rey Wilhelm II para reconocer el sacrificio de\u00a0sus heridos durante WWI. El distintivo fue instituido en tres clases:\u00a0negro, plata y\u00a0oro, reflejando cada clase concedida\u00a0el n\u00famero o la severidad de las heridas recibidas. Con el brote de WWII, el 1 de septiembre de 1939, Hitler reinstituy\u00f3 una versi\u00f3n levemente modificada de este distintivo. El distintivo\u00a0para los &#8220;Voluntarios Alemanes en la guerra de Liberaci\u00f3n Espa\u00f1ola<\/span><span style=\"font-family: Verdana;\">\u00a0&#8220;, se instituy\u00f3 el 22 de mayo de 1939.\u00a0\u00a0<\/span><\/span><\/p>\n<p align=\"justify\"><span style=\"font-size: medium;\"><strong><span style=\"font-family: Verdana;\">DESCRIPCI\u00d3N:<\/span><\/strong><span style=\"font-family: Verdana;\">\u00a0El distintivo (<span class=\"artikel\">Verwundeten Abzeichen Legion Condor) <\/span>es de forma ovalada, est\u00e1 realzado\u00a0por una guirnalda\u00a0que abarca un casco M16 m\u00e1s realzado y un poco m\u00e1s grande con esv\u00e1stica. Las espadas cruzadas por debajo del casco. El ba\u00f1o demuestra un cierto desgaste, pero est\u00e1 en estado excelente. Modelo hueco.<\/span><span style=\"font-family: Verdana;\">\u00a0\u00a0<\/span><\/span><\/p>\n","protected":false},"excerpt":{"rendered":"<p align=\"justify\"><span style=\"font-size: medium;\"><strong><span style=\"font-family: Verdana;\">ANTECEDENTES:<\/span><\/strong><span style=\"font-family: Verdana;\"> El distintivo de herido\u00a0fue establecido originalmente el 3 de marzo de 1918 por rey Wilhelm II para reconocer el sacrificio de\u00a0sus heridos durante WWI. El distintivo fue instituido en tres clases:\u00a0negro, plata y\u00a0oro, reflejando cada clase concedida\u00a0el n\u00famero o la severidad de las heridas recibidas. Con el brote de WWII, el 1 de septiembre de 1939, Hitler reinstituy\u00f3 una versi\u00f3n levemente modificada de este distintivo. El distintivo\u00a0para los &#8220;Voluntarios Alemanes en la guerra de Liberaci\u00f3n Espa\u00f1ola<\/span><span style=\"font-family: Verdana;\">\u00a0&#8220;, se instituy\u00f3 el 22 de mayo de 1939.\u00a0\u00a0<\/span><\/span><\/p>\n<p align=\"justify\"><span style=\"font-size: medium;\"><strong><span style=\"font-family: Verdana;\">DESCRIPCI\u00d3N:<\/span><\/strong><span style=\"font-family: Verdana;\">\u00a0El distintivo (<span class=\"artikel\">Verwundeten Abzeichen Legion Condor) <\/span>es de forma ovalada, est\u00e1 realzado\u00a0por una guirnalda\u00a0que abarca un casco M16 m\u00e1s realzado y un poco m\u00e1s grande con esv\u00e1stica. Las espadas cruzadas por debajo del casco. El ba\u00f1o demuestra un cierto desgaste, pero est\u00e1 en estado excelente. Modelo hueco.<\/span><span style=\"font-family: Verdana;\">\u00a0\u00a0<\/span><\/span><\/p>\n","protected":false},"featured_media":3933,"template":"","meta":[],"product_brand":[],"product_cat":[173,224],"product_tag":[],"class_list":{"0":"post-3932","1":"product","2":"type-product","3":"status-publish","4":"has-post-thumbnail","6":"product_cat-militaria-espanola","7":"product_cat-archivo-vendidos","8":"sales-flash-overlay","9":"woocommerce-text-align-center","10":"woocommerce-image-align-center","11":"do-quantity-buttons","13":"first","14":"outofstock","15":"product-type-simple"},"_links":{"self":[{"href":"https:\/\/original-militaria.com\/en\/wp-json\/wp\/v2\/product\/3932","targetHints":{"allow":["GET"]}}],"collection":[{"href":"https:\/\/original-militaria.com\/en\/wp-json\/wp\/v2\/product"}],"about":[{"href":"https:\/\/original-militaria.com\/en\/wp-json\/wp\/v2\/types\/product"}],"wp:featuredmedia":[{"embeddable":true,"href":"https:\/\/original-militaria.com\/en\/wp-json\/wp\/v2\/media\/3933"}],"wp:attachment":[{"href":"https:\/\/original-militaria.com\/en\/wp-json\/wp\/v2\/media?parent=3932"}],"wp:term":[{"taxonomy":"product_brand","embeddable":true,"href":"https:\/\/original-militaria.com\/en\/wp-json\/wp\/v2\/product_brand?post=3932"},{"taxonomy":"product_cat","embeddable":true,"href":"https:\/\/original-militaria.com\/en\/wp-json\/wp\/v2\/product_cat?post=3932"},{"taxonomy":"product_tag","embeddable":true,"href":"https:\/\/original-militaria.com\/en\/wp-json\/wp\/v2\/product_tag?post=3932"}],"curies":[{"name":"wp","href":"https:\/\/api.w.org\/{rel}","templated":true}]}}