{"id":3923,"date":"2017-09-05T11:24:02","date_gmt":"2017-09-05T11:24:02","guid":{"rendered":"https:\/\/original-militaria.com\/?post_type=product&#038;p=3923"},"modified":"2022-01-31T19:03:24","modified_gmt":"2022-01-31T18:03:24","slug":"distintivo-de-herido-categoria-oro-127","status":"publish","type":"product","link":"https:\/\/original-militaria.com\/en\/producto\/distintivo-de-herido-categoria-oro-127\/","title":{"rendered":"Wehrmacht\/ Wound Badge in Gold &#8220;127&#8221; &#8211;WH\/ Distintivo de Herido Categor\u00eda Oro &#8220;127&#8221;"},"content":{"rendered":"<p class=\"MsoNormal\" align=\"justify\"><span style=\"font-size: medium\"><span style=\"font-family: Verdana\">(Verwundeten-Abzeichen, Gold). Modelo de 1939. El distintivo es del modelo macizo en zinc, de forma ovalada vertical, de alto relieve, con una guirnalda floral que abarca un casco M35 realzado\u00a0con una esv\u00e1stica en el centro, todo ello superpuesto a dos espadas cruzadas\u00a0cruzadas por debajo del casco. El ba\u00f1o en oro demuestra desgaste en su conjunto por su continuado uso, pero sigue siendo un gran ejemplo de este tipo de premios. En el reverso tiene su alfiler y en la parte inferior del mismo sobre el cierre el c\u00f3digo num\u00e9rico &#8220;127&#8221; lo que indica manufactura de &#8220;Moritz Hausch of Pforzheim&#8221;.<\/span><\/span><\/p>\n","protected":false},"excerpt":{"rendered":"<p align=\"justify\"><span style=\"font-size: medium\"><strong><span style=\"font-family: Verdana\">ANTECEDENTES:<\/span><\/strong><span style=\"font-family: Verdana\"> La insignia de herido se estableci\u00f3 originalmente el 3 de marzo de 1918 por el Rey Wilhelm II para\u00a0reconocer el sacrificio de aquellos heridos durante\u00a0<\/span><\/span><span style=\"font-size: 10pt;font-family: Verdana\"><span style=\"font-size: medium\">la Guerra<\/span><\/span><span style=\"font-size: medium\"><span style=\"font-family: Verdana\"> 1914-1918. La insignia se instituy\u00f3 en tres clases o grados, <\/span><strong><span style=\"font-family: Verdana\">negro, plata y oro<\/span><\/strong><span style=\"font-family: Verdana\"> con la idea de reflejar\u00a0el n\u00famero o severidad de las heridas recibidas. El\u00a022 de mayo de\u00a01939 Adolfo Hitler re-instituy\u00f3 una versi\u00f3n ligeramente modificada de la insignia de herido con el agregado\u00a0de la esv\u00e1stica\u00a0al modelo de la primera guerra mundial, para premiar a los voluntarios alemanes que hab\u00edan\u00a0participado en <\/span><\/span><span style=\"font-size: 10pt;font-family: Verdana\"><br \/>\n<span style=\"font-size: medium\">la Guerra Civil<\/span><span style=\"font-size: medium\"> Espa\u00f1ola (Marzo de <\/span><span style=\"font-size: medium\">1936 a<\/span><\/span><span style=\"font-size: medium\"><span style=\"font-family: Verdana\"> Julio de 1939) del lado del General Francisco Franco, contra el bando Republicano aliado a los comunista. El 1\u00ba de septiembre de 1939, Hitler modific\u00f3 la\u00a0versi\u00f3n de la insignia de herido\u00a0alterando el casco modelo de primera guerra,\u00a0por el casco modelo <\/span><strong><span style=\"font-family: Verdana\">M35<\/span><\/strong><span style=\"font-family: Verdana\"> recientemente dise\u00f1ado. La insignia se otorg\u00f3 a\u00a0las fuerzas armadas\u00a0y personal no militar uniformado, y despu\u00e9s de marzo de 1943, al personal civil que recibi\u00f3 heridas como resultado de las acciones del enemigo. La insignia de color negro se otorg\u00f3 para una o dos\u00a0heridas, la\u00a0de plata para tres o cuatro heridas,\u00a0y en oro para mas de cinco heridas, o, si la herida fuera muy severa. S\u00f3lo se entregaron\u00a0182 en clase color negro, y 1\u00a0en clase color\u00a0plata, para los veteranos alemanes heridos\u00a0durante <\/span><\/span><span style=\"font-size: 10pt;font-family: Verdana\"><br \/>\n<span style=\"font-size: medium\">la Guerra Civil<\/span><\/span><span style=\"font-size: medium\"><span style=\"font-family: Verdana\"> Espa\u00f1ola.\u00a0\u00a0\u00a0<\/span><\/span><span style=\"font-size: medium\"><span style=\"font-family: Verdana\">\u00a0\u00a0<\/span>\u00a0\u00a0<\/span><\/p>\n<p class=\"MsoNormal\" align=\"justify\"><span style=\"font-size: medium\"><strong><span style=\"font-family: Verdana\">DESCRIPCI\u00d3N:<\/span><\/strong><span style=\"font-family: Verdana\"> (Verwundeten-Abzeichen, Gold). Modelo de 1939. El distintivo es del modelo macizo en zinc, de forma ovalada vertical, de alto relieve, con una guirnalda floral que abarca un casco M35 realzado\u00a0con una esv\u00e1stica en el centro, todo ello superpuesto a dos espadas cruzadas\u00a0cruzadas por debajo del casco. El ba\u00f1o en oro demuestra desgaste en su conjunto por su continuado uso, pero sigue siendo un gran ejemplo de este tipo de premios. En el reverso tiene su alfiler y en la parte inferior del mismo sobre el cierre el c\u00f3digo num\u00e9rico <span style=\"color: #ff0000\">&#8220;127&#8221;<\/span> lo que indica manufactura de <span style=\"color: #ff0000\">&#8220;Moritz Hausch of Pforzheim&#8221;<\/span>.<\/span><\/span><\/p>\n","protected":false},"featured_media":3924,"template":"","meta":[],"product_brand":[],"product_cat":[224],"product_tag":[],"class_list":{"0":"post-3923","1":"product","2":"type-product","3":"status-publish","4":"has-post-thumbnail","6":"product_cat-archivo-vendidos","7":"sales-flash-overlay","8":"woocommerce-text-align-center","9":"woocommerce-image-align-center","10":"do-quantity-buttons","12":"first","13":"outofstock","14":"product-type-simple"},"_links":{"self":[{"href":"https:\/\/original-militaria.com\/en\/wp-json\/wp\/v2\/product\/3923","targetHints":{"allow":["GET"]}}],"collection":[{"href":"https:\/\/original-militaria.com\/en\/wp-json\/wp\/v2\/product"}],"about":[{"href":"https:\/\/original-militaria.com\/en\/wp-json\/wp\/v2\/types\/product"}],"wp:featuredmedia":[{"embeddable":true,"href":"https:\/\/original-militaria.com\/en\/wp-json\/wp\/v2\/media\/3924"}],"wp:attachment":[{"href":"https:\/\/original-militaria.com\/en\/wp-json\/wp\/v2\/media?parent=3923"}],"wp:term":[{"taxonomy":"product_brand","embeddable":true,"href":"https:\/\/original-militaria.com\/en\/wp-json\/wp\/v2\/product_brand?post=3923"},{"taxonomy":"product_cat","embeddable":true,"href":"https:\/\/original-militaria.com\/en\/wp-json\/wp\/v2\/product_cat?post=3923"},{"taxonomy":"product_tag","embeddable":true,"href":"https:\/\/original-militaria.com\/en\/wp-json\/wp\/v2\/product_tag?post=3923"}],"curies":[{"name":"wp","href":"https:\/\/api.w.org\/{rel}","templated":true}]}}