{"id":3921,"date":"2017-09-05T11:24:02","date_gmt":"2017-09-05T11:24:02","guid":{"rendered":"https:\/\/original-militaria.com\/?post_type=product&#038;p=3921"},"modified":"2022-01-31T19:03:24","modified_gmt":"2022-01-31T18:03:24","slug":"heer-pipas-largas-de-la-marca-bruyere","status":"publish","type":"product","link":"https:\/\/original-militaria.com\/en\/producto\/heer-pipas-largas-de-la-marca-bruyere\/","title":{"rendered":"Wehrmacht\/Heer, Long Smoking Pipes of the Brand &#8220;Bruy\u00e9re&#8221;&#8212; Wehrmacht\/Heer,  Pipas Largas de la Marca &#8220;Bruy\u00e9re&#8221;"},"content":{"rendered":"<p style=\"text-align: justify\" align=\"justify\"><span style=\"font-family: verdana, geneva, sans-serif;font-size: 12pt\"><strong>ANTECEDENTES:<\/strong> La Alemania del Tercer Reich vio afectada su industria por una limitaci\u00f3n de recursos naturales que se prolong\u00f3 hasta el final de la contienda. El soldado necesitaba todo tipo de estimulantes en el frente. El tabaco, adem\u00e1s de un h\u00e1bito, era uno de ellos. La raci\u00f3n diaria estipulada por el ej\u00e9rcito se completaba con los siempre esperados env\u00edos de parientes y amigos. Adem\u00e1s de la gran variedad de marcas y tabacos para todos los gustos las tabaqueras alemanas fabricaron gran cantidad de art\u00edculos para el h\u00e1bito de fumar. <\/span><\/p>\n<p style=\"text-align: justify\"><span style=\"font-size: 12pt;font-family: verdana, geneva, sans-serif\"><strong>DESCRIPCION:<\/strong> Doce pipas sin estrenar de madera trabajada del modelo\u00a0&#8220;largo&#8221; en su caja de cart\u00f3n,\u00a0para los soldados en el frente, de la conocida marca &#8220;Bruy\u00e9re&#8221;, todas las pipas marcadas la caja como se ve en la foto estaba precintada, tiene en frontal la marca &#8220;Bruy\u00e9re-Pleifen&#8221;, y en la tapa, en el precinto pone &#8220;En todos los frentes Navidad 1941&#8221;. Nunca hab\u00eda visto estas cajas de pipas hechas para las tropas del frente, posiblemente para las tropas del 6\u00ba ej\u00e9rcito de Paulus. Se venden por unidad, pero si alguien quiere la caja entera, se puede vender.<\/span><\/p>\n<p style=\"text-align: justify\" align=\"justify\">\n<p>&nbsp;<\/p>\n","protected":false},"excerpt":{"rendered":"<p align=\"justify\"><span style=\"font-family: Verdana\"><strong>ANTECEDENTES:<\/strong> La Alemania del Tercer Reich vio afectada su industria por una limitaci\u00f3n de recursos naturales que se prolong\u00f3 hasta el final de la contienda. El soldado necesitaba todo tipo de estimulantes en el frente. El tabaco, adem\u00e1s de un h\u00e1bito, era uno de ellos. La raci\u00f3n diaria estipulada por el ej\u00e9rcito se completaba con los siempre esperados env\u00edos de parientes y amigos. Adem\u00e1s de la gran variedad de marcas y tabacos para todos los gustos las tabaqueras alemanas fabricaron gran cantidad de art\u00edculos para el h\u00e1bito de fumar. <\/span><\/p>\n<p><strong>DESCRIPCION:<\/strong> Doce pipas sin estrenar de madera trabajada del modelo\u00a0<span style=\"color: #ff0000\">&#8220;largo&#8221;<\/span> en su caja de cart\u00f3n,\u00a0para los soldados en el frente, de la conocida marca <span style=\"color: #ff0000\">&#8220;Bruy\u00e9re&#8221;<\/span>, todas las pipas marcadas la caja como se v\u00e9 en la foto estaba precintada, tiene en frontal la marca <span style=\"color: #ff0000\">&#8220;Bruy\u00e9re-Pleifen&#8221;<\/span>, y en la tapa, en el precinto pone <span style=\"color: #ff0000\">&#8220;En todos los frentes Navidad 1941&#8221;<\/span>. Nunca hab\u00eda visto estas cajas de pipas hechas para las tropas del frente, posiblemente para las tropas del 6\u00ba ej\u00e9rcito de Paulus. <span style=\"color: #ff0000\">Se venden por unidad, pero si alguien quiere la caja entera, se puede vender.<\/span><\/p>\n<p><span style=\"color: #ff0000\"><strong>El precio es por unidad de pipa.<\/strong><\/span><\/p>\n<p align=\"justify\">\n<p>&nbsp;<\/p>\n","protected":false},"featured_media":3922,"template":"","meta":[],"product_brand":[],"product_cat":[224],"product_tag":[],"class_list":{"0":"post-3921","1":"product","2":"type-product","3":"status-publish","4":"has-post-thumbnail","6":"product_cat-archivo-vendidos","7":"sales-flash-overlay","8":"woocommerce-text-align-center","9":"woocommerce-image-align-center","10":"do-quantity-buttons","12":"first","13":"outofstock","14":"purchasable","15":"product-type-simple"},"_links":{"self":[{"href":"https:\/\/original-militaria.com\/en\/wp-json\/wp\/v2\/product\/3921","targetHints":{"allow":["GET"]}}],"collection":[{"href":"https:\/\/original-militaria.com\/en\/wp-json\/wp\/v2\/product"}],"about":[{"href":"https:\/\/original-militaria.com\/en\/wp-json\/wp\/v2\/types\/product"}],"wp:featuredmedia":[{"embeddable":true,"href":"https:\/\/original-militaria.com\/en\/wp-json\/wp\/v2\/media\/3922"}],"wp:attachment":[{"href":"https:\/\/original-militaria.com\/en\/wp-json\/wp\/v2\/media?parent=3921"}],"wp:term":[{"taxonomy":"product_brand","embeddable":true,"href":"https:\/\/original-militaria.com\/en\/wp-json\/wp\/v2\/product_brand?post=3921"},{"taxonomy":"product_cat","embeddable":true,"href":"https:\/\/original-militaria.com\/en\/wp-json\/wp\/v2\/product_cat?post=3921"},{"taxonomy":"product_tag","embeddable":true,"href":"https:\/\/original-militaria.com\/en\/wp-json\/wp\/v2\/product_tag?post=3921"}],"curies":[{"name":"wp","href":"https:\/\/api.w.org\/{rel}","templated":true}]}}