{"id":3867,"date":"2017-09-05T11:23:49","date_gmt":"2017-09-05T11:23:49","guid":{"rendered":"https:\/\/original-militaria.com\/?post_type=product&#038;p=3867"},"modified":"2022-01-31T19:03:18","modified_gmt":"2022-01-31T18:03:18","slug":"cartucherin-de-oficial-de-caballeria-imperio-austro-hungaro","status":"publish","type":"product","link":"https:\/\/original-militaria.com\/en\/producto\/cartucherin-de-oficial-de-caballeria-imperio-austro-hungaro\/","title":{"rendered":"Cartucherin de Oficial de Caballer\u00eda, Imperio Austro-H\u00fangaro"},"content":{"rendered":"<p align=\"justify\"><span style=\"font-family: Verdana\"><span style=\"font-size: medium\"><strong>ANTECEDENTES:<\/strong> El Imperio austroh\u00fangaro (\u00d6sterreichisch-Ungarische Monarchie) fue un estado europeo nacido en 1867, tras el Compromiso Austroh\u00fangaro que reconoc\u00eda al Reino de Hungr\u00eda como una entidad aut\u00f3noma dentro del Imperio Austr\u00edaco, a partir de ese momento, Austroh\u00fangaro. <\/span><\/span><\/p>\n<p align=\"justify\"><span style=\"font-family: Verdana\"><span style=\"font-size: medium\"><strong>DESCRIPCION:<\/strong> Excelente cartucherin para oficiales (Kartuschkasten f\u00fcr Offiziere) de caballer\u00eda del Imperio Austro-H\u00fangaro, en el centro tiene el escudo con \u00e1guila bic\u00e9fala, representada de sable y explayada,\u00a0con las alas extendidas. Sobre el pecho del \u00e1guila figuran las armas del Archiducado de Austria (situadas en el centro), el antiguo blas\u00f3n de la dinast\u00eda (Condado de Habsburgo),\u00a0le\u00f3n rampante de gules en campo de oro, todo ello rodeado del collar de la Orden del Tois\u00f3n de Oro. Las dos cabezas del \u00e1guila se encuentran\u00a0coronadas con las habituales coronas reales her\u00e1ldicas, cerradas con ocho diademas (cinco a la vista). El \u00e1guila sostiene en su garra derecha una espada y el cetro de Austria y con la izquierda el orbe o mundo.\u00a0La cubierta de plata de ley con cantos de lat\u00f3n dorado,\u00a0laterales con relieves de armas en plata. Interior impecable en seda granate.<br \/>\n<\/span><\/span><\/p>\n","protected":false},"excerpt":{"rendered":"<p align=\"justify\"><span style=\"font-family: Verdana\"><span style=\"font-size: medium\"><strong>ANTECEDENTES:<\/strong> El Imperio austroh\u00fangaro (\u00d6sterreichisch-Ungarische Monarchie) fue un estado europeo nacido en 1867, tras el Compromiso Austroh\u00fangaro que reconoc\u00eda al Reino de Hungr\u00eda como una entidad aut\u00f3noma dentro del Imperio Austr\u00edaco, a partir de ese momento, Austroh\u00fangaro. <\/span><\/span><\/p>\n<p align=\"justify\"><span style=\"font-family: Verdana\"><span style=\"font-size: medium\"><strong>DESCRIPCION:<\/strong> Excelente cartucherin para oficiales (Kartuschkasten f\u00fcr Offiziere) de caballer\u00eda del Imperio Austro-H\u00fangaro, en el centro tiene el escudo con \u00e1guila bic\u00e9fala, representada de sable y explayada,\u00a0con las alas extendidas. Sobre el pecho del \u00e1guila figuran las armas del Archiducado de Austria (situadas en el centro), el antiguo blas\u00f3n de la dinast\u00eda (Condado de Habsburgo),\u00a0le\u00f3n rampante de gules en campo de oro, todo ello rodeado del collar de la Orden del Tois\u00f3n de Oro. Las dos cabezas del \u00e1guila se encuentran\u00a0coronadas con las habituales coronas reales her\u00e1ldicas, cerradas con ocho diademas (cinco a la vista). El \u00e1guila sostiene en su garra derecha una espada y el cetro de Austria y con la izquierda el orbe o mundo.\u00a0La cubierta de plata de ley con cantos de lat\u00f3n dorado,\u00a0laterales con relieves de armas en plata. Interior impecable en seda granate.<br \/>\n<\/span><\/span><\/p>\n","protected":false},"featured_media":3868,"template":"","meta":[],"product_brand":[],"product_cat":[224],"product_tag":[],"class_list":{"0":"post-3867","1":"product","2":"type-product","3":"status-publish","4":"has-post-thumbnail","6":"product_cat-archivo-vendidos","7":"sales-flash-overlay","8":"woocommerce-text-align-center","9":"woocommerce-image-align-center","10":"do-quantity-buttons","12":"first","13":"outofstock","14":"product-type-simple"},"_links":{"self":[{"href":"https:\/\/original-militaria.com\/en\/wp-json\/wp\/v2\/product\/3867","targetHints":{"allow":["GET"]}}],"collection":[{"href":"https:\/\/original-militaria.com\/en\/wp-json\/wp\/v2\/product"}],"about":[{"href":"https:\/\/original-militaria.com\/en\/wp-json\/wp\/v2\/types\/product"}],"wp:featuredmedia":[{"embeddable":true,"href":"https:\/\/original-militaria.com\/en\/wp-json\/wp\/v2\/media\/3868"}],"wp:attachment":[{"href":"https:\/\/original-militaria.com\/en\/wp-json\/wp\/v2\/media?parent=3867"}],"wp:term":[{"taxonomy":"product_brand","embeddable":true,"href":"https:\/\/original-militaria.com\/en\/wp-json\/wp\/v2\/product_brand?post=3867"},{"taxonomy":"product_cat","embeddable":true,"href":"https:\/\/original-militaria.com\/en\/wp-json\/wp\/v2\/product_cat?post=3867"},{"taxonomy":"product_tag","embeddable":true,"href":"https:\/\/original-militaria.com\/en\/wp-json\/wp\/v2\/product_tag?post=3867"}],"curies":[{"name":"wp","href":"https:\/\/api.w.org\/{rel}","templated":true}]}}