{"id":3862,"date":"2017-09-05T11:23:48","date_gmt":"2017-09-05T11:23:48","guid":{"rendered":"https:\/\/original-militaria.com\/?post_type=product&#038;p=3862"},"modified":"2022-01-31T19:03:18","modified_gmt":"2022-01-31T18:03:18","slug":"gorra-de-plato-de-oficial-de-administracion","status":"publish","type":"product","link":"https:\/\/original-militaria.com\/en\/producto\/gorra-de-plato-de-oficial-de-administracion\/","title":{"rendered":"Administrative Officer\u00b4s Visor Cap &#8220;EREL&#8221;&#8212;Gorra de Plato de Oficial de Administraci\u00f3n &#8220;EREL&#8221;"},"content":{"rendered":"<p style=\"text-align: justify\" align=\"justify\"><span style=\"font-size: 9pt;font-family: Verdana\"><span style=\"font-size: medium\"><strong>A<span style=\"font-family: verdana, geneva, sans-serif;font-size: 12pt\">NTECEDENTES:<\/span><\/strong><span style=\"font-family: verdana, geneva, sans-serif;font-size: 12pt\"> Las gorras de plato eran un art\u00edculo est\u00e1ndar para todos los militares en Tercer Reich y las regulaciones dictaron como deb\u00edan ser usadas. Los oficiales y suboficiales eran responsables de comprar sus propias gorras y consecuentemente ten\u00edan un sistema de compra (Kleiderkasse del ej\u00e9rcito). Los oficiales pod\u00edan elegir comprarlas, bien en los dep\u00f3sitos o comprarlas de confecci\u00f3n privada, estas eran de m\u00e1s alta calidad. Las insignias usadas en las gorras de plato consistieron originalmente en la guirnalda con hojas de roble del modelo de Weimar Reichswehr y la cucarda y el barboquejo. En febrero de 1927 las nuevas l\u00edneas para oficial fueron introducidas con barboquejos en hilo de plata para oficiales. El 14 de marzo de 1933 el negro del Reichswehr, el rojo y la cucarda oval, fueron sustituidas por una cucarda redonda con colores negro, blanco, y rojo (colores nacionales), y el 17 de febrero de 1934 el \u00e1guila nacional del tercer Reich para el ej\u00e9rcito fue introducida oficialmente para las gorras de plato. En marzo de 1935, una guirnalda m\u00e1s detallada, cucarda y una segunda \u00e1guila nacional m\u00e1s grande. A las diversas ramas de servicio dentro del ej\u00e9rcito le fueron asignados un sut\u00e1s de color (waffenfarbe) que identificaba a cada cuerpo. <\/span><\/span><\/span><\/p>\n<p style=\"text-align: justify\" align=\"justify\"><span style=\"font-size: 12pt;font-family: verdana, geneva, sans-serif\"><strong>DESCRIPCION:<\/strong> Excelente gorra de plato (Schirmm\u00fctze) de Oficial\u00a0de Administraci\u00f3n, tiene \u00e1guila\u00a0y cucarda met\u00e1lica, fabricada en Berl\u00edn por la prestigiosa casa &#8220;Erel&#8221; con marca\u00a0registrada (gesgesch) especialmente para oficiales.\u00a0Interior en perfecto estado con su badana donde lleva bien legible la manufactura &#8220;Erel&#8221; al igual que en el\u00a0rombo de celuloide.\u00a0No tiene agujeros de polilla ni rasgones ni deterioros de ning\u00fan tipo, talla 58.<\/span><\/p>\n","protected":false},"excerpt":{"rendered":"<p align=\"justify\"><span style=\"font-size: 9pt;font-family: Verdana\"><span style=\"font-size: medium\"><strong>ANTECEDENTES:<\/strong> Las gorras de plato eran un art\u00edculo est\u00e1ndar para todos los militares en Tercer Reich y las regulaciones dictaron como deb\u00edan ser usadas. Los oficiales y suboficiales eran responsables de comprar sus propias gorras y consecuentemente ten\u00edan un sistema de compra (Kleiderkasse del ej\u00e9rcito). Los oficiales pod\u00edan elegir comprarlas, bien en los dep\u00f3sitos o comprarlas de confecci\u00f3n privada, estas eran de m\u00e1s alta calidad. Las insignias usadas en las gorras de plato consistieron originalmente en la guirnalda con hojas de roble del modelo de Weimar Reichswehr y la cucarda y el barboquejo. En febrero de 1927 las nuevas l\u00edneas para oficial fueron introducidas con barboquejos en hilo de plata para oficiales. El 14 de marzo de 1933 el negro del Reichswehr, el rojo y la cucarda oval, fueron sustituidas por una cucarda redonda con colores negro, blanco, y rojo (colores nacionales), y el 17 de febrero de 1934 el \u00e1guila nacional del tercer Reich para el ej\u00e9rcito fue introducida oficialmente para las gorras de plato. En marzo de 1935, una guirnalda m\u00e1s detallada, cucarda y una segunda \u00e1guila nacional m\u00e1s grande. A las diversas ramas de servicio dentro del ej\u00e9rcito le fueron asignados un sut\u00e1s de color (waffenfarbe) que identificaba a cada cuerpo. <\/span><\/span><\/p>\n<p align=\"justify\"><span style=\"font-size: 9pt;font-family: Verdana\"><span style=\"font-size: medium\"><strong>DESCRIPCION:<\/strong> Excelente gorra de plato (Schirmm\u00fctze) de Oficial\u00a0de Administraci\u00f3n, tiene \u00e1guila\u00a0y cucarda met\u00e1lica, fabricada en <span style=\"color: #ff0000\">Berl\u00edn<\/span> por la prestigiosa casa <span style=\"color: #ff0000\">&#8220;Erel&#8221;<\/span> con marca\u00a0registrada (gesgesch) especialmente para oficiales.\u00a0Interior en perfecto estado con su badana donde lleva bien legible la manufactura &#8220;Erel&#8221; al igual que en el\u00a0rombo de celuloide.\u00a0No tiene agujeros de polilla ni rasgones ni deterioros de ning\u00fan tipo, <span style=\"color: #ff0000\">talla 58<\/span>.<\/span><\/span><\/p>\n","protected":false},"featured_media":3863,"template":"","meta":[],"product_brand":[],"product_cat":[224],"product_tag":[],"class_list":{"0":"post-3862","1":"product","2":"type-product","3":"status-publish","4":"has-post-thumbnail","6":"product_cat-archivo-vendidos","7":"sales-flash-overlay","8":"woocommerce-text-align-center","9":"woocommerce-image-align-center","10":"do-quantity-buttons","12":"first","13":"outofstock","14":"purchasable","15":"product-type-simple"},"_links":{"self":[{"href":"https:\/\/original-militaria.com\/en\/wp-json\/wp\/v2\/product\/3862","targetHints":{"allow":["GET"]}}],"collection":[{"href":"https:\/\/original-militaria.com\/en\/wp-json\/wp\/v2\/product"}],"about":[{"href":"https:\/\/original-militaria.com\/en\/wp-json\/wp\/v2\/types\/product"}],"wp:featuredmedia":[{"embeddable":true,"href":"https:\/\/original-militaria.com\/en\/wp-json\/wp\/v2\/media\/3863"}],"wp:attachment":[{"href":"https:\/\/original-militaria.com\/en\/wp-json\/wp\/v2\/media?parent=3862"}],"wp:term":[{"taxonomy":"product_brand","embeddable":true,"href":"https:\/\/original-militaria.com\/en\/wp-json\/wp\/v2\/product_brand?post=3862"},{"taxonomy":"product_cat","embeddable":true,"href":"https:\/\/original-militaria.com\/en\/wp-json\/wp\/v2\/product_cat?post=3862"},{"taxonomy":"product_tag","embeddable":true,"href":"https:\/\/original-militaria.com\/en\/wp-json\/wp\/v2\/product_tag?post=3862"}],"curies":[{"name":"wp","href":"https:\/\/api.w.org\/{rel}","templated":true}]}}