{"id":3857,"date":"2017-09-05T11:23:47","date_gmt":"2017-09-05T11:23:47","guid":{"rendered":"https:\/\/original-militaria.com\/?post_type=product&#038;p=3857"},"modified":"2022-01-08T19:35:16","modified_gmt":"2022-01-08T19:35:16","slug":"tarjeta-postal-de-adolf-hitler-2","status":"publish","type":"product","link":"https:\/\/original-militaria.com\/en\/producto\/tarjeta-postal-de-adolf-hitler-2\/","title":{"rendered":"Tarjeta postal de Adolf Hitler &#8212;- Adolf Hitler Postcard"},"content":{"rendered":"<p><span style=\"font-size: medium;\"><span style=\"font-family: Verdana;\"> <span style=\"font-size: 12pt; font-family: verdana, geneva, sans-serif;\">Tarjeta postal (Postkarte) de propaganda &#8220;Adolf Hitler&#8221; con 2 sellos \u00a0y matasellos en Wien (Viena) el 10 de Abril de 1938. Perfecto estado<\/span><\/span><\/span><\/p>\n","protected":false},"excerpt":{"rendered":"<p style=\"text-align: justify;\"><span style=\"font-size: medium;\"><span style=\"font-family: Verdana;\"><span style=\"font-family: Verdana;\"><span style=\"font-family: Verdana;\"><span style=\"font-family: Verdana;\"><strong>ANTECEDENTES:<\/strong> El\u00a0instinto humano b\u00e1sico que dicta a los soldados en el campo, independientemente de su nacionalidad, es siempre informar a sus seres queridos en casa. Como resultado de ello era muy com\u00fan para estos soldados\u00a0enviar noticias\u00a0a casa. A pesar de las limitaciones, una de las formas m\u00e1s populares fue las postales, estas eran relativamente baratas y f\u00e1ciles de conseguir y enviar. Entre estas ten\u00edan mucha aceptaci\u00f3n las fotograf\u00edas postales que al mismo tiempo serv\u00edan de propaganda.<\/span><\/span><\/span><\/span><\/span><\/p>\n<p style=\"text-align: justify;\"><span style=\"font-size: medium;\"><span style=\"font-family: Verdana;\"><strong>DESCRIPCION:<\/strong> Tarjeta postal (Propaganda Postkarte) de propaganda<span style=\"color: #ff0000;\"> &#8220;Adolf Hitler&#8221;<\/span> con 2 sellos \u00a0y matasellos en Wien (Viena) el 10 de Abril de 1938. Perfecto estado<\/span><\/span><\/p>\n","protected":false},"featured_media":3858,"template":"","meta":[],"product_brand":[],"product_cat":[172,203],"product_tag":[],"class_list":{"0":"post-3857","1":"product","2":"type-product","3":"status-publish","4":"has-post-thumbnail","6":"product_cat-militaria-alemana-ww2","7":"product_cat-albumes-de-fotos-fotos-y-postales","8":"sales-flash-overlay","9":"woocommerce-text-align-center","10":"woocommerce-image-align-center","11":"do-quantity-buttons","13":"first","14":"instock","15":"purchasable","16":"product-type-simple"},"_links":{"self":[{"href":"https:\/\/original-militaria.com\/en\/wp-json\/wp\/v2\/product\/3857","targetHints":{"allow":["GET"]}}],"collection":[{"href":"https:\/\/original-militaria.com\/en\/wp-json\/wp\/v2\/product"}],"about":[{"href":"https:\/\/original-militaria.com\/en\/wp-json\/wp\/v2\/types\/product"}],"wp:featuredmedia":[{"embeddable":true,"href":"https:\/\/original-militaria.com\/en\/wp-json\/wp\/v2\/media\/3858"}],"wp:attachment":[{"href":"https:\/\/original-militaria.com\/en\/wp-json\/wp\/v2\/media?parent=3857"}],"wp:term":[{"taxonomy":"product_brand","embeddable":true,"href":"https:\/\/original-militaria.com\/en\/wp-json\/wp\/v2\/product_brand?post=3857"},{"taxonomy":"product_cat","embeddable":true,"href":"https:\/\/original-militaria.com\/en\/wp-json\/wp\/v2\/product_cat?post=3857"},{"taxonomy":"product_tag","embeddable":true,"href":"https:\/\/original-militaria.com\/en\/wp-json\/wp\/v2\/product_tag?post=3857"}],"curies":[{"name":"wp","href":"https:\/\/api.w.org\/{rel}","templated":true}]}}