{"id":3849,"date":"2017-09-05T11:23:45","date_gmt":"2017-09-05T11:23:45","guid":{"rendered":"https:\/\/original-militaria.com\/?post_type=product&#038;p=3849"},"modified":"2022-01-31T19:03:18","modified_gmt":"2022-01-31T18:03:18","slug":"porta-cargador-austriaco-del-mp38-40","status":"publish","type":"product","link":"https:\/\/original-militaria.com\/en\/producto\/porta-cargador-austriaco-del-mp38-40\/","title":{"rendered":"Wehrmacht\/M38\/40 Ammo Pouch&#8212;Porta cargador Austriaco del MP38-40."},"content":{"rendered":"<p style=\"text-align: justify\" align=\"justify\"><span style=\"font-size: 12pt;font-family: verdana, geneva, sans-serif\"><strong>ANTECEDENTES:<\/strong> A los soldados\u00a0equipados con la MP38\/40 se les adjudico\u00a0un par de bolsas (porta cargadores) especialmente dise\u00f1adas para llevar las municiones.\u00a0\u00a0Los porta cargadores se\u00a0publicaron\u00a0por parejas, la izquierda ten\u00eda a\u00f1adido un peque\u00f1o bolsillo cosido en el lado izquierdo. los porta cargadores de municiones del MP38\/40 se sometieron a una sola modificaci\u00f3n al principio una &#8220;D&#8221;, un anillo\u00a0en la parte de atr\u00e1s conectada directamente a la bolsa. <\/span><\/p>\n<p style=\"text-align: justify\" align=\"justify\"><span style=\"font-family: verdana, geneva, sans-serif;font-size: 12pt\"><strong>DESCRIPCION:<\/strong> Porta cargadores austriacos 1er modelo fabricados de\u00a0cuero\u00a0del MP38-40, en el reverso va marcado MP38u-40, lleva\u00a0dentro de un\u00a0sello\u00a0ovalado manufactura &#8220;STOLLA- WIEN&#8221; (fabricante austriaco de Viena que hizo accesorios de cuero\u00a0de uso militar para las armas, antes, durante y despu\u00e9s de la Segunda Guerra Mundial) y esv\u00e1stica. En el interior, al levantar las tapas en un recuadro c\u00f3digo HBA-D-HR. Muy usados por las Waffen SS austriacas. reparado de \u00e9poca.<\/span><\/p>\n","protected":false},"excerpt":{"rendered":"<p align=\"justify\"><strong><span style=\"font-family: Verdana;font-size: 9pt\">ANTECEDENTES:<\/span><\/strong> <span style=\"font-family: Verdana;font-size: 9pt\">A los soldados\u00a0equipados con la MP38\/40 se les adjudico\u00a0un par de bolsas (porta cargadores) especialmente dise\u00f1adas para llevar las municiones.\u00a0\u00a0Los porta cargadores se\u00a0publicaron\u00a0por parejas, la izquierda ten\u00eda a\u00f1adido un peque\u00f1o bolsillo cosido en el lado izquierdo. los porta cargadores de municiones del MP38\/40 se sometieron a una sola modificaci\u00f3n al principio una &#8220;D&#8221;, un anillo\u00a0en la parte de atr\u00e1s conectada directamente a la bolsa. <\/span><\/p>\n<p align=\"justify\"><span style=\"font-family: Verdana;font-size: 9pt\"><strong><span style=\"font-family: Verdana;font-size: 9pt\">DESCRIPCION:<\/span><\/strong><span style=\"font-family: Verdana;font-size: 9pt\"> Porta cargadores austriacos 1er modelo fabricados de\u00a0cuero\u00a0del MP38-40, en el reverso va marcado MP38u-40, lleva\u00a0dentro de un\u00a0sello\u00a0ovalado manufactura &#8220;STOLLA- WIEN&#8221; (fabricante austriaco de Viena que hizo accesorios de cuero\u00a0de uso militar para las armas, antes, durante y despu\u00e9s de la Segunda Guerra Mundial) y esv\u00e1stica. En el interior, al levantar las tapas en un recuadro c\u00f3digo HBA-D-HR. Muy usados por las Waffen SS austriacas. reparado de \u00e9poca.<\/span><\/span><\/p>\n","protected":false},"featured_media":3850,"template":"","meta":[],"product_brand":[],"product_cat":[224],"product_tag":[],"class_list":{"0":"post-3849","1":"product","2":"type-product","3":"status-publish","4":"has-post-thumbnail","6":"product_cat-archivo-vendidos","7":"sales-flash-overlay","8":"woocommerce-text-align-center","9":"woocommerce-image-align-center","10":"do-quantity-buttons","12":"first","13":"outofstock","14":"purchasable","15":"product-type-simple"},"_links":{"self":[{"href":"https:\/\/original-militaria.com\/en\/wp-json\/wp\/v2\/product\/3849","targetHints":{"allow":["GET"]}}],"collection":[{"href":"https:\/\/original-militaria.com\/en\/wp-json\/wp\/v2\/product"}],"about":[{"href":"https:\/\/original-militaria.com\/en\/wp-json\/wp\/v2\/types\/product"}],"wp:featuredmedia":[{"embeddable":true,"href":"https:\/\/original-militaria.com\/en\/wp-json\/wp\/v2\/media\/3850"}],"wp:attachment":[{"href":"https:\/\/original-militaria.com\/en\/wp-json\/wp\/v2\/media?parent=3849"}],"wp:term":[{"taxonomy":"product_brand","embeddable":true,"href":"https:\/\/original-militaria.com\/en\/wp-json\/wp\/v2\/product_brand?post=3849"},{"taxonomy":"product_cat","embeddable":true,"href":"https:\/\/original-militaria.com\/en\/wp-json\/wp\/v2\/product_cat?post=3849"},{"taxonomy":"product_tag","embeddable":true,"href":"https:\/\/original-militaria.com\/en\/wp-json\/wp\/v2\/product_tag?post=3849"}],"curies":[{"name":"wp","href":"https:\/\/api.w.org\/{rel}","templated":true}]}}