{"id":38309,"date":"2017-09-05T12:06:34","date_gmt":"2017-09-05T10:06:34","guid":{"rendered":"https:\/\/original-militaria.com\/producto\/wehrmacht-press-photo\/"},"modified":"2017-09-05T12:06:34","modified_gmt":"2017-09-05T10:06:34","slug":"wehrmacht-press-photo","status":"publish","type":"product","link":"https:\/\/original-militaria.com\/en\/producto\/wehrmacht-press-photo\/","title":{"rendered":"Wehrmacht \/ Press Photo"},"content":{"rendered":"<p style=\"text-align: justify;\"><span style=\"font-size: 12pt; font-family: verdana, geneva, sans-serif;\">Interesting company photo (PK) of Romanian soldiers clearing the ground in the \u00dclhafens area, after the taking of Odessa (Rum\u00e4nische soldaten s\u00e4ubern das gel\u00e4nde im Gebiet des \u00fclhafens nach der Einnahme Odessas). It measures 18.5cm X 13cm. Very rare to find photos of Romanian soldiers in action in Odessa.<\/span><\/p>\n","protected":false},"excerpt":{"rendered":"<p>Interesting company photo (PK) of Romanian soldiers clearing the ground in the \u00dclhafens area, after the taking of Odessa (Rum\u00e4nische soldaten s\u00e4ubern das gel\u00e4nde im Gebiet des \u00fclhafens nach der Einnahme Odessas). It measures 18.5cm X 13cm. Very rare to find photos of Romanian soldiers in action in Odessa.<\/p>\n","protected":false},"featured_media":32389,"template":"","meta":[],"product_brand":[],"product_cat":[267],"product_tag":[],"class_list":{"0":"post-38309","1":"product","2":"type-product","3":"status-publish","4":"has-post-thumbnail","6":"product_cat-german-photo-albums-photos-postcards","7":"sales-flash-overlay","8":"woocommerce-text-align-center","9":"woocommerce-image-align-center","10":"do-quantity-buttons","12":"first","13":"instock","14":"purchasable","15":"product-type-simple"},"_links":{"self":[{"href":"https:\/\/original-militaria.com\/en\/wp-json\/wp\/v2\/product\/38309","targetHints":{"allow":["GET"]}}],"collection":[{"href":"https:\/\/original-militaria.com\/en\/wp-json\/wp\/v2\/product"}],"about":[{"href":"https:\/\/original-militaria.com\/en\/wp-json\/wp\/v2\/types\/product"}],"wp:featuredmedia":[{"embeddable":true,"href":"https:\/\/original-militaria.com\/en\/wp-json\/wp\/v2\/media\/32389"}],"wp:attachment":[{"href":"https:\/\/original-militaria.com\/en\/wp-json\/wp\/v2\/media?parent=38309"}],"wp:term":[{"taxonomy":"product_brand","embeddable":true,"href":"https:\/\/original-militaria.com\/en\/wp-json\/wp\/v2\/product_brand?post=38309"},{"taxonomy":"product_cat","embeddable":true,"href":"https:\/\/original-militaria.com\/en\/wp-json\/wp\/v2\/product_cat?post=38309"},{"taxonomy":"product_tag","embeddable":true,"href":"https:\/\/original-militaria.com\/en\/wp-json\/wp\/v2\/product_tag?post=38309"}],"curies":[{"name":"wp","href":"https:\/\/api.w.org\/{rel}","templated":true}]}}