{"id":3823,"date":"2017-09-05T11:23:38","date_gmt":"2017-09-05T11:23:38","guid":{"rendered":"https:\/\/original-militaria.com\/?post_type=product&#038;p=3823"},"modified":"2025-01-26T16:02:08","modified_gmt":"2025-01-26T15:02:08","slug":"ss-totenkopf-para-gorras-1923-1934","status":"publish","type":"product","link":"https:\/\/original-militaria.com\/en\/producto\/ss-totenkopf-para-gorras-1923-1934\/","title":{"rendered":"Calavera Modelo Temprano para Gorras con Visera de Allgemeine SS o Gorras con Visera del 5\u00aa Regimiento de Caballer\u00eda"},"content":{"rendered":"<p><span style=\"font-size: 12pt; font-family: verdana, geneva, sans-serif;\">Preciosa y original calavera para gorras con visera de Allgemeine SS, primer tipo, denominada calavera &#8220;sin mand\u00edbula&#8221; o tipo Danziger. Calavera de metal estampado, es del estilo imperial prusiano. El reverso hueco es una imagen especular del anverso y con sus dos pernos intactos.\u00a0<\/span><\/p>\n<p style=\"text-align: justify;\"><span style=\"font-size: 12pt; font-family: verdana, geneva, sans-serif;\">No hay ninguna asociaci\u00f3n con las unidades Panzer.\u00a0<\/span><span style=\"font-size: medium;\"><span style=\"font-family: Verdana;\"><span style=\"font-size: 12pt; font-family: verdana, geneva, sans-serif;\">No son insignias de cuello, est\u00e1s, son m\u00e1s peque\u00f1as y con tres pernos.<\/span><\/span><\/span><\/p>\n<p><span style=\"font-size: medium;\">\u00a0<\/span><\/p>\n","protected":false},"excerpt":{"rendered":"<p align=\"justify\"><span style=\"font-size: medium;\"><span style=\"font-family: Verdana;\"><strong>ANTECEDENES:<\/strong> El Totenkopf es un concepto relativamente antiguo, es el s\u00edmbolo o la imagen de la calavera sobre tibias cruzadas. Fue usado originalmente como una unidad o s\u00edmbolo de las armas y veh\u00edculos. Durante la Segunda Guerra Mundial la Totenkopf fue utilizada por los unidades Panzer del Heer como un emblema, aunque su uso m\u00e1s conocido es con la SS. <\/span><\/span><\/p>\n<p align=\"justify\"><span style=\"font-size: medium;\"><span style=\"font-family: Verdana;\"><strong>DESCRIPCION:<\/strong> SS totenkopf (1923-1934), calavera de metal estampado,\u00a0es del estilo imperial prusiano. El reverso es hueco, con sus dos pernos intactos. <\/span><span style=\"font-family: Verdana;\"><span style=\"color: #ff0000;\">Este modelo es diferente al primer modelo, ponemos las fotos de las dos para que se vea la diferencia entre ambos, tanto de tama\u00f1o como de imagen<\/span>.\u00a0Estos modelos\u00a0<\/span><span style=\"font-family: Verdana;\">fueron usados como distintivos tambi\u00e9n\u00a0en gorras de tradici\u00f3n en WW2 por el\u00a05 regimiento de Caballer\u00eda\u00a0y todas las unidades de 4 \u00aa Div. Cav. No hay ninguna asociaci\u00f3n con las unidades Panzer. No son insignias cuello, estan son m\u00e1s peque\u00f1as y con tres pernos. <\/span><\/span><\/p>\n<p>&nbsp;<\/p>\n<p align=\"justify\">\n<p><span style=\"font-size: medium;\">\u00a0<\/span><\/p>\n","protected":false},"featured_media":3824,"template":"","meta":[],"product_brand":[],"product_cat":[224],"product_tag":[],"class_list":{"0":"post-3823","1":"product","2":"type-product","3":"status-publish","4":"has-post-thumbnail","6":"product_cat-archivo-vendidos","7":"sales-flash-overlay","8":"woocommerce-text-align-center","9":"woocommerce-image-align-center","10":"do-quantity-buttons","12":"first","13":"outofstock","14":"purchasable","15":"product-type-simple"},"_links":{"self":[{"href":"https:\/\/original-militaria.com\/en\/wp-json\/wp\/v2\/product\/3823","targetHints":{"allow":["GET"]}}],"collection":[{"href":"https:\/\/original-militaria.com\/en\/wp-json\/wp\/v2\/product"}],"about":[{"href":"https:\/\/original-militaria.com\/en\/wp-json\/wp\/v2\/types\/product"}],"wp:featuredmedia":[{"embeddable":true,"href":"https:\/\/original-militaria.com\/en\/wp-json\/wp\/v2\/media\/3824"}],"wp:attachment":[{"href":"https:\/\/original-militaria.com\/en\/wp-json\/wp\/v2\/media?parent=3823"}],"wp:term":[{"taxonomy":"product_brand","embeddable":true,"href":"https:\/\/original-militaria.com\/en\/wp-json\/wp\/v2\/product_brand?post=3823"},{"taxonomy":"product_cat","embeddable":true,"href":"https:\/\/original-militaria.com\/en\/wp-json\/wp\/v2\/product_cat?post=3823"},{"taxonomy":"product_tag","embeddable":true,"href":"https:\/\/original-militaria.com\/en\/wp-json\/wp\/v2\/product_tag?post=3823"}],"curies":[{"name":"wp","href":"https:\/\/api.w.org\/{rel}","templated":true}]}}