{"id":38128,"date":"2017-09-05T11:40:59","date_gmt":"2017-09-05T11:40:59","guid":{"rendered":"https:\/\/original-militaria.com\/producto\/ss-leather-hanger-for-sword\/"},"modified":"2022-03-27T14:42:16","modified_gmt":"2022-03-27T12:42:16","slug":"ss-leather-hanger-for-sword","status":"publish","type":"product","link":"https:\/\/original-militaria.com\/en\/producto\/ss-leather-hanger-for-sword\/","title":{"rendered":"SS Leather Hanger for Sword"},"content":{"rendered":"<p style=\"text-align: justify;\"><span style=\"font-size: 12pt; font-family: verdana, geneva, sans-serif;\">Soft leather strap (S\u00e4belh\u00e4nger in Lacklederausf\u00fchrung) for holding the sword, before 1930 with its buckle, chain and carabiner. Excellent condition.<\/span><\/p>\n","protected":false},"excerpt":{"rendered":"<p>Soft leather strap (S\u00e4belh\u00e4nger in Lacklederausf\u00fchrung) for holding the sword, before 1930 with its buckle, chain and carabiner. Excellent condition.<\/p>\n","protected":false},"featured_media":28239,"template":"","meta":[],"product_brand":[],"product_cat":[271,275],"product_tag":[],"class_list":{"0":"post-38128","1":"product","2":"type-product","3":"status-publish","4":"has-post-thumbnail","6":"product_cat-german-swords-edged-weapons","7":"product_cat-waffen-ss-allgemeine-ss","8":"sales-flash-overlay","9":"woocommerce-text-align-center","10":"woocommerce-image-align-center","11":"do-quantity-buttons","13":"first","14":"instock","15":"purchasable","16":"product-type-simple"},"_links":{"self":[{"href":"https:\/\/original-militaria.com\/en\/wp-json\/wp\/v2\/product\/38128","targetHints":{"allow":["GET"]}}],"collection":[{"href":"https:\/\/original-militaria.com\/en\/wp-json\/wp\/v2\/product"}],"about":[{"href":"https:\/\/original-militaria.com\/en\/wp-json\/wp\/v2\/types\/product"}],"wp:featuredmedia":[{"embeddable":true,"href":"https:\/\/original-militaria.com\/en\/wp-json\/wp\/v2\/media\/28239"}],"wp:attachment":[{"href":"https:\/\/original-militaria.com\/en\/wp-json\/wp\/v2\/media?parent=38128"}],"wp:term":[{"taxonomy":"product_brand","embeddable":true,"href":"https:\/\/original-militaria.com\/en\/wp-json\/wp\/v2\/product_brand?post=38128"},{"taxonomy":"product_cat","embeddable":true,"href":"https:\/\/original-militaria.com\/en\/wp-json\/wp\/v2\/product_cat?post=38128"},{"taxonomy":"product_tag","embeddable":true,"href":"https:\/\/original-militaria.com\/en\/wp-json\/wp\/v2\/product_tag?post=38128"}],"curies":[{"name":"wp","href":"https:\/\/api.w.org\/{rel}","templated":true}]}}