{"id":38118,"date":"2017-09-05T11:59:12","date_gmt":"2017-09-05T09:59:12","guid":{"rendered":"https:\/\/original-militaria.com\/producto\/kriegsmarine-em-ncos-donald-duck-cap-insignia-km\/"},"modified":"2023-12-04T17:43:42","modified_gmt":"2023-12-04T16:43:42","slug":"kriegsmarine-em-ncos-tellermutze-donald-duck-cap-national-insignia","status":"publish","type":"product","link":"https:\/\/original-militaria.com\/en\/producto\/kriegsmarine-em-ncos-tellermutze-donald-duck-cap-national-insignia\/","title":{"rendered":"Kriegsmarine\/ EM\/NCO&#8217;S \u2018Tellerm\u00fctze\u2019 &#8220;Donald Duck&#8221; Cap National Insignia"},"content":{"rendered":"<p style=\"text-align: justify;\"><span style=\"font-size: 12pt; font-family: verdana, geneva, sans-serif;\">Hard to find eagle and cocarde combination for a Kriegsmarine Tellerm\u00fctze (M\u00fctzenadler f\u00fcr die Tellerm\u00fctze Mannschaften). Good looking metal insignia in excellent condition!.\u00a0<\/span><\/p>\n","protected":false},"excerpt":{"rendered":"<p>Hard to find eagle and cocarde combination for a Kriegsmarine Tellerm\u00fctze (M\u00fctzenadler f\u00fcr die Tellerm\u00fctze Mannschaften). Good looking metal insignia in excellent condition!.\u00a0<\/p>\n","protected":false},"featured_media":31250,"template":"","meta":[],"product_brand":[],"product_cat":[244,245],"product_tag":[],"class_list":{"0":"post-38118","1":"product","2":"type-product","3":"status-publish","4":"has-post-thumbnail","6":"product_cat-sold-archive","7":"product_cat-german-militaria-ww2","8":"sales-flash-overlay","9":"woocommerce-text-align-center","10":"woocommerce-image-align-center","11":"do-quantity-buttons","13":"first","14":"outofstock","15":"product-type-simple"},"_links":{"self":[{"href":"https:\/\/original-militaria.com\/en\/wp-json\/wp\/v2\/product\/38118","targetHints":{"allow":["GET"]}}],"collection":[{"href":"https:\/\/original-militaria.com\/en\/wp-json\/wp\/v2\/product"}],"about":[{"href":"https:\/\/original-militaria.com\/en\/wp-json\/wp\/v2\/types\/product"}],"wp:featuredmedia":[{"embeddable":true,"href":"https:\/\/original-militaria.com\/en\/wp-json\/wp\/v2\/media\/31250"}],"wp:attachment":[{"href":"https:\/\/original-militaria.com\/en\/wp-json\/wp\/v2\/media?parent=38118"}],"wp:term":[{"taxonomy":"product_brand","embeddable":true,"href":"https:\/\/original-militaria.com\/en\/wp-json\/wp\/v2\/product_brand?post=38118"},{"taxonomy":"product_cat","embeddable":true,"href":"https:\/\/original-militaria.com\/en\/wp-json\/wp\/v2\/product_cat?post=38118"},{"taxonomy":"product_tag","embeddable":true,"href":"https:\/\/original-militaria.com\/en\/wp-json\/wp\/v2\/product_tag?post=38118"}],"curies":[{"name":"wp","href":"https:\/\/api.w.org\/{rel}","templated":true}]}}