{"id":37973,"date":"2017-09-05T12:16:42","date_gmt":"2017-09-05T10:16:42","guid":{"rendered":"https:\/\/original-militaria.com\/producto\/wehrmacht-sanitary-splint\/"},"modified":"2017-09-05T12:16:42","modified_gmt":"2017-09-05T10:16:42","slug":"wehrmacht-sanitary-splint","status":"publish","type":"product","link":"https:\/\/original-militaria.com\/en\/producto\/wehrmacht-sanitary-splint\/","title":{"rendered":"Wehrmacht\/ Sanitary Splint"},"content":{"rendered":"<p style=\"text-align: justify;\"><span style=\"font-size: 12pt; font-family: verdana, geneva, sans-serif;\">Splint to be worn in the Wehrmacht Medical Officer&#8217;s sanitary bag (Schienen f\u00fcr die Sanit\u00e4ttasche f\u00fcr Offiziere), complete with pad. Very rare to find and more complete.<\/span><\/p>\n","protected":false},"excerpt":{"rendered":"<p>Splint to be worn in the Wehrmacht Medical Officer&#8217;s sanitary bag (Schienen f\u00fcr die Sanit\u00e4ttasche f\u00fcr Offiziere), complete with pad. Very rare to find and more complete.<\/p>\n","protected":false},"featured_media":33472,"template":"","meta":[],"product_brand":[],"product_cat":[261],"product_tag":[],"class_list":{"0":"post-37973","1":"product","2":"type-product","3":"status-publish","4":"has-post-thumbnail","6":"product_cat-german-equipment-ww2","7":"sales-flash-overlay","8":"woocommerce-text-align-center","9":"woocommerce-image-align-center","10":"do-quantity-buttons","12":"first","13":"instock","14":"purchasable","15":"product-type-simple"},"_links":{"self":[{"href":"https:\/\/original-militaria.com\/en\/wp-json\/wp\/v2\/product\/37973","targetHints":{"allow":["GET"]}}],"collection":[{"href":"https:\/\/original-militaria.com\/en\/wp-json\/wp\/v2\/product"}],"about":[{"href":"https:\/\/original-militaria.com\/en\/wp-json\/wp\/v2\/types\/product"}],"wp:featuredmedia":[{"embeddable":true,"href":"https:\/\/original-militaria.com\/en\/wp-json\/wp\/v2\/media\/33472"}],"wp:attachment":[{"href":"https:\/\/original-militaria.com\/en\/wp-json\/wp\/v2\/media?parent=37973"}],"wp:term":[{"taxonomy":"product_brand","embeddable":true,"href":"https:\/\/original-militaria.com\/en\/wp-json\/wp\/v2\/product_brand?post=37973"},{"taxonomy":"product_cat","embeddable":true,"href":"https:\/\/original-militaria.com\/en\/wp-json\/wp\/v2\/product_cat?post=37973"},{"taxonomy":"product_tag","embeddable":true,"href":"https:\/\/original-militaria.com\/en\/wp-json\/wp\/v2\/product_tag?post=37973"}],"curies":[{"name":"wp","href":"https:\/\/api.w.org\/{rel}","templated":true}]}}