{"id":37889,"date":"2017-09-05T12:24:02","date_gmt":"2017-09-05T12:24:02","guid":{"rendered":"https:\/\/original-militaria.com\/producto\/nsdap-engraved-pocket-watch-junghans-with-dedication-reichswerke-hermann-goring\/"},"modified":"2025-04-23T14:34:08","modified_gmt":"2025-04-23T12:34:08","slug":"nsdap-engraved-pocket-watch-junghans-with-dedication-reichswerke-hermann-goring","status":"publish","type":"product","link":"https:\/\/original-militaria.com\/en\/producto\/nsdap-engraved-pocket-watch-junghans-with-dedication-reichswerke-hermann-goring\/","title":{"rendered":"NSDAP\/ Engraved Pocket Watch &#8220;Junghans&#8221; with Dedication &#8220;Reichswerke Hermann G\u00f6ring&#8221;"},"content":{"rendered":"<p style=\"text-align: justify;\"><span style=\"font-size: 12pt; font-family: verdana, geneva, sans-serif;\">Extraordinary and important 50 mm diameter watch in perfect condition and functionality made in rose gold and silver &#8220;900&#8221; (marked) by the German watchmaker &#8220;Junghans&#8221; (Uhrenfabrik Junghans). White watch face with 60-second sub-time indicator, all pointers present, as well as the crown at the top of the watch.<\/span><\/p>\n<p style=\"text-align: justify;\"><span style=\"font-size: 12pt; font-family: verdana, geneva, sans-serif;\">A gift from Reichswerke A.G. Hermann G\u00f6ring Luitpoldh\u00fctte to his friend &#8220;Adam R\u00f6sl&#8221; with whom he used to hunt at the time.<\/span><\/p>\n<p style=\"text-align: justify;\"><span style=\"font-size: 12pt; font-family: verdana, geneva, sans-serif;\">It has great historical value as it is engraved on the cover with a dedication from the Reichswerke &#8220;Hermann G\u00f6ring Linz Luitpoldh\u00fctte&#8221; to his friend &#8220;Gewidmet von Reichswerke AG Hermann G\u00f6ring Luitpoldh\u00fctte &#8211; Adam R\u00f6sl &#8211; In Anerkennung f\u00fcr 25j\u00e4hrige treue Dienstzeit 1939&#8221;, (Dedicated by Reichswerke AG Hermann G\u00f6ring Luitpoldh\u00fctte &#8211; Adam R\u00f6sl &#8211; In recognition of 25 years of loyal service in 1939).<\/span><\/p>\n<p style=\"text-align: justify;\"><span style=\"font-size: 12pt; font-family: verdana, geneva, sans-serif;\">On the outside, on the protective cover of the machinery, you can see the Luitpoldh\u00fctte coat of arms in Amberg\/Bavaria, while on the back we can see the logo of this watchmaker. The watch is immaculate and working perfectly.<\/span><\/p>\n","protected":false},"excerpt":{"rendered":"<p>Extraordinary and important 50 mm diameter watch in perfect condition and functionality made in rose gold and silver &#8220;900&#8221; (marked) by the German watchmaker &#8220;Junghans&#8221; (Uhrenfabrik Junghans). White watch face with 60-second sub-time indicator, all pointers present, as well as the crown at the top of the watch. A gift from Reichswerke A.G. Hermann G\u00f6ring &#8230; <a title=\"NSDAP\/ Engraved Pocket Watch &#8220;Junghans&#8221; with Dedication &#8220;Reichswerke Hermann G\u00f6ring&#8221;\" class=\"read-more\" href=\"https:\/\/original-militaria.com\/en\/producto\/nsdap-engraved-pocket-watch-junghans-with-dedication-reichswerke-hermann-goring\/\" aria-label=\"Read more about NSDAP\/ Engraved Pocket Watch &#8220;Junghans&#8221; with Dedication &#8220;Reichswerke Hermann G\u00f6ring&#8221;\">Leer m\u00e1s<\/a><\/p>\n","protected":false},"featured_media":34441,"template":"","meta":[],"product_brand":[],"product_cat":[244,245],"product_tag":[],"class_list":{"0":"post-37889","1":"product","2":"type-product","3":"status-publish","4":"has-post-thumbnail","6":"product_cat-sold-archive","7":"product_cat-german-militaria-ww2","8":"sales-flash-overlay","9":"woocommerce-text-align-center","10":"woocommerce-image-align-center","11":"do-quantity-buttons","13":"first","14":"outofstock","15":"product-type-simple"},"_links":{"self":[{"href":"https:\/\/original-militaria.com\/en\/wp-json\/wp\/v2\/product\/37889","targetHints":{"allow":["GET"]}}],"collection":[{"href":"https:\/\/original-militaria.com\/en\/wp-json\/wp\/v2\/product"}],"about":[{"href":"https:\/\/original-militaria.com\/en\/wp-json\/wp\/v2\/types\/product"}],"wp:featuredmedia":[{"embeddable":true,"href":"https:\/\/original-militaria.com\/en\/wp-json\/wp\/v2\/media\/34441"}],"wp:attachment":[{"href":"https:\/\/original-militaria.com\/en\/wp-json\/wp\/v2\/media?parent=37889"}],"wp:term":[{"taxonomy":"product_brand","embeddable":true,"href":"https:\/\/original-militaria.com\/en\/wp-json\/wp\/v2\/product_brand?post=37889"},{"taxonomy":"product_cat","embeddable":true,"href":"https:\/\/original-militaria.com\/en\/wp-json\/wp\/v2\/product_cat?post=37889"},{"taxonomy":"product_tag","embeddable":true,"href":"https:\/\/original-militaria.com\/en\/wp-json\/wp\/v2\/product_tag?post=37889"}],"curies":[{"name":"wp","href":"https:\/\/api.w.org\/{rel}","templated":true}]}}