{"id":37873,"date":"2017-09-05T11:49:15","date_gmt":"2017-09-05T09:49:15","guid":{"rendered":"https:\/\/original-militaria.com\/producto\/prussian-visor-cap-for-field-artillery\/"},"modified":"2024-03-02T20:36:31","modified_gmt":"2024-03-02T19:36:31","slug":"prussian-visor-cap-for-field-artillery","status":"publish","type":"product","link":"https:\/\/original-militaria.com\/en\/producto\/prussian-visor-cap-for-field-artillery\/","title":{"rendered":"Prussian Visor Cap for Field Artillery"},"content":{"rendered":"<p style=\"text-align: justify;\"><span style=\"font-family: verdana, geneva, sans-serif; font-size: 12pt;\">Elegant Prussian visor cap for Officers of the Field Artillery, Transport and Air Corps (Preu\u00dfen Schirmm\u00fctze f\u00fcr Offiziere der Feldartillerie), circa 1910, wears German Empire and Prussian Officer&#8217;s badges is in exceptional condition, size 59, wears the manufacture of the headgear and etiquette of the artillery regiment where he served. Like new and very rare.<\/span><\/p>\n","protected":false},"excerpt":{"rendered":"<p>Elegant Prussian visor cap for Officers of the Field Artillery, Transport and Air Corps (Preu\u00dfen Schirmm\u00fctze f\u00fcr Offiziere der Feldartillerie), circa 1910, wears German Empire and Prussian Officer&#8217;s badges is in exceptional condition, size 59, wears the manufacture of the headgear and etiquette of the artillery regiment where he served. Like new and very rare.<\/p>\n","protected":false},"featured_media":29637,"template":"","meta":[],"product_brand":[],"product_cat":[244],"product_tag":[],"class_list":{"0":"post-37873","1":"product","2":"type-product","3":"status-publish","4":"has-post-thumbnail","6":"product_cat-sold-archive","7":"sales-flash-overlay","8":"woocommerce-text-align-center","9":"woocommerce-image-align-center","10":"do-quantity-buttons","12":"first","13":"outofstock","14":"product-type-simple"},"_links":{"self":[{"href":"https:\/\/original-militaria.com\/en\/wp-json\/wp\/v2\/product\/37873","targetHints":{"allow":["GET"]}}],"collection":[{"href":"https:\/\/original-militaria.com\/en\/wp-json\/wp\/v2\/product"}],"about":[{"href":"https:\/\/original-militaria.com\/en\/wp-json\/wp\/v2\/types\/product"}],"wp:featuredmedia":[{"embeddable":true,"href":"https:\/\/original-militaria.com\/en\/wp-json\/wp\/v2\/media\/29637"}],"wp:attachment":[{"href":"https:\/\/original-militaria.com\/en\/wp-json\/wp\/v2\/media?parent=37873"}],"wp:term":[{"taxonomy":"product_brand","embeddable":true,"href":"https:\/\/original-militaria.com\/en\/wp-json\/wp\/v2\/product_brand?post=37873"},{"taxonomy":"product_cat","embeddable":true,"href":"https:\/\/original-militaria.com\/en\/wp-json\/wp\/v2\/product_cat?post=37873"},{"taxonomy":"product_tag","embeddable":true,"href":"https:\/\/original-militaria.com\/en\/wp-json\/wp\/v2\/product_tag?post=37873"}],"curies":[{"name":"wp","href":"https:\/\/api.w.org\/{rel}","templated":true}]}}