{"id":37859,"date":"2018-05-31T09:31:11","date_gmt":"2018-05-31T09:31:11","guid":{"rendered":"https:\/\/original-militaria.com\/producto\/prussia-artillery-rgt-33-leutnants-shoulder-boards-2\/"},"modified":"2018-05-31T09:31:11","modified_gmt":"2018-05-31T07:31:11","slug":"prussia-artillery-rgt-33-leutnants-shoulder-boards-2","status":"publish","type":"product","link":"https:\/\/original-militaria.com\/en\/producto\/prussia-artillery-rgt-33-leutnants-shoulder-boards-2\/","title":{"rendered":"Prussia, Artillery Rgt.33 Leutnant,s Shoulder Boards"},"content":{"rendered":"<p style=\"text-align: justify;\"><span style=\"font-size: 12pt; font-family: verdana, geneva, sans-serif;\">Pair of Prussian shoulder boards in feldgrau for a lieutenant of the Field Artillery Regiment No. 33 from Metz, Lorraine (Preu\u00dfen en Paar Schulterst\u00fccke feldgrau f\u00fcr einen Leutnant im Feldartillerie-Regiment Nr. 33), around 1915. <\/span><\/p>\n","protected":false},"excerpt":{"rendered":"<p>Pair of Prussian shoulder boards in feldgrau for a lieutenant of the Field Artillery Regiment No. 33 from Metz, Lorraine (Preu\u00dfen en Paar Schulterst\u00fccke feldgrau f\u00fcr einen Leutnant im Feldartillerie-Regiment Nr. 33), around 1915.<\/p>\n","protected":false},"featured_media":35142,"template":"","meta":[],"product_brand":[],"product_cat":[254],"product_tag":[],"class_list":{"0":"post-37859","1":"product","2":"type-product","3":"status-publish","4":"has-post-thumbnail","6":"product_cat-german-militaria-ww1","7":"sales-flash-overlay","8":"woocommerce-text-align-center","9":"woocommerce-image-align-center","10":"do-quantity-buttons","12":"first","13":"instock","14":"shipping-taxable","15":"purchasable","16":"product-type-simple"},"_links":{"self":[{"href":"https:\/\/original-militaria.com\/en\/wp-json\/wp\/v2\/product\/37859","targetHints":{"allow":["GET"]}}],"collection":[{"href":"https:\/\/original-militaria.com\/en\/wp-json\/wp\/v2\/product"}],"about":[{"href":"https:\/\/original-militaria.com\/en\/wp-json\/wp\/v2\/types\/product"}],"wp:featuredmedia":[{"embeddable":true,"href":"https:\/\/original-militaria.com\/en\/wp-json\/wp\/v2\/media\/35142"}],"wp:attachment":[{"href":"https:\/\/original-militaria.com\/en\/wp-json\/wp\/v2\/media?parent=37859"}],"wp:term":[{"taxonomy":"product_brand","embeddable":true,"href":"https:\/\/original-militaria.com\/en\/wp-json\/wp\/v2\/product_brand?post=37859"},{"taxonomy":"product_cat","embeddable":true,"href":"https:\/\/original-militaria.com\/en\/wp-json\/wp\/v2\/product_cat?post=37859"},{"taxonomy":"product_tag","embeddable":true,"href":"https:\/\/original-militaria.com\/en\/wp-json\/wp\/v2\/product_tag?post=37859"}],"curies":[{"name":"wp","href":"https:\/\/api.w.org\/{rel}","templated":true}]}}