{"id":37858,"date":"2018-05-31T16:00:02","date_gmt":"2018-05-31T14:00:02","guid":{"rendered":"https:\/\/original-militaria.com\/producto\/prussia-artillery-rgt-33-leutnants-shoulder-boards\/"},"modified":"2018-05-31T16:00:02","modified_gmt":"2018-05-31T14:00:02","slug":"prussia-artillery-rgt-33-leutnants-shoulder-boards","status":"publish","type":"product","link":"https:\/\/original-militaria.com\/en\/producto\/prussia-artillery-rgt-33-leutnants-shoulder-boards\/","title":{"rendered":"Prussia, Artillery Rgt.33 Leutnant\u00b4s Shoulder Boards"},"content":{"rendered":"<p style=\"text-align: justify;\"><span style=\"font-size: 12pt; font-family: verdana, geneva, sans-serif;\">Excellent pair of Prussian detachable feldgrau shoulder boards for a lieutenant of the Field Artillery Regiment No. 33 of Metz, Lorraine (Preu\u00dfen, Schulterst\u00fccke f\u00fcr einen Leutnant im Feldartillerie-Regiment Nr. 33), around 1916. Rare, and in very good condition.<\/span><\/p>\n","protected":false},"excerpt":{"rendered":"<p>Excellent pair of Prussian detachable feldgrau shoulder boards for a lieutenant of the Field Artillery Regiment No. 33 of Metz, Lorraine (Preu\u00dfen, Schulterst\u00fccke f\u00fcr einen Leutnant im Feldartillerie-Regiment Nr. 33), around 1916. Rare, and in very good condition.<\/p>\n","protected":false},"featured_media":35175,"template":"","meta":[],"product_brand":[],"product_cat":[254],"product_tag":[],"class_list":{"0":"post-37858","1":"product","2":"type-product","3":"status-publish","4":"has-post-thumbnail","6":"product_cat-german-militaria-ww1","7":"sales-flash-overlay","8":"woocommerce-text-align-center","9":"woocommerce-image-align-center","10":"do-quantity-buttons","12":"first","13":"instock","14":"shipping-taxable","15":"purchasable","16":"product-type-simple"},"_links":{"self":[{"href":"https:\/\/original-militaria.com\/en\/wp-json\/wp\/v2\/product\/37858","targetHints":{"allow":["GET"]}}],"collection":[{"href":"https:\/\/original-militaria.com\/en\/wp-json\/wp\/v2\/product"}],"about":[{"href":"https:\/\/original-militaria.com\/en\/wp-json\/wp\/v2\/types\/product"}],"wp:featuredmedia":[{"embeddable":true,"href":"https:\/\/original-militaria.com\/en\/wp-json\/wp\/v2\/media\/35175"}],"wp:attachment":[{"href":"https:\/\/original-militaria.com\/en\/wp-json\/wp\/v2\/media?parent=37858"}],"wp:term":[{"taxonomy":"product_brand","embeddable":true,"href":"https:\/\/original-militaria.com\/en\/wp-json\/wp\/v2\/product_brand?post=37858"},{"taxonomy":"product_cat","embeddable":true,"href":"https:\/\/original-militaria.com\/en\/wp-json\/wp\/v2\/product_cat?post=37858"},{"taxonomy":"product_tag","embeddable":true,"href":"https:\/\/original-militaria.com\/en\/wp-json\/wp\/v2\/product_tag?post=37858"}],"curies":[{"name":"wp","href":"https:\/\/api.w.org\/{rel}","templated":true}]}}