{"id":37746,"date":"2017-09-05T11:52:27","date_gmt":"2017-09-05T09:52:27","guid":{"rendered":"https:\/\/original-militaria.com\/producto\/wehrmacht-leather-hanger-for-holding-the-officers-sword-m1930\/"},"modified":"2022-03-27T14:31:23","modified_gmt":"2022-03-27T12:31:23","slug":"wehrmacht-leather-hanger-for-holding-the-officers-sword-m1930","status":"publish","type":"product","link":"https:\/\/original-militaria.com\/en\/producto\/wehrmacht-leather-hanger-for-holding-the-officers-sword-m1930\/","title":{"rendered":"Wehrmacht\/ Leather Hanger for holding the officer&#8217;s sword, M1930"},"content":{"rendered":"<p><span style=\"font-size: 12pt; font-family: verdana, geneva, sans-serif;\">Officer&#8217;s Shoulder Bag (Unterschnallgeh\u00e4nge mit Lederh\u00e4nger f\u00fcr den Heeres- Offizierss\u00e4bel bzw. Offiziersdolch) to carry a sword or dagger without wearing a belt, 1930 model made of white canvas with grained leather finishes that are still very flexible and metallic steel pieces. It is in perfect condition.<\/span><\/p>\n","protected":false},"excerpt":{"rendered":"<p>Officer&#8217;s Shoulder Bag (Unterschnallgeh\u00e4nge mit Lederh\u00e4nger f\u00fcr den Heeres- Offizierss\u00e4bel bzw. Offiziersdolch) to carry a sword or dagger without wearing a belt, 1930 model made of white canvas with grained leather finishes that are still very flexible and metallic steel pieces. It is in perfect condition.<\/p>\n","protected":false},"featured_media":30125,"template":"","meta":[],"product_brand":[],"product_cat":[271,272],"product_tag":[],"class_list":{"0":"post-37746","1":"product","2":"type-product","3":"status-publish","4":"has-post-thumbnail","6":"product_cat-german-swords-edged-weapons","7":"product_cat-german-uniform-accessories-boots","8":"sales-flash-overlay","9":"woocommerce-text-align-center","10":"woocommerce-image-align-center","11":"do-quantity-buttons","13":"first","14":"instock","15":"purchasable","16":"product-type-simple"},"_links":{"self":[{"href":"https:\/\/original-militaria.com\/en\/wp-json\/wp\/v2\/product\/37746","targetHints":{"allow":["GET"]}}],"collection":[{"href":"https:\/\/original-militaria.com\/en\/wp-json\/wp\/v2\/product"}],"about":[{"href":"https:\/\/original-militaria.com\/en\/wp-json\/wp\/v2\/types\/product"}],"wp:featuredmedia":[{"embeddable":true,"href":"https:\/\/original-militaria.com\/en\/wp-json\/wp\/v2\/media\/30125"}],"wp:attachment":[{"href":"https:\/\/original-militaria.com\/en\/wp-json\/wp\/v2\/media?parent=37746"}],"wp:term":[{"taxonomy":"product_brand","embeddable":true,"href":"https:\/\/original-militaria.com\/en\/wp-json\/wp\/v2\/product_brand?post=37746"},{"taxonomy":"product_cat","embeddable":true,"href":"https:\/\/original-militaria.com\/en\/wp-json\/wp\/v2\/product_cat?post=37746"},{"taxonomy":"product_tag","embeddable":true,"href":"https:\/\/original-militaria.com\/en\/wp-json\/wp\/v2\/product_tag?post=37746"}],"curies":[{"name":"wp","href":"https:\/\/api.w.org\/{rel}","templated":true}]}}