{"id":37705,"date":"2018-05-27T11:33:32","date_gmt":"2018-05-27T09:33:32","guid":{"rendered":"https:\/\/original-militaria.com\/producto\/wh-heer-medical-officer-field-blouse-south-front\/"},"modified":"2023-05-21T15:24:26","modified_gmt":"2023-05-21T13:24:26","slug":"wh-heer-medical-officer-field-blouse-south-front","status":"publish","type":"product","link":"https:\/\/original-militaria.com\/en\/producto\/wh-heer-medical-officer-field-blouse-south-front\/","title":{"rendered":"WH\/Heer, Medical Officer Field blouse, South Front"},"content":{"rendered":"<p style=\"text-align: justify;\"><span style=\"font-size: 12pt; font-family: verdana, geneva, sans-serif;\">Field Blouse (Feldbluse in Sommerausf\u00fchrung f\u00fcr einen Oberarzt der Sanit\u00e4tstruppe) en algod\u00f3n ligero color verde para un primer teniente m\u00e9dico adjunto (Oberarzt) de la WH\/Heer, frente sur. Tiene cuatro bolsillos, 2 con fuelle y solapa y los dos inferiores con fuelle y lisos, en el frontal 6 botones color gris campo (todos marcados), \u00e1guila (Hoheitsabzeichen) en bevo cosida a m\u00e1quina de origen, bocamangas francesas. Las hombreras (Schulterst\u00fccke) cosidas, con una serpiente entrelazada en un pentagrama, y los parches de cuello de Oficial (Kragenspiegel) en color azul aciano del arma. En el bolsillo izquierdo del pecho tiene diferentes lazos para medallas, entre ellas la EK 1 1039. En el interior forro parcial de seda sint\u00e9tica. Muy buen estado y con todo cosido de origen. <\/span><\/p>\n","protected":false},"excerpt":{"rendered":"<p>Field Blouse (Feldbluse in Sommerausf\u00fchrung f\u00fcr einen Oberarzt der Sanit\u00e4tstruppe) en algod\u00f3n ligero color verde para un primer teniente m\u00e9dico adjunto (Oberarzt) de la WH\/Heer, frente sur. Tiene cuatro bolsillos, 2 con fuelle y solapa y los dos inferiores con fuelle y lisos, en el frontal 6 botones color gris campo (todos marcados), \u00e1guila (Hoheitsabzeichen) &#8230; <a title=\"WH\/Heer, Medical Officer Field blouse, South Front\" class=\"read-more\" href=\"https:\/\/original-militaria.com\/en\/producto\/wh-heer-medical-officer-field-blouse-south-front\/\" aria-label=\"Read more about WH\/Heer, Medical Officer Field blouse, South Front\">Leer m\u00e1s<\/a><\/p>\n","protected":false},"featured_media":36730,"template":"","meta":[],"product_brand":[],"product_cat":[244,245],"product_tag":[],"class_list":{"0":"post-37705","1":"product","2":"type-product","3":"status-publish","4":"has-post-thumbnail","6":"product_cat-sold-archive","7":"product_cat-german-militaria-ww2","8":"sales-flash-overlay","9":"woocommerce-text-align-center","10":"woocommerce-image-align-center","11":"do-quantity-buttons","13":"first","14":"outofstock","15":"shipping-taxable","16":"product-type-simple"},"_links":{"self":[{"href":"https:\/\/original-militaria.com\/en\/wp-json\/wp\/v2\/product\/37705","targetHints":{"allow":["GET"]}}],"collection":[{"href":"https:\/\/original-militaria.com\/en\/wp-json\/wp\/v2\/product"}],"about":[{"href":"https:\/\/original-militaria.com\/en\/wp-json\/wp\/v2\/types\/product"}],"wp:featuredmedia":[{"embeddable":true,"href":"https:\/\/original-militaria.com\/en\/wp-json\/wp\/v2\/media\/36730"}],"wp:attachment":[{"href":"https:\/\/original-militaria.com\/en\/wp-json\/wp\/v2\/media?parent=37705"}],"wp:term":[{"taxonomy":"product_brand","embeddable":true,"href":"https:\/\/original-militaria.com\/en\/wp-json\/wp\/v2\/product_brand?post=37705"},{"taxonomy":"product_cat","embeddable":true,"href":"https:\/\/original-militaria.com\/en\/wp-json\/wp\/v2\/product_cat?post=37705"},{"taxonomy":"product_tag","embeddable":true,"href":"https:\/\/original-militaria.com\/en\/wp-json\/wp\/v2\/product_tag?post=37705"}],"curies":[{"name":"wp","href":"https:\/\/api.w.org\/{rel}","templated":true}]}}