{"id":37700,"date":"2020-05-10T16:56:14","date_gmt":"2020-05-10T16:56:14","guid":{"rendered":"https:\/\/original-militaria.com\/producto\/wehrmacht-afrikakorps-rubberized-of-tropical-gas-protection-trousers-aqd-very-rare-mint\/"},"modified":"2022-11-20T22:05:03","modified_gmt":"2022-11-20T21:05:03","slug":"wehrmacht-afrikakorps-rubberized-of-tropical-gas-protection-trousers-aqd-very-rare-mint","status":"publish","type":"product","link":"https:\/\/original-militaria.com\/en\/producto\/wehrmacht-afrikakorps-rubberized-of-tropical-gas-protection-trousers-aqd-very-rare-mint\/","title":{"rendered":"Wehrmacht\/Afrikakorps, Rubberized of Tropical Gas Protection Trousers &#8220;aqd&#8221;, Very Rare, Mint"},"content":{"rendered":"<p style=\"text-align: justify;\"><span style=\"font-size: 12pt; font-family: verdana, geneva, sans-serif;\">Extremely rare orange rubber pants for gas protection (Wehrmacht Gasschutzhose) of Afrikakorps elements, complete in great size and excellent condition, 100% flexible rubber, all original straps in place, no repairs or tears , numbered and marked &#8220;aqd&#8221;, indicating production by &#8220;Radium-Gummiwerke gmbH, K\u00f6ln-Dellbr\u00fcck&#8221; (Rubber Products Factory in Dellbr\u00fcck, established in 1904).<\/span><\/p>\n<p style=\"text-align: justify;\"><span style=\"font-size: 12pt; font-family: verdana, geneva, sans-serif;\">Note.- Sometimes the M39 feldgrau or even some Sumpftarnmuster camouflage is found, but the tropical ones are the rarest to see, and also complete with their ribbons, buttons, etc,<\/span><\/p>\n","protected":false},"excerpt":{"rendered":"<p>Extremely rare orange rubber pants for gas protection (Wehrmacht Gasschutzhose) of Afrikakorps elements, complete in great size and excellent condition, 100% flexible rubber, all original straps in place, no repairs or tears , numbered and marked &#8220;aqd&#8221;, indicating production by &#8220;Radium-Gummiwerke gmbH, K\u00f6ln-Dellbr\u00fcck&#8221; (Rubber Products Factory in Dellbr\u00fcck, established in 1904). Note.- Sometimes the M39 &#8230; <a title=\"Wehrmacht\/Afrikakorps, Rubberized of Tropical Gas Protection Trousers &#8220;aqd&#8221;, Very Rare, Mint\" class=\"read-more\" href=\"https:\/\/original-militaria.com\/en\/producto\/wehrmacht-afrikakorps-rubberized-of-tropical-gas-protection-trousers-aqd-very-rare-mint\/\" aria-label=\"Read more about Wehrmacht\/Afrikakorps, Rubberized of Tropical Gas Protection Trousers &#8220;aqd&#8221;, Very Rare, Mint\">Leer m\u00e1s<\/a><\/p>\n","protected":false},"featured_media":36718,"template":"","meta":[],"product_brand":[],"product_cat":[261,245,273],"product_tag":[],"class_list":{"0":"post-37700","1":"product","2":"type-product","3":"status-publish","4":"has-post-thumbnail","6":"product_cat-german-equipment-ww2","7":"product_cat-german-militaria-ww2","8":"product_cat-german-uniforms-coats","9":"sales-flash-overlay","10":"woocommerce-text-align-center","11":"woocommerce-image-align-center","12":"do-quantity-buttons","14":"first","15":"instock","16":"shipping-taxable","17":"purchasable","18":"product-type-simple"},"_links":{"self":[{"href":"https:\/\/original-militaria.com\/en\/wp-json\/wp\/v2\/product\/37700","targetHints":{"allow":["GET"]}}],"collection":[{"href":"https:\/\/original-militaria.com\/en\/wp-json\/wp\/v2\/product"}],"about":[{"href":"https:\/\/original-militaria.com\/en\/wp-json\/wp\/v2\/types\/product"}],"wp:featuredmedia":[{"embeddable":true,"href":"https:\/\/original-militaria.com\/en\/wp-json\/wp\/v2\/media\/36718"}],"wp:attachment":[{"href":"https:\/\/original-militaria.com\/en\/wp-json\/wp\/v2\/media?parent=37700"}],"wp:term":[{"taxonomy":"product_brand","embeddable":true,"href":"https:\/\/original-militaria.com\/en\/wp-json\/wp\/v2\/product_brand?post=37700"},{"taxonomy":"product_cat","embeddable":true,"href":"https:\/\/original-militaria.com\/en\/wp-json\/wp\/v2\/product_cat?post=37700"},{"taxonomy":"product_tag","embeddable":true,"href":"https:\/\/original-militaria.com\/en\/wp-json\/wp\/v2\/product_tag?post=37700"}],"curies":[{"name":"wp","href":"https:\/\/api.w.org\/{rel}","templated":true}]}}