{"id":37590,"date":"2017-09-05T12:06:30","date_gmt":"2017-09-05T12:06:30","guid":{"rendered":"https:\/\/original-militaria.com\/producto\/division-azul-botella-de-vino-del-general-munoz-grandes\/"},"modified":"2025-07-17T11:18:56","modified_gmt":"2025-07-17T09:18:56","slug":"blue-division-general-munoz-grandes-wine-bottle","status":"publish","type":"product","link":"https:\/\/original-militaria.com\/en\/producto\/blue-division-general-munoz-grandes-wine-bottle\/","title":{"rendered":"Blue Division \/ General Mu\u00f1oz Grandes Wine Bottle"},"content":{"rendered":"<p style=\"text-align: justify;\"><span style=\"font-size: 12pt; font-family: verdana, geneva, sans-serif;\">Very rare bottle of wine bottled especially as a gift to celebrate the Blue Division with a label with the Pledge of Allegiance on August 1, 1941 and the effigy of the General of the Infantry and Commander-in-Chief of the Division of Spanish Volunteers or Blue Division (&#8220;Blaue Division), D. Agust\u00edn Mu\u00f1oz Grandes.<\/span><\/p>\n","protected":false},"excerpt":{"rendered":"<p style=\"text-align: justify;\"><strong><span style=\"font-size: medium;\"><span style=\"font-family: Verdana;\">DESCRIPCION:<\/span><\/span><\/strong><span style=\"font-size: medium;\"><span style=\"font-family: Verdana;\"> Rar\u00edsima botella de vino <\/span><\/span><span style=\"font-size: medium;\"><span style=\"font-family: Verdana;\">embotellada especialmente como regalo para\u00a0exaltar a la Divisi\u00f3n Azul con etiqueta con el Juramento a la Bandera el 1 de agosto de 1941 y la efigie del General de Infanter\u00eda y Comandante en Jefe de la Divisi\u00f3n de Voluntarios\u00a0Espa\u00f1oles o Divisi\u00f3n Azul\u00a0(&#8220;Blaue Divisi\u00f3n), D.\u00a0Agust\u00edn Mu\u00f1oz grandes.<\/span><\/span><\/p>\n","protected":false},"featured_media":32381,"template":"","meta":[],"product_brand":[],"product_cat":[244,252,253],"product_tag":[],"class_list":{"0":"post-37590","1":"product","2":"type-product","3":"status-publish","4":"has-post-thumbnail","6":"product_cat-sold-archive","7":"product_cat-blue-division","8":"product_cat-miscellany-miscelanea-en-2","9":"sales-flash-overlay","10":"woocommerce-text-align-center","11":"woocommerce-image-align-center","12":"do-quantity-buttons","14":"first","15":"outofstock","16":"product-type-simple"},"_links":{"self":[{"href":"https:\/\/original-militaria.com\/en\/wp-json\/wp\/v2\/product\/37590","targetHints":{"allow":["GET"]}}],"collection":[{"href":"https:\/\/original-militaria.com\/en\/wp-json\/wp\/v2\/product"}],"about":[{"href":"https:\/\/original-militaria.com\/en\/wp-json\/wp\/v2\/types\/product"}],"wp:featuredmedia":[{"embeddable":true,"href":"https:\/\/original-militaria.com\/en\/wp-json\/wp\/v2\/media\/32381"}],"wp:attachment":[{"href":"https:\/\/original-militaria.com\/en\/wp-json\/wp\/v2\/media?parent=37590"}],"wp:term":[{"taxonomy":"product_brand","embeddable":true,"href":"https:\/\/original-militaria.com\/en\/wp-json\/wp\/v2\/product_brand?post=37590"},{"taxonomy":"product_cat","embeddable":true,"href":"https:\/\/original-militaria.com\/en\/wp-json\/wp\/v2\/product_cat?post=37590"},{"taxonomy":"product_tag","embeddable":true,"href":"https:\/\/original-militaria.com\/en\/wp-json\/wp\/v2\/product_tag?post=37590"}],"curies":[{"name":"wp","href":"https:\/\/api.w.org\/{rel}","templated":true}]}}