{"id":37580,"date":"2017-09-05T11:20:01","date_gmt":"2022-01-08T11:37:46","guid":{"rendered":"https:\/\/original-militaria.com\/?post_type=product&#038;p=37580"},"modified":"2022-03-27T15:20:54","modified_gmt":"2022-03-27T13:20:54","slug":"siglo-xix-figura-de-bronce-de-un-husar","status":"publish","type":"product","link":"https:\/\/original-militaria.com\/en\/producto\/siglo-xix-figura-de-bronce-de-un-husar\/","title":{"rendered":"Siglo XIX, Figura de Bronce de un H\u00fasar"},"content":{"rendered":"<p align=\"justify\"><span style=\"font-size: medium;\"><span style=\"font-family: Verdana;\"><strong>DESCRIPCION:<\/strong>\u00a0Excelente figura de bronce del siglo XIX sobre peana de bronce y marmol, pintada en su \u00e9poca, de gran calidad, todav\u00eda tiene restos de pintura, sobre todo en la cara, est\u00e1 espectacularmente terminada con todos los detalles, padece un H\u00fasar\u00a0franc\u00e9s, pero es dif\u00edcil de precisar. Mide 19 cm de altura. Excelente estado de conservaci\u00f3n para los a\u00f1os que tiene. Una gran pieza de colecci\u00f3n.<br \/>\n<\/span><\/span><\/p>\n<p align=\"justify\"><span style=\"font-size: medium;\"><span style=\"font-family: Verdana;\">\u00a0<\/span><\/span><\/p>\n<p><span style=\"font-size: medium;\">\u00a0<\/span><\/p>\n","protected":false},"excerpt":{"rendered":"<p align=\"justify\"><span style=\"font-size: medium;\"><span style=\"font-family: Verdana;\"><strong>DESCRIPCION:<\/strong>\u00a0Excelente figura de bronce del siglo XIX sobre peana de bronce y marmol, pintada en su \u00e9poca, de gran calidad, todav\u00eda tiene restos de pintura, sobre todo en la cara, est\u00e1 espectacularmente terminada con todos los detalles, padece un H\u00fasar\u00a0franc\u00e9s, pero es dif\u00edcil de precisar. Mide 19 cm de altura. Excelente estado de conservaci\u00f3n para los a\u00f1os que tiene. Una gran pieza de colecci\u00f3n. <\/span><\/span><\/p>\n<p align=\"justify\"><span style=\"font-size: medium;\"><span style=\"font-family: Verdana;\">\u00a0<\/span><\/span><\/p>\n<p><span style=\"font-size: medium;\">\u00a0<\/span><\/p>\n","protected":false},"featured_media":24588,"template":"","meta":[],"product_brand":[],"product_cat":[244],"product_tag":[],"class_list":{"0":"post-37580","1":"product","2":"type-product","3":"status-publish","4":"has-post-thumbnail","6":"product_cat-sold-archive","7":"sales-flash-overlay","8":"woocommerce-text-align-center","9":"woocommerce-image-align-center","10":"do-quantity-buttons","12":"first","13":"outofstock","14":"purchasable","15":"product-type-simple"},"_links":{"self":[{"href":"https:\/\/original-militaria.com\/en\/wp-json\/wp\/v2\/product\/37580","targetHints":{"allow":["GET"]}}],"collection":[{"href":"https:\/\/original-militaria.com\/en\/wp-json\/wp\/v2\/product"}],"about":[{"href":"https:\/\/original-militaria.com\/en\/wp-json\/wp\/v2\/types\/product"}],"wp:featuredmedia":[{"embeddable":true,"href":"https:\/\/original-militaria.com\/en\/wp-json\/wp\/v2\/media\/24588"}],"wp:attachment":[{"href":"https:\/\/original-militaria.com\/en\/wp-json\/wp\/v2\/media?parent=37580"}],"wp:term":[{"taxonomy":"product_brand","embeddable":true,"href":"https:\/\/original-militaria.com\/en\/wp-json\/wp\/v2\/product_brand?post=37580"},{"taxonomy":"product_cat","embeddable":true,"href":"https:\/\/original-militaria.com\/en\/wp-json\/wp\/v2\/product_cat?post=37580"},{"taxonomy":"product_tag","embeddable":true,"href":"https:\/\/original-militaria.com\/en\/wp-json\/wp\/v2\/product_tag?post=37580"}],"curies":[{"name":"wp","href":"https:\/\/api.w.org\/{rel}","templated":true}]}}